{"id":32926,"date":"2026-02-27T00:19:16","date_gmt":"2026-02-27T00:19:16","guid":{"rendered":"https:\/\/nordicmart.andreevmaster.com\/product\/songmics-pyykkikori-irrotettavalla-pyykkipussilla\/"},"modified":"2026-02-27T09:40:35","modified_gmt":"2026-02-27T09:40:35","slug":"songmics-pyykkikori-irrotettavalla-pyykkipussilla","status":"publish","type":"product","link":"https:\/\/nordicmart.andreevmaster.com\/fi\/tuote\/songmics-pyykkikori-irrotettavalla-pyykkipussilla\/","title":{"rendered":"SONGMICS pyykkikori irrotettavalla pyykkipussilla"},"content":{"rendered":"<p>Tyylik\u00e4s lis\u00e4 kotiisi: vieh\u00e4tt\u00e4v\u00e4 pyykkikori on valmistettu bambusuikaleista ja tuo luonnollista l\u00e4mp\u00f6\u00e4 kotiisi \u2013 sijoititpa sen sitten makuuhuoneeseen tai kylpyhuoneeseen. T\u00e4m\u00e4n j\u00e4rjestelij\u00e4n avulla voit piilottaa p\u00e4ivitt\u00e4isen pyykkikaaoksen irrotettavan kannen alle ja luoda j\u00e4rjestyst\u00e4 kotiisi. Lis\u00e4ksi t\u00e4m\u00e4 laatikko sopii lasten lelujen s\u00e4ilytykseen. XXL-s\u00e4ilytys: Suuren 100 litran tilavuuden ansiosta voit s\u00e4ilytt\u00e4\u00e4 kaikki pyykit, vuodevaatteet jne. t\u00e4ss\u00e4 korissa, jolloin pyykit eiv\u00e4t en\u00e4\u00e4 loju ymp\u00e4ri huonetta. Irrotettava puuvillainen pyykkipussi: Pyykkiastia on varustettu hengitt\u00e4v\u00e4ll\u00e4 ja pest\u00e4v\u00e4ll\u00e4 pyykkipussilla, joten sinun ei en\u00e4\u00e4 tarvitse raahata koko pyykkikoria pesukoneelle. Sen sijaan voit ottaa pyykkipussit yksitellen pois ja kantaa ne pesutupaasi yhdell\u00e4 k\u00e4dell\u00e4. SONGMICS-pyykkikorin avulla pyykkip\u00e4iv\u00e4 on lastenleikki\u00e4! Tuotetiedot:V\u00e4ri: harmaa\/vintage Materiaali: bambu, puuvilla Koko: 51,5 x 31,5 x 60,5 cm (P x L x K) Paino: 2,7 kg Maks. staattinen kantavuus: 25 kg Toimitus sis\u00e4lt\u00e4\u00e4: 1 x pyykkikori 1 x ohjeet (DE, EN, FR, ES, IT) SONGMICS-huomautukset:\u00c4l\u00e4 k\u00e4yt\u00e4 tuotetta eritt\u00e4in kosteassa ymp\u00e4rist\u00f6ss\u00e4. Maksimi staattinen kantavuus on 22 kg; \u00e4l\u00e4 laita tuotetta raskaampia esineit\u00e4.<\/p>\n","protected":false},"excerpt":{"rendered":"<p>SONGMICS bambusta valmistettu pyykkikori, pyykkikori 2 lokerolla, pyykkis\u00e4ilytyslaatikko kannella ja irrotettavalla pyykkipussilla, puuvillaiset kantokahvat, 100 litran pyykkilaatikko, retroharmaa LCB74GW<\/p>\n","protected":false},"featured_media":41882,"comment_status":"open","ping_status":"closed","template":"","meta":[],"product_brand":[],"product_cat":[32],"product_tag":[],"class_list":{"0":"post-32926","1":"product","2":"type-product","3":"status-publish","4":"has-post-thumbnail","6":"product_cat-uncategorized-fi","8":"first","9":"instock","10":"shipping-taxable","11":"purchasable","12":"product-type-simple"},"_links":{"self":[{"href":"https:\/\/nordicmart.andreevmaster.com\/fi\/wp-json\/wp\/v2\/product\/32926","targetHints":{"allow":["GET"]}}],"collection":[{"href":"https:\/\/nordicmart.andreevmaster.com\/fi\/wp-json\/wp\/v2\/product"}],"about":[{"href":"https:\/\/nordicmart.andreevmaster.com\/fi\/wp-json\/wp\/v2\/types\/product"}],"replies":[{"embeddable":true,"href":"https:\/\/nordicmart.andreevmaster.com\/fi\/wp-json\/wp\/v2\/comments?post=32926"}],"wp:featuredmedia":[{"embeddable":true,"href":"https:\/\/nordicmart.andreevmaster.com\/fi\/wp-json\/wp\/v2\/media\/41882"}],"wp:attachment":[{"href":"https:\/\/nordicmart.andreevmaster.com\/fi\/wp-json\/wp\/v2\/media?parent=32926"}],"wp:term":[{"taxonomy":"product_brand","embeddable":true,"href":"https:\/\/nordicmart.andreevmaster.com\/fi\/wp-json\/wp\/v2\/product_brand?post=32926"},{"taxonomy":"product_cat","embeddable":true,"href":"https:\/\/nordicmart.andreevmaster.com\/fi\/wp-json\/wp\/v2\/product_cat?post=32926"},{"taxonomy":"product_tag","embeddable":true,"href":"https:\/\/nordicmart.andreevmaster.com\/fi\/wp-json\/wp\/v2\/product_tag?post=32926"}],"curies":[{"name":"wp","href":"https:\/\/api.w.org\/{rel}","templated":true}]}}