{"id":32923,"date":"2026-02-27T00:19:16","date_gmt":"2026-02-27T00:19:16","guid":{"rendered":"https:\/\/nordicmart.andreevmaster.com\/product\/songmics-bambusta-valmistettu-pyykkikori-100-l-harmaa\/"},"modified":"2026-02-27T09:40:34","modified_gmt":"2026-02-27T09:40:34","slug":"songmics-bambusta-valmistettu-pyykkikori-100-l-harmaa","status":"publish","type":"product","link":"https:\/\/nordicmart.andreevmaster.com\/fi\/tuote\/songmics-bambusta-valmistettu-pyykkikori-100-l-harmaa\/","title":{"rendered":"SONGMICS bambusta valmistettu pyykkikori 100 l, harmaa"},"content":{"rendered":"<p>Helppo pesup\u00e4iv\u00e4: Onko likainen pyykki hajallaan ymp\u00e4ri huonetta, joten sinun on ker\u00e4tt\u00e4v\u00e4 se vaivalloisesti ennen kuin voit vied\u00e4 sen pesukoneeseen? Tai l\u00f6yd\u00e4tk\u00f6 s\u00e4\u00e4nn\u00f6llisesti lis\u00e4\u00e4 vaatteita, kun pyykki py\u00f6rii jo iloisesti pesukoneen rummussa?Jos vastaus on kyll\u00e4, t\u00e4m\u00e4 SONGMICS-pyykkikori on juuri sinulle sopiva! Toivota bambu tervetulleeksi kotiisi: Luonnollinen materiaali? Uusiutuva? N\u00e4m\u00e4 ovat vain muutamia bambun eduista. T\u00e4m\u00e4 materiaali erottuu my\u00f6s korkeasta vakaudestaan ja kauniista, raikkaasta ulkon\u00e4\u00f6st\u00e4\u00e4n. Sinun ei siis tarvitse tinki\u00e4 tyylist\u00e4, kun haluat hankkia kest\u00e4v\u00e4n huonekalun. Seuraa sinua monien vuosien ajan: Metallirunko ja pohjalevy antavat korille tukevan pidon. T\u00e4m\u00e4n ansiosta t\u00e4m\u00e4 pyykkikori on muodonmuutoksia kest\u00e4v\u00e4 ja lupaa hyv\u00e4n kantavuuden (jopa 25 kg) sek\u00e4 pitk\u00e4n k\u00e4ytt\u00f6i\u00e4n. Tuotetiedot: V\u00e4ri: Harmaa\/vintage Materiaali: bambu, puuvilla, vaneri, rautakehys, ABS-kiinnike Koko: 51,5 x 31,5 x 60,5 cm (P x L x K) Paino: 2,7 kg Maks. staattinen kantavuus: 25 kg Toimitus sis\u00e4lt\u00e4\u00e4: 1 x pyykkikori 1 x ohjeet (DE, EN, FR, ES, IT)<\/p>\n","protected":false},"excerpt":{"rendered":"<p>SONGMICS pyykkikori 100 l, bambusta valmistettu pyykkikori, pyykkilaatikko kahvoilla, kansi klipseill\u00e4, taitettava, irrotettava pyykkipussi, luonnonv\u00e4ri LCB71Y<\/p>\n","protected":false},"featured_media":0,"comment_status":"open","ping_status":"closed","template":"","meta":[],"product_brand":[],"product_cat":[32],"product_tag":[],"class_list":{"0":"post-32923","1":"product","2":"type-product","3":"status-publish","5":"product_cat-uncategorized-fi","7":"first","8":"instock","9":"shipping-taxable","10":"purchasable","11":"product-type-simple"},"_links":{"self":[{"href":"https:\/\/nordicmart.andreevmaster.com\/fi\/wp-json\/wp\/v2\/product\/32923","targetHints":{"allow":["GET"]}}],"collection":[{"href":"https:\/\/nordicmart.andreevmaster.com\/fi\/wp-json\/wp\/v2\/product"}],"about":[{"href":"https:\/\/nordicmart.andreevmaster.com\/fi\/wp-json\/wp\/v2\/types\/product"}],"replies":[{"embeddable":true,"href":"https:\/\/nordicmart.andreevmaster.com\/fi\/wp-json\/wp\/v2\/comments?post=32923"}],"wp:attachment":[{"href":"https:\/\/nordicmart.andreevmaster.com\/fi\/wp-json\/wp\/v2\/media?parent=32923"}],"wp:term":[{"taxonomy":"product_brand","embeddable":true,"href":"https:\/\/nordicmart.andreevmaster.com\/fi\/wp-json\/wp\/v2\/product_brand?post=32923"},{"taxonomy":"product_cat","embeddable":true,"href":"https:\/\/nordicmart.andreevmaster.com\/fi\/wp-json\/wp\/v2\/product_cat?post=32923"},{"taxonomy":"product_tag","embeddable":true,"href":"https:\/\/nordicmart.andreevmaster.com\/fi\/wp-json\/wp\/v2\/product_tag?post=32923"}],"curies":[{"name":"wp","href":"https:\/\/api.w.org\/{rel}","templated":true}]}}