{"id":32920,"date":"2026-02-27T00:19:15","date_gmt":"2026-02-27T00:19:15","guid":{"rendered":"https:\/\/nordicmart.andreevmaster.com\/product\/songmics-bambusta-valmistettu-pyykkikori-kannella-ja-kahvoilla-valkoinen\/"},"modified":"2026-02-27T09:40:34","modified_gmt":"2026-02-27T09:40:34","slug":"songmics-bambusta-valmistettu-pyykkikori-kannella-ja-kahvoilla-valkoinen","status":"publish","type":"product","link":"https:\/\/nordicmart.andreevmaster.com\/fi\/tuote\/songmics-bambusta-valmistettu-pyykkikori-kannella-ja-kahvoilla-valkoinen\/","title":{"rendered":"SONGMICS bambusta valmistettu pyykkikori kannella ja kahvoilla, valkoinen"},"content":{"rendered":"<p>XXL-s\u00e4ilytys Suuren 100 litran tilavuuden ansiosta voit s\u00e4ilytt\u00e4\u00e4 kaikki pyykit, liinavaatteet jne. t\u00e4ss\u00e4 korissa, jolloin pyykit eiv\u00e4t en\u00e4\u00e4 loju ymp\u00e4ri huonetta.Irrotettava puuvillainen pyykkipussi Pyykkikori on varustettu hengitt\u00e4v\u00e4ll\u00e4 ja pest\u00e4v\u00e4ll\u00e4 pyykkipussilla, joten sinun ei en\u00e4\u00e4 tarvitse raahata koko pyykkikoria pesukoneelle. Voit sen sijaan ottaa pyykkipussit yksitellen pois ja kantaa ne pesutupaan yhdell\u00e4 k\u00e4dell\u00e4. SONGMICSin pyykkikorin avulla pyykkip\u00e4iv\u00e4 on lastenleikki\u00e4! Tuotetiedot:V\u00e4ri: valkoinen Materiaali: bambu, puuvilla Mitat: 52 x 63 x 32 cm (L x K x S) Paino: 2,7 kg Maks. kantavuus: 22 kg Toimitus sis\u00e4lt\u00e4\u00e4: 1 x pyykkikori 1 x ohjeet (DE, EN, FR, ES, IT) SONGMICS-ohjeet:\u00c4l\u00e4 k\u00e4yt\u00e4 tuotetta eritt\u00e4in kosteassa ymp\u00e4rist\u00f6ss\u00e4; aseta kori s\u00e4\u00e4nn\u00f6llisesti hyvin tuuletettuun tilaan, jotta se pysyy kuivana ja homeen muodostuminen estyy. Enimm\u00e4iskuormitus on 22 kg; \u00e4l\u00e4 laita tuotetta raskaampia esineit\u00e4.<\/p>\n","protected":false},"excerpt":{"rendered":"<p>SONGMICS bambusta valmistettu pyykkikori, 100 litran pyykkilaatikko 2 lokerolla, taitettava pyykkikori irrotettavalla pyykkipussilla, pyykkilaatikko kahvoilla, 52 x 63 x 32 cm, luonnonv\u00e4ri LCB64Y<\/p>\n","protected":false},"featured_media":0,"comment_status":"open","ping_status":"closed","template":"","meta":[],"product_brand":[],"product_cat":[32],"product_tag":[],"class_list":{"0":"post-32920","1":"product","2":"type-product","3":"status-publish","5":"product_cat-uncategorized-fi","7":"first","8":"instock","9":"shipping-taxable","10":"purchasable","11":"product-type-simple"},"_links":{"self":[{"href":"https:\/\/nordicmart.andreevmaster.com\/fi\/wp-json\/wp\/v2\/product\/32920","targetHints":{"allow":["GET"]}}],"collection":[{"href":"https:\/\/nordicmart.andreevmaster.com\/fi\/wp-json\/wp\/v2\/product"}],"about":[{"href":"https:\/\/nordicmart.andreevmaster.com\/fi\/wp-json\/wp\/v2\/types\/product"}],"replies":[{"embeddable":true,"href":"https:\/\/nordicmart.andreevmaster.com\/fi\/wp-json\/wp\/v2\/comments?post=32920"}],"wp:attachment":[{"href":"https:\/\/nordicmart.andreevmaster.com\/fi\/wp-json\/wp\/v2\/media?parent=32920"}],"wp:term":[{"taxonomy":"product_brand","embeddable":true,"href":"https:\/\/nordicmart.andreevmaster.com\/fi\/wp-json\/wp\/v2\/product_brand?post=32920"},{"taxonomy":"product_cat","embeddable":true,"href":"https:\/\/nordicmart.andreevmaster.com\/fi\/wp-json\/wp\/v2\/product_cat?post=32920"},{"taxonomy":"product_tag","embeddable":true,"href":"https:\/\/nordicmart.andreevmaster.com\/fi\/wp-json\/wp\/v2\/product_tag?post=32920"}],"curies":[{"name":"wp","href":"https:\/\/api.w.org\/{rel}","templated":true}]}}