{"id":32916,"date":"2026-02-27T00:19:14","date_gmt":"2026-02-27T00:19:14","guid":{"rendered":"https:\/\/nordicmart.andreevmaster.com\/product\/songmics-pyykkikori-bambusta-100-l-ruskea-1-lokero\/"},"modified":"2026-02-27T09:40:33","modified_gmt":"2026-02-27T09:40:33","slug":"songmics-pyykkikori-bambusta-100-l-ruskea-1-lokero","status":"publish","type":"product","link":"https:\/\/nordicmart.andreevmaster.com\/fi\/tuote\/songmics-pyykkikori-bambusta-100-l-ruskea-1-lokero\/","title":{"rendered":"SONGMICS pyykkikori bambusta 100 l ruskea 1 lokero"},"content":{"rendered":"<p>Tuotekuvaus:  Songmics-pyykkikori on valmistettu korkealaatuisesta bambusta. T\u00e4m\u00e4n pyykkikorin yksinkertainen ja luonnollinen tyyli sopii t\u00e4ydellisesti mihin tahansa huoneeseen. 100 litran tilavuus tarjoaa runsaasti s\u00e4ilytystilaa, joten siihen mahtuu enemm\u00e4n likapyykk\u00e4\u00e4. Irrotettavat ja pest\u00e4v\u00e4t pyykkipussit sek\u00e4 bambukuoreen kiinnitett\u00e4v\u00e4 kansi tarjoavat k\u00e4tev\u00e4n ratkaisun likapyykin s\u00e4ilytykseen, jotta koti pysyy siistin\u00e4.  Huomautukset:  &#8211; Homeen muodostumisen est\u00e4miseksi \u00e4l\u00e4 k\u00e4yt\u00e4 pyykkikoria kosteassa ymp\u00e4rist\u00f6ss\u00e4, vaan tuuleta se s\u00e4\u00e4nn\u00f6llisesti. &#8211; V\u00e4ltt\u00e4\u00e4ksesi vaipan muodonmuutoksia, \u00e4l\u00e4 laita liikaa pyykki\u00e4 pyykkikoriin. &#8211; Pit\u00e4\u00e4ksesi tuotteen k\u00e4ytt\u00f6i\u00e4n mahdollisimman pitk\u00e4n\u00e4, \u00e4l\u00e4 avaa metallirenkaita liikaa. &#8211; Puhdista bambuvaipa kostealla liinalla. &#8211; Pyykkipussi on pest\u00e4v\u00e4 30 \u00b0C:ssa. Tuotetiedot:  &#8211; Mitat: 52 x 63 x 32 cm (L x K x S) &#8211; Materiaali: bambu, puuvillainen pyykkikori &#8211; V\u00e4ri: ruskea &#8211; Paino: 3 kg Toimitus sis\u00e4lt\u00e4\u00e4:  &#8211; 1 x pyykkikori &#8211; 1 x k\u00e4ytt\u00f6ohje (DE, EN, FR, IT, ES)<\/p>\n","protected":false},"excerpt":{"rendered":"<p>SONGMICS bambusta valmistettu pyykkikori, taitettava pyykkilaatikko, pyykkikori, pyykkis\u00e4ili\u00f6 kannella, 100 litran pyykkikori 62,5 x 52 x 32 cm, pyykkilaatikko irrotettavalla pyykkipussilla, ruskea LCB61Z<\/p>\n","protected":false},"featured_media":41876,"comment_status":"open","ping_status":"closed","template":"","meta":[],"product_brand":[],"product_cat":[32],"product_tag":[],"class_list":{"0":"post-32916","1":"product","2":"type-product","3":"status-publish","4":"has-post-thumbnail","6":"product_cat-uncategorized-fi","8":"first","9":"instock","10":"shipping-taxable","11":"purchasable","12":"product-type-simple"},"_links":{"self":[{"href":"https:\/\/nordicmart.andreevmaster.com\/fi\/wp-json\/wp\/v2\/product\/32916","targetHints":{"allow":["GET"]}}],"collection":[{"href":"https:\/\/nordicmart.andreevmaster.com\/fi\/wp-json\/wp\/v2\/product"}],"about":[{"href":"https:\/\/nordicmart.andreevmaster.com\/fi\/wp-json\/wp\/v2\/types\/product"}],"replies":[{"embeddable":true,"href":"https:\/\/nordicmart.andreevmaster.com\/fi\/wp-json\/wp\/v2\/comments?post=32916"}],"wp:featuredmedia":[{"embeddable":true,"href":"https:\/\/nordicmart.andreevmaster.com\/fi\/wp-json\/wp\/v2\/media\/41876"}],"wp:attachment":[{"href":"https:\/\/nordicmart.andreevmaster.com\/fi\/wp-json\/wp\/v2\/media?parent=32916"}],"wp:term":[{"taxonomy":"product_brand","embeddable":true,"href":"https:\/\/nordicmart.andreevmaster.com\/fi\/wp-json\/wp\/v2\/product_brand?post=32916"},{"taxonomy":"product_cat","embeddable":true,"href":"https:\/\/nordicmart.andreevmaster.com\/fi\/wp-json\/wp\/v2\/product_cat?post=32916"},{"taxonomy":"product_tag","embeddable":true,"href":"https:\/\/nordicmart.andreevmaster.com\/fi\/wp-json\/wp\/v2\/product_tag?post=32916"}],"curies":[{"name":"wp","href":"https:\/\/api.w.org\/{rel}","templated":true}]}}