{"id":32914,"date":"2026-02-27T00:19:13","date_gmt":"2026-02-27T00:19:13","guid":{"rendered":"https:\/\/nordicmart.andreevmaster.com\/product\/songmics-home-pyykkikori-100-l-2-lokeroa-ja-rullat-luonnonbeige-matta-valkoinen\/"},"modified":"2026-02-27T09:40:32","modified_gmt":"2026-02-27T09:40:32","slug":"songmics-home-pyykkikori-100-l-2-lokeroa-ja-rullat-luonnonbeige-matta-valkoinen","status":"publish","type":"product","link":"https:\/\/nordicmart.andreevmaster.com\/fi\/tuote\/songmics-home-pyykkikori-100-l-2-lokeroa-ja-rullat-luonnonbeige-matta-valkoinen\/","title":{"rendered":"SONGMICS HOME pyykkikori 100 l, 2 lokeroa ja rullat, luonnonbeige-matta valkoinen"},"content":{"rendered":"<p>SONGMICS HOME pyykkikori 2 lokeroa, pyykkikori 100 l, pyykkis\u00e4ilytys rullilla, kannella, pyykkipussi kahvoilla, rottinkimainen ulkon\u00e4k\u00f6, pesutupa, kylpyhuone, luonnonbeige-matta valkoinen LCB601N01<br \/>\nV\u00e4ri: luonnonbeige-mattavalkoinen<br \/>\nMateriaali: ter\u00e4s, synteettinen kuitukangas, polyester-puuvillakangas<br \/>\nKoko: 46,5 x 37,5 x 65 cm (P x L x K)<br \/>\nPaino: 3,7 kg<br \/>\nKorin maks. staattinen kantavuus: 10 kg<br \/>\nKannen maks. staattinen kantavuus: 5 kg<\/p>\n","protected":false},"excerpt":{"rendered":"<p>SONGMICS HOME pyykkikori 2 lokeroa, pyykkikori 100 l, pyykkis\u00e4ilytys rullilla, kannella, pyykkipussi kahvoilla, rottinkimainen ulkon\u00e4k\u00f6, pesutupa, kylpyhuone, luonnonbeige-matta valkoinen LCB601N01<\/p>\n","protected":false},"featured_media":41874,"comment_status":"open","ping_status":"closed","template":"","meta":[],"product_brand":[],"product_cat":[32],"product_tag":[],"class_list":{"0":"post-32914","1":"product","2":"type-product","3":"status-publish","4":"has-post-thumbnail","6":"product_cat-uncategorized-fi","8":"first","9":"instock","10":"shipping-taxable","11":"purchasable","12":"product-type-simple"},"_links":{"self":[{"href":"https:\/\/nordicmart.andreevmaster.com\/fi\/wp-json\/wp\/v2\/product\/32914","targetHints":{"allow":["GET"]}}],"collection":[{"href":"https:\/\/nordicmart.andreevmaster.com\/fi\/wp-json\/wp\/v2\/product"}],"about":[{"href":"https:\/\/nordicmart.andreevmaster.com\/fi\/wp-json\/wp\/v2\/types\/product"}],"replies":[{"embeddable":true,"href":"https:\/\/nordicmart.andreevmaster.com\/fi\/wp-json\/wp\/v2\/comments?post=32914"}],"wp:featuredmedia":[{"embeddable":true,"href":"https:\/\/nordicmart.andreevmaster.com\/fi\/wp-json\/wp\/v2\/media\/41874"}],"wp:attachment":[{"href":"https:\/\/nordicmart.andreevmaster.com\/fi\/wp-json\/wp\/v2\/media?parent=32914"}],"wp:term":[{"taxonomy":"product_brand","embeddable":true,"href":"https:\/\/nordicmart.andreevmaster.com\/fi\/wp-json\/wp\/v2\/product_brand?post=32914"},{"taxonomy":"product_cat","embeddable":true,"href":"https:\/\/nordicmart.andreevmaster.com\/fi\/wp-json\/wp\/v2\/product_cat?post=32914"},{"taxonomy":"product_tag","embeddable":true,"href":"https:\/\/nordicmart.andreevmaster.com\/fi\/wp-json\/wp\/v2\/product_tag?post=32914"}],"curies":[{"name":"wp","href":"https:\/\/api.w.org\/{rel}","templated":true}]}}