{"id":32910,"date":"2026-02-27T00:19:13","date_gmt":"2026-02-27T00:19:13","guid":{"rendered":"https:\/\/nordicmart.andreevmaster.com\/product\/songmics-pyykkikori-polyrottinki-110-l-harmaa\/"},"modified":"2026-02-27T09:40:32","modified_gmt":"2026-02-27T09:40:32","slug":"songmics-pyykkikori-polyrottinki-110-l-harmaa","status":"publish","type":"product","link":"https:\/\/nordicmart.andreevmaster.com\/fi\/tuote\/songmics-pyykkikori-polyrottinki-110-l-harmaa\/","title":{"rendered":"SONGMICS pyykkikori polyrottinki 110 l harmaa"},"content":{"rendered":"<p>Siisti koti on onnellinen koti. On tietysti eritt\u00e4in k\u00e4tev\u00e4\u00e4 heitt\u00e4\u00e4 likainen pyykki lattialle riisuuduttuasi. T\u00e4m\u00e4 kuitenkin ei vain tee kodistasi sekavampaa, vaan joudut my\u00f6s viett\u00e4m\u00e4\u00e4n paljon aikaa vaaleiden ja tummien vaatteiden lajitteluun, kun haluat laittaa ne pesukoneeseen. T\u00e4m\u00e4n pyykkikorin avulla voit vihdoin sanoa hyv\u00e4stit sekasotkuiselle makuuhuoneellesi.T\u00e4m\u00e4n 57 x 33 x 60 cm (P x L x K) kokoisen pyykkikorin avulla voit lajitella likapyykkisi v\u00e4rien tai materiaalien mukaan. Pyykkihuopa kiinnitet\u00e4\u00e4n koriin, jotta se ei voi liukua alas. Lis\u00e4ksi se on helppo ottaa pois ja vied\u00e4 pesukoneeseen. K\u00e4sin kudotut huonekalut, joissa on charmia K\u00e4sin kudottu pyykkikori tuo kotiisi ripauksen tyylikkyytt\u00e4, riippumatta siit\u00e4, mihin sen sijoitat. Laadukkaan synteettisen rottingin ja rautakehyksen ansiosta sinun ei tarvitse huolehtia ruosteesta tai vedest\u00e4, jotka voivat vahingoittaa pyykkikoria tai sen sis\u00e4ll\u00e4 olevia vaatteita \u2013 edes kosteassa tilassa, kuten kylpyhuoneessa. Kori sopii erinomaisesti my\u00f6s lelujen s\u00e4ilytykseen lastenhuoneessa tai ty\u00f6kalujen s\u00e4ilytykseen ty\u00f6pajassa. Tuotetiedot: V\u00e4ri: valkoinen Materiaali: PP-muovirotu, rautakehys, puuvilla Mitat: 57 x 33 x 60 cm (P x L x K) Paino: 4,2 kg Maks. staattinen kantavuus: 25 kg Toimitus sis\u00e4lt\u00e4\u00e4: 1 x pyykkikori 1 x s\u00e4ilytysastia lis\u00e4varusteineen 1 x ohjeet (DE, EN, FR, ES, IT) SONGMICS-huomautukset:Tuote ei saa joutua kosketuksiin ter\u00e4vien esineiden kanssa, jotta se ei vahingoitu. Tuotteen maksimaalinen staattinen kantavuus on 25 kg. \u00c4l\u00e4 s\u00e4ilyt\u00e4 raskaampia esineit\u00e4 korissa. T\u00e4m\u00e4 on k\u00e4sin kudottu tuote. Siksi yksitt\u00e4isiss\u00e4 punontanauhoissa ja niiden liitoskohdissa voi esiinty\u00e4 ep\u00e4s\u00e4\u00e4nn\u00f6llisyyksi\u00e4, jotka eiv\u00e4t kuitenkaan vaikuta tuotteen k\u00e4ytt\u00f6\u00f6n.<\/p>\n","protected":false},"excerpt":{"rendered":"<p>SONGMICS k\u00e4sin kudottu pyykkikori, synteettisest\u00e4 rottingista valmistettu pyykkikori, kannella ja kahvoilla, pyykkis\u00e4ilytys, taitettava, irrotettava pyykkipussi, luonnonv\u00e4ri LCB52NL<\/p>\n","protected":false},"featured_media":41870,"comment_status":"open","ping_status":"closed","template":"","meta":[],"product_brand":[],"product_cat":[32],"product_tag":[],"class_list":{"0":"post-32910","1":"product","2":"type-product","3":"status-publish","4":"has-post-thumbnail","6":"product_cat-uncategorized-fi","8":"first","9":"instock","10":"shipping-taxable","11":"purchasable","12":"product-type-simple"},"_links":{"self":[{"href":"https:\/\/nordicmart.andreevmaster.com\/fi\/wp-json\/wp\/v2\/product\/32910","targetHints":{"allow":["GET"]}}],"collection":[{"href":"https:\/\/nordicmart.andreevmaster.com\/fi\/wp-json\/wp\/v2\/product"}],"about":[{"href":"https:\/\/nordicmart.andreevmaster.com\/fi\/wp-json\/wp\/v2\/types\/product"}],"replies":[{"embeddable":true,"href":"https:\/\/nordicmart.andreevmaster.com\/fi\/wp-json\/wp\/v2\/comments?post=32910"}],"wp:featuredmedia":[{"embeddable":true,"href":"https:\/\/nordicmart.andreevmaster.com\/fi\/wp-json\/wp\/v2\/media\/41870"}],"wp:attachment":[{"href":"https:\/\/nordicmart.andreevmaster.com\/fi\/wp-json\/wp\/v2\/media?parent=32910"}],"wp:term":[{"taxonomy":"product_brand","embeddable":true,"href":"https:\/\/nordicmart.andreevmaster.com\/fi\/wp-json\/wp\/v2\/product_brand?post=32910"},{"taxonomy":"product_cat","embeddable":true,"href":"https:\/\/nordicmart.andreevmaster.com\/fi\/wp-json\/wp\/v2\/product_cat?post=32910"},{"taxonomy":"product_tag","embeddable":true,"href":"https:\/\/nordicmart.andreevmaster.com\/fi\/wp-json\/wp\/v2\/product_tag?post=32910"}],"curies":[{"name":"wp","href":"https:\/\/api.w.org\/{rel}","templated":true}]}}