{"id":32905,"date":"2026-02-27T00:19:11","date_gmt":"2026-02-27T00:19:11","guid":{"rendered":"https:\/\/nordicmart.andreevmaster.com\/product\/songmics-pyykkikori-kahdella-lokerolla-ja-kannella-kermanvalkoinen-ja-luonnonbeige\/"},"modified":"2026-02-27T09:40:31","modified_gmt":"2026-02-27T09:40:31","slug":"songmics-pyykkikori-kahdella-lokerolla-ja-kannella-kermanvalkoinen-ja-luonnonbeige","status":"publish","type":"product","link":"https:\/\/nordicmart.andreevmaster.com\/fi\/tuote\/songmics-pyykkikori-kahdella-lokerolla-ja-kannella-kermanvalkoinen-ja-luonnonbeige\/","title":{"rendered":"SONGMICS pyykkikori kahdella lokerolla ja kannella, kermanvalkoinen ja luonnonbeige"},"content":{"rendered":"<p>SONGMICS pyykkikori 2 lokeroa, pyykkikori, 150 litraa, pyykkis\u00e4ilytyslaatikko kannella, pyykkis\u00e4ili\u00f6, irrotettavat pyykkipussit, pesutupa, makuuhuone, olohuone, liuskekivi-harmaa-luonnonbeige LCB523G01<br \/>\nV\u00e4ri: kermanvalkoinen-luonnonbeige<br \/>\nMateriaali: Oxford-kangas, bambu, polyesteri, metallilanka-runko, polyamidi (nailon), PU-keinonahka, pahvi, lasikuitutangot<br \/>\nKoko: 52 x 38,5 x 75 cm (P x L x K)<br \/>\nPaino: 2 kg<br \/>\nMaks. staattinen kokonaiskuormitus: 20 kg<\/p>\n","protected":false},"excerpt":{"rendered":"<p>SONGMICS pyykkikori 2 lokeroa, pyykkikori, 150 litraa, pyykkis\u00e4ilytyslaatikko kannella, pyykkis\u00e4ili\u00f6, irrotettavat pyykkipussit, pesutupa, makuuhuone, olohuone, liuskekivi-harmaa-luonnonbeige LCB523G01<\/p>\n","protected":false},"featured_media":41865,"comment_status":"open","ping_status":"closed","template":"","meta":[],"product_brand":[],"product_cat":[32],"product_tag":[],"class_list":{"0":"post-32905","1":"product","2":"type-product","3":"status-publish","4":"has-post-thumbnail","6":"product_cat-uncategorized-fi","8":"first","9":"instock","10":"shipping-taxable","11":"purchasable","12":"product-type-simple"},"_links":{"self":[{"href":"https:\/\/nordicmart.andreevmaster.com\/fi\/wp-json\/wp\/v2\/product\/32905","targetHints":{"allow":["GET"]}}],"collection":[{"href":"https:\/\/nordicmart.andreevmaster.com\/fi\/wp-json\/wp\/v2\/product"}],"about":[{"href":"https:\/\/nordicmart.andreevmaster.com\/fi\/wp-json\/wp\/v2\/types\/product"}],"replies":[{"embeddable":true,"href":"https:\/\/nordicmart.andreevmaster.com\/fi\/wp-json\/wp\/v2\/comments?post=32905"}],"wp:featuredmedia":[{"embeddable":true,"href":"https:\/\/nordicmart.andreevmaster.com\/fi\/wp-json\/wp\/v2\/media\/41865"}],"wp:attachment":[{"href":"https:\/\/nordicmart.andreevmaster.com\/fi\/wp-json\/wp\/v2\/media?parent=32905"}],"wp:term":[{"taxonomy":"product_brand","embeddable":true,"href":"https:\/\/nordicmart.andreevmaster.com\/fi\/wp-json\/wp\/v2\/product_brand?post=32905"},{"taxonomy":"product_cat","embeddable":true,"href":"https:\/\/nordicmart.andreevmaster.com\/fi\/wp-json\/wp\/v2\/product_cat?post=32905"},{"taxonomy":"product_tag","embeddable":true,"href":"https:\/\/nordicmart.andreevmaster.com\/fi\/wp-json\/wp\/v2\/product_tag?post=32905"}],"curies":[{"name":"wp","href":"https:\/\/api.w.org\/{rel}","templated":true}]}}