{"id":32902,"date":"2026-02-27T00:19:11","date_gmt":"2026-02-27T00:19:11","guid":{"rendered":"https:\/\/nordicmart.andreevmaster.com\/product\/songmics-pyykkikori-polyrottingista-valkoinen\/"},"modified":"2026-02-27T09:40:31","modified_gmt":"2026-02-27T09:40:31","slug":"songmics-pyykkikori-polyrottingista-valkoinen","status":"publish","type":"product","link":"https:\/\/nordicmart.andreevmaster.com\/fi\/tuote\/songmics-pyykkikori-polyrottingista-valkoinen\/","title":{"rendered":"SONGMICS pyykkikori polyrottingista, valkoinen"},"content":{"rendered":"<p>Siisti koti on onnellinen koti: On tietysti eritt\u00e4in k\u00e4tev\u00e4\u00e4 heitt\u00e4\u00e4 likainen pyykki lattialle riisuuduttuasi. T\u00e4m\u00e4 kuitenkin ei vain tee kodistasi sekavampaa, vaan joudut my\u00f6s ker\u00e4\u00e4m\u00e4\u00e4n likaisen pyykin vaivalloisesti pesup\u00e4iv\u00e4n\u00e4. T\u00e4m\u00e4n pyykkikorin avulla voit vihdoin sanoa hyv\u00e4stit sekasotkuiselle makuuhuoneellesi. T\u00e4m\u00e4n 46 x 33 x 60 cm (P x L x K) kokoisen pyykkikorin avulla voit s\u00e4ilytt\u00e4\u00e4 likapyykkisi helposti yhdess\u00e4 paikassa. Pyykkihuopa kiinnitet\u00e4\u00e4n koriin, jotta se ei voi liukua alas. Lis\u00e4ksi se on helppo ottaa pois ja vied\u00e4 pesukoneeseen. K\u00e4sin kudotut huonekalut, joissa on charmia: K\u00e4sin kudottu kori tuo kotiisi ripauksen tyylikkyytt\u00e4. Laadukkaan synteettisen rottingin ja rautakehyksen ansiosta sinun ei tarvitse huolehtia ruosteesta tai vedest\u00e4, jotka voivat vahingoittaa pyykkikoria tai sen sis\u00e4ll\u00e4 s\u00e4ilytettyj\u00e4 vaatteita \u2013 edes kosteassa tilassa, kuten kylpyhuoneessa. Kori sopii erinomaisesti my\u00f6s lelujen s\u00e4ilytykseen lastenhuoneessa tai ty\u00f6kalujen s\u00e4ilytykseen ty\u00f6pajassa, ja sen kantavuus on jopa 25 kg. Tuotetiedot:V\u00e4ri: luonnonv\u00e4rit Materiaali: PP-muovirattan, rautakehys, puuvilla Koko: 46 x 33 x 60 cm (P x L x K) Paino: 4 kg Maks. staattinen kantavuus: 25 kg Toimitus sis\u00e4lt\u00e4\u00e4: 1 x pyykkikori 1 x s\u00e4ilytysastia lis\u00e4varusteineen 1 x ohjeet (DE, EN, FR, ES, IT)<\/p>\n","protected":false},"excerpt":{"rendered":"<p>SONGMICS k\u00e4sin kudottu pyykkikori, 90 l, synteettisest\u00e4 rottingista valmistettu pyykkikori, kansi ja kahvat, taitettava, irrotettava pyykkipussi, luonnonv\u00e4ri LCB51NL<\/p>\n","protected":false},"featured_media":41862,"comment_status":"open","ping_status":"closed","template":"","meta":[],"product_brand":[],"product_cat":[32],"product_tag":[],"class_list":{"0":"post-32902","1":"product","2":"type-product","3":"status-publish","4":"has-post-thumbnail","6":"product_cat-uncategorized-fi","8":"first","9":"instock","10":"shipping-taxable","11":"purchasable","12":"product-type-simple"},"_links":{"self":[{"href":"https:\/\/nordicmart.andreevmaster.com\/fi\/wp-json\/wp\/v2\/product\/32902","targetHints":{"allow":["GET"]}}],"collection":[{"href":"https:\/\/nordicmart.andreevmaster.com\/fi\/wp-json\/wp\/v2\/product"}],"about":[{"href":"https:\/\/nordicmart.andreevmaster.com\/fi\/wp-json\/wp\/v2\/types\/product"}],"replies":[{"embeddable":true,"href":"https:\/\/nordicmart.andreevmaster.com\/fi\/wp-json\/wp\/v2\/comments?post=32902"}],"wp:featuredmedia":[{"embeddable":true,"href":"https:\/\/nordicmart.andreevmaster.com\/fi\/wp-json\/wp\/v2\/media\/41862"}],"wp:attachment":[{"href":"https:\/\/nordicmart.andreevmaster.com\/fi\/wp-json\/wp\/v2\/media?parent=32902"}],"wp:term":[{"taxonomy":"product_brand","embeddable":true,"href":"https:\/\/nordicmart.andreevmaster.com\/fi\/wp-json\/wp\/v2\/product_brand?post=32902"},{"taxonomy":"product_cat","embeddable":true,"href":"https:\/\/nordicmart.andreevmaster.com\/fi\/wp-json\/wp\/v2\/product_cat?post=32902"},{"taxonomy":"product_tag","embeddable":true,"href":"https:\/\/nordicmart.andreevmaster.com\/fi\/wp-json\/wp\/v2\/product_tag?post=32902"}],"curies":[{"name":"wp","href":"https:\/\/api.w.org\/{rel}","templated":true}]}}