{"id":32879,"date":"2026-02-27T00:19:05","date_gmt":"2026-02-27T00:19:05","guid":{"rendered":"https:\/\/nordicmart.andreevmaster.com\/product\/songmics-puuvillakori-harmaa-beige\/"},"modified":"2026-02-27T09:40:27","modified_gmt":"2026-02-27T09:40:27","slug":"songmics-puuvillakori-harmaa-beige","status":"publish","type":"product","link":"https:\/\/nordicmart.andreevmaster.com\/fi\/tuote\/songmics-puuvillakori-harmaa-beige\/","title":{"rendered":"SONGMICS puuvillakori harmaa-beige"},"content":{"rendered":"<p>J\u00e4rjestys kaaoksen sijaan Hallitsevatko ymp\u00e4riins\u00e4 lojuvat vaatteet arkeasi ja aiheuttavat jatkuvaa kaaosta? Miksi et heitt\u00e4isi niit\u00e4 t\u00e4h\u00e4n tilavaan 125 litran pyykkikoriin ja palauttaisi sis\u00e4isen rauhan? Puuvillanauhasta punottu, rauhoittavissa neutraaleissa v\u00e4reiss\u00e4 ja kiilt\u00e4vill\u00e4 niiteill\u00e4 vahvistetuilla kahvoilla varustettu kori ratkaisee ongelmasi. Ainoa ongelma, joka sinulla on, on p\u00e4\u00e4tt\u00e4\u00e4, mihin sijoitat t\u00e4m\u00e4n 50 x 65 cm (\u00d8 x H) kokoisen pyykkikorin: makuuhuoneeseen ker\u00e4\u00e4m\u00e4\u00e4n likaisia vaatteita viikon aikana, ty\u00f6huoneeseen s\u00e4ilytt\u00e4m\u00e4\u00e4n sanomalehti\u00e4 ja aikakauslehti\u00e4 tai eteiseen koko perheen huiveja, k\u00e4sineit\u00e4 ja muita asusteita varten? Nosta nyt sivukahvat yl\u00f6s ja toteuta ideasi! Tuotetiedot: &#8211; V\u00e4ri: harmaa-beige &#8211; Materiaali: puuvillak\u00f6ysi &#8211; Koko: 50 x 65 cm (\u00d8 x K) &#8211; Kokonaispaino: 2,1 kg &#8211; Maks. staattinen kantavuus: 20 kg Toimitus sis\u00e4lt\u00e4\u00e4: &#8211; 1 x puuvillakori SONGMICS Huomautukset: &#8211; \u00c4l\u00e4 sijoita tuotetta kosteaan ymp\u00e4rist\u00f6\u00f6n. &#8211; Pyyhi tuote p\u00e4ivitt\u00e4in puhtaalla liinalla. &#8211; Tuote voidaan pest\u00e4 ja kuivata pesukoneessa.<\/p>\n","protected":false},"excerpt":{"rendered":"<p>SONGMICS puuvillakori, pyykkikori kahvoilla, 125 l, leluille, vaatteille, peitoille, olohuoneeseen ja makuuhuoneeseen, harmaa-beige<\/p>\n","protected":false},"featured_media":41840,"comment_status":"open","ping_status":"closed","template":"","meta":[],"product_brand":[],"product_cat":[32],"product_tag":[],"class_list":{"0":"post-32879","1":"product","2":"type-product","3":"status-publish","4":"has-post-thumbnail","6":"product_cat-uncategorized-fi","8":"first","9":"instock","10":"shipping-taxable","11":"purchasable","12":"product-type-simple"},"_links":{"self":[{"href":"https:\/\/nordicmart.andreevmaster.com\/fi\/wp-json\/wp\/v2\/product\/32879","targetHints":{"allow":["GET"]}}],"collection":[{"href":"https:\/\/nordicmart.andreevmaster.com\/fi\/wp-json\/wp\/v2\/product"}],"about":[{"href":"https:\/\/nordicmart.andreevmaster.com\/fi\/wp-json\/wp\/v2\/types\/product"}],"replies":[{"embeddable":true,"href":"https:\/\/nordicmart.andreevmaster.com\/fi\/wp-json\/wp\/v2\/comments?post=32879"}],"wp:featuredmedia":[{"embeddable":true,"href":"https:\/\/nordicmart.andreevmaster.com\/fi\/wp-json\/wp\/v2\/media\/41840"}],"wp:attachment":[{"href":"https:\/\/nordicmart.andreevmaster.com\/fi\/wp-json\/wp\/v2\/media?parent=32879"}],"wp:term":[{"taxonomy":"product_brand","embeddable":true,"href":"https:\/\/nordicmart.andreevmaster.com\/fi\/wp-json\/wp\/v2\/product_brand?post=32879"},{"taxonomy":"product_cat","embeddable":true,"href":"https:\/\/nordicmart.andreevmaster.com\/fi\/wp-json\/wp\/v2\/product_cat?post=32879"},{"taxonomy":"product_tag","embeddable":true,"href":"https:\/\/nordicmart.andreevmaster.com\/fi\/wp-json\/wp\/v2\/product_tag?post=32879"}],"curies":[{"name":"wp","href":"https:\/\/api.w.org\/{rel}","templated":true}]}}