{"id":32878,"date":"2026-02-27T00:19:05","date_gmt":"2026-02-27T00:19:05","guid":{"rendered":"https:\/\/nordicmart.andreevmaster.com\/product\/songmics-pyykkikori-90-l-luonnonvari\/"},"modified":"2026-02-27T09:40:26","modified_gmt":"2026-02-27T09:40:26","slug":"songmics-pyykkikori-90-l-luonnonvari","status":"publish","type":"product","link":"https:\/\/nordicmart.andreevmaster.com\/fi\/tuote\/songmics-pyykkikori-90-l-luonnonvari\/","title":{"rendered":"SONGMICS pyykkikori 90 L luonnonv\u00e4ri"},"content":{"rendered":"<p>Helppo pesup\u00e4iv\u00e4 Onko likainen pyykki hajallaan ymp\u00e4ri huonetta, joten sinun on ker\u00e4tt\u00e4v\u00e4 se vaivalloisesti pesup\u00e4iv\u00e4n\u00e4 ennen kuin voit vied\u00e4 sen pesukoneeseen? Jos n\u00e4in on, t\u00e4m\u00e4 SONGMICS-pyykkikori on juuri sinulle sopiva!T\u00e4m\u00e4 46 x 33 x 60 cm:n kokoinen 90 litran pyykkikori tarjoaa runsaasti s\u00e4ilytystilaa pyykillesi. Kun on pesup\u00e4iv\u00e4, sinun tarvitsee vain kuljettaa pyykkikori pesukoneelle kahvojen avulla. Tietenkin voit my\u00f6s ottaa sis\u00e4pussin pois ja vied\u00e4 pyykit pesutupaan \u2013 eritt\u00e4in k\u00e4tev\u00e4\u00e4! Viel\u00e4 parempaa on, ett\u00e4 t\u00e4m\u00e4n korin mukana toimitetaan 3 pyykkipussia, jotka suojaavat hienopesuaineita pesun aikana. Tuotetiedot: V\u00e4ri: luonnonv\u00e4rit Materiaali: ter\u00e4s, PP-muovi (polypropeeni), polyester-puuvillaseos Koko: 46 x 33 x 60 cm (P x L x K) Kahvojen koko: 9,5 x 6 cm (L x K) Pesupussien koko: 50 x 60 cm (iso), 40 x 50 cm (keskikokoinen), 30 x 40 cm (pieni) Paino: 2,9 kg Tilavuus: 90 litraaPesukorin suurin staattinen kantavuus: 25 kgToimitus sis\u00e4lt\u00e4\u00e4:1 x pesukori2 x sis\u00e4kassi3 x pyykkipussi1 x lis\u00e4varustepaketti1 x ohjeetSONGMICS Huomautukset:Pesukorin suurin staattinen kantavuus on 25 kg. \u00c4l\u00e4 ylit\u00e4 t\u00e4t\u00e4 enimm\u00e4ispainoa.<\/p>\n","protected":false},"excerpt":{"rendered":"<p>SONGMICS pyykkikori 90 l, pyykkikori, irrotettava sis\u00e4kassi, 2 kangaspyykkipussia, 3 pyykkiverkkoa, kahvat, rottinkimainen ulkon\u00e4k\u00f6, lelujen s\u00e4ilytys, kylpyhuoneeseen, makuuhuoneeseen, harmaa LCB390G01<\/p>\n","protected":false},"featured_media":0,"comment_status":"open","ping_status":"closed","template":"","meta":[],"product_brand":[],"product_cat":[32],"product_tag":[],"class_list":{"0":"post-32878","1":"product","2":"type-product","3":"status-publish","5":"product_cat-uncategorized-fi","7":"first","8":"instock","9":"shipping-taxable","10":"purchasable","11":"product-type-simple"},"_links":{"self":[{"href":"https:\/\/nordicmart.andreevmaster.com\/fi\/wp-json\/wp\/v2\/product\/32878","targetHints":{"allow":["GET"]}}],"collection":[{"href":"https:\/\/nordicmart.andreevmaster.com\/fi\/wp-json\/wp\/v2\/product"}],"about":[{"href":"https:\/\/nordicmart.andreevmaster.com\/fi\/wp-json\/wp\/v2\/types\/product"}],"replies":[{"embeddable":true,"href":"https:\/\/nordicmart.andreevmaster.com\/fi\/wp-json\/wp\/v2\/comments?post=32878"}],"wp:attachment":[{"href":"https:\/\/nordicmart.andreevmaster.com\/fi\/wp-json\/wp\/v2\/media?parent=32878"}],"wp:term":[{"taxonomy":"product_brand","embeddable":true,"href":"https:\/\/nordicmart.andreevmaster.com\/fi\/wp-json\/wp\/v2\/product_brand?post=32878"},{"taxonomy":"product_cat","embeddable":true,"href":"https:\/\/nordicmart.andreevmaster.com\/fi\/wp-json\/wp\/v2\/product_cat?post=32878"},{"taxonomy":"product_tag","embeddable":true,"href":"https:\/\/nordicmart.andreevmaster.com\/fi\/wp-json\/wp\/v2\/product_tag?post=32878"}],"curies":[{"name":"wp","href":"https:\/\/api.w.org\/{rel}","templated":true}]}}