{"id":32875,"date":"2026-02-27T00:19:04","date_gmt":"2026-02-27T00:19:04","guid":{"rendered":"https:\/\/nordicmart.andreevmaster.com\/product\/songmics-pyykkikori-70-l-harmaa\/"},"modified":"2026-02-27T09:40:26","modified_gmt":"2026-02-27T09:40:26","slug":"songmics-pyykkikori-70-l-harmaa","status":"publish","type":"product","link":"https:\/\/nordicmart.andreevmaster.com\/fi\/tuote\/songmics-pyykkikori-70-l-harmaa\/","title":{"rendered":"SONGMICS pyykkikori 70 L harmaa"},"content":{"rendered":"<p>SONGMICS pyykkikori 90 l, pyykkikori, irrotettava sis\u00e4kassi, 2 kangaspyykkipussia, 3 pyykkiverkkoa, kahvat, rottinkimainen ulkon\u00e4k\u00f6, lelujen s\u00e4ilytys, kylpyhuoneeseen, makuuhuoneeseen, harmaa LCB390G01<\/p>\n","protected":false},"excerpt":{"rendered":"<p>SONGMICS pyykkikori 90 l, pyykkikori, irrotettava sis\u00e4kassi, 2 kangaspyykkipussia, 3 pyykkiverkkoa, kahvat, rottinkimainen ulkon\u00e4k\u00f6, lelujen s\u00e4ilytys, kylpyhuoneeseen, makuuhuoneeseen, harmaa LCB390G01<\/p>\n","protected":false},"featured_media":0,"comment_status":"open","ping_status":"closed","template":"","meta":[],"product_brand":[],"product_cat":[32],"product_tag":[],"class_list":{"0":"post-32875","1":"product","2":"type-product","3":"status-publish","5":"product_cat-uncategorized-fi","7":"first","8":"instock","9":"shipping-taxable","10":"purchasable","11":"product-type-simple"},"_links":{"self":[{"href":"https:\/\/nordicmart.andreevmaster.com\/fi\/wp-json\/wp\/v2\/product\/32875","targetHints":{"allow":["GET"]}}],"collection":[{"href":"https:\/\/nordicmart.andreevmaster.com\/fi\/wp-json\/wp\/v2\/product"}],"about":[{"href":"https:\/\/nordicmart.andreevmaster.com\/fi\/wp-json\/wp\/v2\/types\/product"}],"replies":[{"embeddable":true,"href":"https:\/\/nordicmart.andreevmaster.com\/fi\/wp-json\/wp\/v2\/comments?post=32875"}],"wp:attachment":[{"href":"https:\/\/nordicmart.andreevmaster.com\/fi\/wp-json\/wp\/v2\/media?parent=32875"}],"wp:term":[{"taxonomy":"product_brand","embeddable":true,"href":"https:\/\/nordicmart.andreevmaster.com\/fi\/wp-json\/wp\/v2\/product_brand?post=32875"},{"taxonomy":"product_cat","embeddable":true,"href":"https:\/\/nordicmart.andreevmaster.com\/fi\/wp-json\/wp\/v2\/product_cat?post=32875"},{"taxonomy":"product_tag","embeddable":true,"href":"https:\/\/nordicmart.andreevmaster.com\/fi\/wp-json\/wp\/v2\/product_tag?post=32875"}],"curies":[{"name":"wp","href":"https:\/\/api.w.org\/{rel}","templated":true}]}}