{"id":32872,"date":"2026-02-27T00:19:03","date_gmt":"2026-02-27T00:19:03","guid":{"rendered":"https:\/\/nordicmart.andreevmaster.com\/product\/songmics-pyykkikori-3-lokeroa-luonnonvarit\/"},"modified":"2026-02-27T09:40:25","modified_gmt":"2026-02-27T09:40:25","slug":"songmics-pyykkikori-3-lokeroa-luonnonvarit","status":"publish","type":"product","link":"https:\/\/nordicmart.andreevmaster.com\/fi\/tuote\/songmics-pyykkikori-3-lokeroa-luonnonvarit\/","title":{"rendered":"SONGMICS pyykkikori, 3 lokeroa, luonnonv\u00e4rit"},"content":{"rendered":"<p>Voit odottaa seuraavia etuja: K\u00e4sin kudottu pinta antaa t\u00e4lle korille erityisen ilmeen. Tukevan metallirungon ansiosta t\u00e4m\u00e4 pyykkikori kest\u00e4\u00e4 k\u00e4yt\u00f6ss\u00e4 vuosia. Kun koria ei k\u00e4ytet\u00e4, sen voi taittaa kokoon ja s\u00e4ilytt\u00e4\u00e4 tilaa s\u00e4\u00e4st\u00e4en. Pussit voi pest\u00e4 pesukoneessa.T\u00e4m\u00e4n korin yksinkertainen rakenne tekee sen kokoamisesta helppoa. T\u00e4m\u00e4 pyykkikori sopii t\u00e4ydellisesti pesutilaan, makuuhuoneeseen, kylpyhuoneeseen tai olohuoneeseen. Tuotetiedot: V\u00e4ri: luonnonv\u00e4rit Materiaali: PP-muovi (polypropeeni), metallirunko, puuvilla Koko: 66 x 33 x 60 cm (P x L x K) Paino: 3,5 kg Maks. staattinen kantavuus: 30 kg Toimitus sis\u00e4lt\u00e4\u00e4: 1 x pyykkikori 1 x ohjeet SONGICSin huomautukset: \u00c4l\u00e4 s\u00e4ilyt\u00e4 ter\u00e4vi\u00e4 esineit\u00e4 t\u00e4ss\u00e4 tuotteessa vahingoittumisen tai loukkaantumisen v\u00e4ltt\u00e4miseksi.Maksimi staattinen kantavuus on 30 kg. \u00c4l\u00e4 s\u00e4ilyt\u00e4 painavampia esineit\u00e4 t\u00e4ss\u00e4 pyykkikorissa. T\u00e4m\u00e4 on k\u00e4sin kudottu tuote. Siksi yksitt\u00e4isiss\u00e4 punosnauhoissa ja niiden liitoskohdissa voi esiinty\u00e4 ep\u00e4s\u00e4\u00e4nn\u00f6llisyyksi\u00e4, jotka eiv\u00e4t kuitenkaan vaikuta tuotteen k\u00e4ytt\u00f6\u00f6n.<\/p>\n","protected":false},"excerpt":{"rendered":"<p>SONGMICS pyykkikori, k\u00e4sin kudottu, pyykkikori, 140 l, polyrottingia, 3 lokeroa, irrotettava pyykkipussi, kansi, kahvat, olohuoneeseen, kylpyhuoneeseen, 66 x 33 x 60 cm, luonnonv\u00e4ri LCB363N01<\/p>\n","protected":false},"featured_media":41835,"comment_status":"open","ping_status":"closed","template":"","meta":[],"product_brand":[],"product_cat":[32],"product_tag":[],"class_list":{"0":"post-32872","1":"product","2":"type-product","3":"status-publish","4":"has-post-thumbnail","6":"product_cat-uncategorized-fi","8":"first","9":"instock","10":"shipping-taxable","11":"purchasable","12":"product-type-simple"},"_links":{"self":[{"href":"https:\/\/nordicmart.andreevmaster.com\/fi\/wp-json\/wp\/v2\/product\/32872","targetHints":{"allow":["GET"]}}],"collection":[{"href":"https:\/\/nordicmart.andreevmaster.com\/fi\/wp-json\/wp\/v2\/product"}],"about":[{"href":"https:\/\/nordicmart.andreevmaster.com\/fi\/wp-json\/wp\/v2\/types\/product"}],"replies":[{"embeddable":true,"href":"https:\/\/nordicmart.andreevmaster.com\/fi\/wp-json\/wp\/v2\/comments?post=32872"}],"wp:featuredmedia":[{"embeddable":true,"href":"https:\/\/nordicmart.andreevmaster.com\/fi\/wp-json\/wp\/v2\/media\/41835"}],"wp:attachment":[{"href":"https:\/\/nordicmart.andreevmaster.com\/fi\/wp-json\/wp\/v2\/media?parent=32872"}],"wp:term":[{"taxonomy":"product_brand","embeddable":true,"href":"https:\/\/nordicmart.andreevmaster.com\/fi\/wp-json\/wp\/v2\/product_brand?post=32872"},{"taxonomy":"product_cat","embeddable":true,"href":"https:\/\/nordicmart.andreevmaster.com\/fi\/wp-json\/wp\/v2\/product_cat?post=32872"},{"taxonomy":"product_tag","embeddable":true,"href":"https:\/\/nordicmart.andreevmaster.com\/fi\/wp-json\/wp\/v2\/product_tag?post=32872"}],"curies":[{"name":"wp","href":"https:\/\/api.w.org\/{rel}","templated":true}]}}