{"id":32871,"date":"2026-02-27T00:19:03","date_gmt":"2026-02-27T00:19:03","guid":{"rendered":"https:\/\/nordicmart.andreevmaster.com\/product\/songmics-pyykkikori-pyorilla\/"},"modified":"2026-02-27T09:40:25","modified_gmt":"2026-02-27T09:40:25","slug":"songmics-pyykkikori-pyorilla","status":"publish","type":"product","link":"https:\/\/nordicmart.andreevmaster.com\/fi\/tuote\/songmics-pyykkikori-pyorilla\/","title":{"rendered":"SONGMICS pyykkikori py\u00f6rill\u00e4"},"content":{"rendered":"<p>Siisti koti on onnellinen koti: on tietysti eritt\u00e4in k\u00e4tev\u00e4\u00e4 heitt\u00e4\u00e4 likainen pyykki lattialle riisuuduttuasi. T\u00e4m\u00e4 kuitenkin ei vain tee kodistasi sekavampaa, vaan joudut my\u00f6s ker\u00e4\u00e4m\u00e4\u00e4n likaisen pyykin vaivalloisesti pesup\u00e4iv\u00e4n\u00e4. Miksi et kokeilisi t\u00e4t\u00e4 pyykkikoria? Siin\u00e4 on 3 lokeroa ja kansi. Sen avulla voit paitsi lajitella likapyykkisi, my\u00f6s pit\u00e4\u00e4 ne piilossa. Voit odottaa seuraavia etuja: &#8211; K\u00e4sin kudottu pinta antaa t\u00e4lle korille erityisen ilmeen. &#8211; Tukevan metallirungon ansiosta t\u00e4m\u00e4 pyykkikori kest\u00e4\u00e4 k\u00e4yt\u00f6ss\u00e4 vuosia. &#8211; Kun et k\u00e4yt\u00e4 koria, voit taittaa sen kokoon ja s\u00e4ilytt\u00e4\u00e4 tilaa s\u00e4\u00e4st\u00e4en.- Voit pest\u00e4 taskut pesukoneessa. &#8211; T\u00e4m\u00e4n korin yksinkertainen rakenne tekee sen kokoamisesta helppoa. &#8211; T\u00e4m\u00e4 pyykkikori sopii t\u00e4ydellisesti pesutilaan, makuuhuoneeseen, kylpyhuoneeseen tai olohuoneeseen. Tuotetiedot: &#8211; V\u00e4ri: harmaa &#8211; Materiaali: PP-muovi (polypropeeni), metallirunko, puuvilla &#8211; Koko: 66 x 33 x 60 cm (P x L x K) &#8211; Paino: 3,5 kg &#8211; Maks. staattinen kantavuus: 30 kg Toimitus sis\u00e4lt\u00e4\u00e4: &#8211; 1 x pyykkikori &#8211; 1 x ohjeet SONGMICS-ohjeet: &#8211; \u00c4l\u00e4 s\u00e4ilyt\u00e4 ter\u00e4vi\u00e4 esineit\u00e4 t\u00e4ss\u00e4 tuotteessa vahingoittumisen tai loukkaantumisen v\u00e4ltt\u00e4miseksi.- Maksimi staattinen kantavuus on 30 kg. \u00c4l\u00e4 s\u00e4ilyt\u00e4 painavampia esineit\u00e4 t\u00e4ss\u00e4 pyykkikorissa. &#8211; T\u00e4m\u00e4 on k\u00e4sin kudottu tuote. Siksi yksitt\u00e4isiss\u00e4 punosnauhoissa ja niiden liitoskohdissa voi esiinty\u00e4 ep\u00e4s\u00e4\u00e4nn\u00f6llisyyksi\u00e4, jotka eiv\u00e4t kuitenkaan vaikuta tuotteen k\u00e4ytt\u00f6\u00f6n.<\/p>\n","protected":false},"excerpt":{"rendered":"<p>SONGMICS pyykkikori, k\u00e4sin kudottu, pyykkikori, 140 l, polyrottingia, 3 lokeroa, irrotettava pyykkipussi, kansi, kahvat, olohuoneeseen, kylpyhuoneeseen, 66 x 33 x 60 cm, luonnonv\u00e4ri LCB363N01<\/p>\n","protected":false},"featured_media":41834,"comment_status":"open","ping_status":"closed","template":"","meta":[],"product_brand":[],"product_cat":[32],"product_tag":[],"class_list":{"0":"post-32871","1":"product","2":"type-product","3":"status-publish","4":"has-post-thumbnail","6":"product_cat-uncategorized-fi","8":"first","9":"instock","10":"shipping-taxable","11":"purchasable","12":"product-type-simple"},"_links":{"self":[{"href":"https:\/\/nordicmart.andreevmaster.com\/fi\/wp-json\/wp\/v2\/product\/32871","targetHints":{"allow":["GET"]}}],"collection":[{"href":"https:\/\/nordicmart.andreevmaster.com\/fi\/wp-json\/wp\/v2\/product"}],"about":[{"href":"https:\/\/nordicmart.andreevmaster.com\/fi\/wp-json\/wp\/v2\/types\/product"}],"replies":[{"embeddable":true,"href":"https:\/\/nordicmart.andreevmaster.com\/fi\/wp-json\/wp\/v2\/comments?post=32871"}],"wp:featuredmedia":[{"embeddable":true,"href":"https:\/\/nordicmart.andreevmaster.com\/fi\/wp-json\/wp\/v2\/media\/41834"}],"wp:attachment":[{"href":"https:\/\/nordicmart.andreevmaster.com\/fi\/wp-json\/wp\/v2\/media?parent=32871"}],"wp:term":[{"taxonomy":"product_brand","embeddable":true,"href":"https:\/\/nordicmart.andreevmaster.com\/fi\/wp-json\/wp\/v2\/product_brand?post=32871"},{"taxonomy":"product_cat","embeddable":true,"href":"https:\/\/nordicmart.andreevmaster.com\/fi\/wp-json\/wp\/v2\/product_cat?post=32871"},{"taxonomy":"product_tag","embeddable":true,"href":"https:\/\/nordicmart.andreevmaster.com\/fi\/wp-json\/wp\/v2\/product_tag?post=32871"}],"curies":[{"name":"wp","href":"https:\/\/api.w.org\/{rel}","templated":true}]}}