{"id":32867,"date":"2026-02-27T00:19:02","date_gmt":"2026-02-27T00:19:02","guid":{"rendered":"https:\/\/nordicmart.andreevmaster.com\/product\/songmics-130-litran-irrotettava-pyykkikori-jossa-rullat-musta-liuskekivi\/"},"modified":"2026-02-27T09:40:24","modified_gmt":"2026-02-27T09:40:24","slug":"songmics-130-litran-irrotettava-pyykkikori-jossa-rullat-musta-liuskekivi","status":"publish","type":"product","link":"https:\/\/nordicmart.andreevmaster.com\/fi\/tuote\/songmics-130-litran-irrotettava-pyykkikori-jossa-rullat-musta-liuskekivi\/","title":{"rendered":"SONGMICS 130 litran irrotettava pyykkikori, jossa rullat, musta-liuskekivi"},"content":{"rendered":"<p>SONGMICS pyykkikori 110 l, pyykkikori py\u00f6rill\u00e4, irrotettava pyykkipussi, 2 sis\u00e4kassia, pyykkik\u00e4rry kannella, 57 x 33 x 65 cm, pesutilaan<br \/>\nV\u00e4ri: musta-liuskekivi<br \/>\nMateriaali: ter\u00e4s, Oxford-kangas, PE (polyeteeni)<br \/>\nKoko: 66 x 33 x 65 cm (P x L x K)<br \/>\nPaino: 4,6 kg<br \/>\nKannen maks. staattinen kantavuus: 5 kg<br \/>\nMaks. staattinen kokonaiskuormitus: 40 kg<\/p>\n","protected":false},"excerpt":{"rendered":"<p>SONGMICS pyykkikori 110 l, pyykkikori py\u00f6rill\u00e4, irrotettava pyykkipussi, 2 sis\u00e4kassia, pyykkik\u00e4rry kannella, 57 x 33 x 65 cm, pesutilaan<\/p>\n","protected":false},"featured_media":41830,"comment_status":"open","ping_status":"closed","template":"","meta":[],"product_brand":[],"product_cat":[32],"product_tag":[],"class_list":{"0":"post-32867","1":"product","2":"type-product","3":"status-publish","4":"has-post-thumbnail","6":"product_cat-uncategorized-fi","8":"first","9":"instock","10":"shipping-taxable","11":"purchasable","12":"product-type-simple"},"_links":{"self":[{"href":"https:\/\/nordicmart.andreevmaster.com\/fi\/wp-json\/wp\/v2\/product\/32867","targetHints":{"allow":["GET"]}}],"collection":[{"href":"https:\/\/nordicmart.andreevmaster.com\/fi\/wp-json\/wp\/v2\/product"}],"about":[{"href":"https:\/\/nordicmart.andreevmaster.com\/fi\/wp-json\/wp\/v2\/types\/product"}],"replies":[{"embeddable":true,"href":"https:\/\/nordicmart.andreevmaster.com\/fi\/wp-json\/wp\/v2\/comments?post=32867"}],"wp:featuredmedia":[{"embeddable":true,"href":"https:\/\/nordicmart.andreevmaster.com\/fi\/wp-json\/wp\/v2\/media\/41830"}],"wp:attachment":[{"href":"https:\/\/nordicmart.andreevmaster.com\/fi\/wp-json\/wp\/v2\/media?parent=32867"}],"wp:term":[{"taxonomy":"product_brand","embeddable":true,"href":"https:\/\/nordicmart.andreevmaster.com\/fi\/wp-json\/wp\/v2\/product_brand?post=32867"},{"taxonomy":"product_cat","embeddable":true,"href":"https:\/\/nordicmart.andreevmaster.com\/fi\/wp-json\/wp\/v2\/product_cat?post=32867"},{"taxonomy":"product_tag","embeddable":true,"href":"https:\/\/nordicmart.andreevmaster.com\/fi\/wp-json\/wp\/v2\/product_tag?post=32867"}],"curies":[{"name":"wp","href":"https:\/\/api.w.org\/{rel}","templated":true}]}}