{"id":32861,"date":"2026-02-27T00:19:01","date_gmt":"2026-02-27T00:19:01","guid":{"rendered":"https:\/\/nordicmart.andreevmaster.com\/product\/songmics-kasin-kudottu-pyykkikori-synteettisesta-rottingista\/"},"modified":"2026-02-27T09:40:23","modified_gmt":"2026-02-27T09:40:23","slug":"songmics-kasin-kudottu-pyykkikori-synteettisesta-rottingista","status":"publish","type":"product","link":"https:\/\/nordicmart.andreevmaster.com\/fi\/tuote\/songmics-kasin-kudottu-pyykkikori-synteettisesta-rottingista\/","title":{"rendered":"SONGMICS k\u00e4sin kudottu pyykkikori synteettisest\u00e4 rottingista"},"content":{"rendered":"<p>SONGMICS k\u00e4sin kudottu pyykkikori, synteettisest\u00e4 rottingista valmistettu pyykkikori, kannella ja kahvoilla, pyykkis\u00e4ilytys, taitettava, irrotettava pyykkipussi, luonnonv\u00e4ri LCB52NL<\/p>\n","protected":false},"excerpt":{"rendered":"<p>SONGMICS k\u00e4sin kudottu pyykkikori, synteettisest\u00e4 rottingista valmistettu pyykkikori, kannella ja kahvoilla, pyykkis\u00e4ilytys, taitettava, irrotettava pyykkipussi, luonnonv\u00e4ri LCB52NL<\/p>\n","protected":false},"featured_media":41824,"comment_status":"open","ping_status":"closed","template":"","meta":[],"product_brand":[],"product_cat":[32],"product_tag":[],"class_list":{"0":"post-32861","1":"product","2":"type-product","3":"status-publish","4":"has-post-thumbnail","6":"product_cat-uncategorized-fi","8":"first","9":"instock","10":"shipping-taxable","11":"purchasable","12":"product-type-simple"},"_links":{"self":[{"href":"https:\/\/nordicmart.andreevmaster.com\/fi\/wp-json\/wp\/v2\/product\/32861","targetHints":{"allow":["GET"]}}],"collection":[{"href":"https:\/\/nordicmart.andreevmaster.com\/fi\/wp-json\/wp\/v2\/product"}],"about":[{"href":"https:\/\/nordicmart.andreevmaster.com\/fi\/wp-json\/wp\/v2\/types\/product"}],"replies":[{"embeddable":true,"href":"https:\/\/nordicmart.andreevmaster.com\/fi\/wp-json\/wp\/v2\/comments?post=32861"}],"wp:featuredmedia":[{"embeddable":true,"href":"https:\/\/nordicmart.andreevmaster.com\/fi\/wp-json\/wp\/v2\/media\/41824"}],"wp:attachment":[{"href":"https:\/\/nordicmart.andreevmaster.com\/fi\/wp-json\/wp\/v2\/media?parent=32861"}],"wp:term":[{"taxonomy":"product_brand","embeddable":true,"href":"https:\/\/nordicmart.andreevmaster.com\/fi\/wp-json\/wp\/v2\/product_brand?post=32861"},{"taxonomy":"product_cat","embeddable":true,"href":"https:\/\/nordicmart.andreevmaster.com\/fi\/wp-json\/wp\/v2\/product_cat?post=32861"},{"taxonomy":"product_tag","embeddable":true,"href":"https:\/\/nordicmart.andreevmaster.com\/fi\/wp-json\/wp\/v2\/product_tag?post=32861"}],"curies":[{"name":"wp","href":"https:\/\/api.w.org\/{rel}","templated":true}]}}