{"id":32858,"date":"2026-02-27T00:19:00","date_gmt":"2026-02-27T00:19:00","guid":{"rendered":"https:\/\/nordicmart.andreevmaster.com\/product\/songmics-pyykkikori-2-sisasakilla-luonnonbeige-kermanvalkoinen\/"},"modified":"2026-02-27T09:40:23","modified_gmt":"2026-02-27T09:40:23","slug":"songmics-pyykkikori-2-sisasakilla-luonnonbeige-kermanvalkoinen","status":"publish","type":"product","link":"https:\/\/nordicmart.andreevmaster.com\/fi\/tuote\/songmics-pyykkikori-2-sisasakilla-luonnonbeige-kermanvalkoinen\/","title":{"rendered":"SONGMICS pyykkikori 2 sis\u00e4s\u00e4kill\u00e4, luonnonbeige-kermanvalkoinen"},"content":{"rendered":"<p>SONGMICS pyykkikori 110 l, pyykkikori py\u00f6rill\u00e4, irrotettava pyykkipussi, 2 sis\u00e4kassia, pyykkik\u00e4rry kannella, 57 x 33 x 65 cm, pesutilaan<br \/>\nV\u00e4ri: luonnonbeige-kermanvalkoinen<br \/>\n&#8211; Materiaali: ter\u00e4s, Oxford-kangas, PE (polyeteeni)<br \/>\n&#8211; Koko: 57 x 33 x 65 cm (P x L x K)<br \/>\n&#8211; Paino: 3,6 kg<br \/>\n&#8211; Kannen maks. staattinen kantavuus: 5 kg<br \/>\n&#8211; Maks. staattinen kokonaiskuormitus: 20 kg<\/p>\n","protected":false},"excerpt":{"rendered":"<p>SONGMICS pyykkikori 110 l, pyykkikori py\u00f6rill\u00e4, irrotettava pyykkipussi, 2 sis\u00e4kassia, pyykkik\u00e4rry kannella, 57 x 33 x 65 cm, pesutilaan<\/p>\n","protected":false},"featured_media":41821,"comment_status":"open","ping_status":"closed","template":"","meta":[],"product_brand":[],"product_cat":[32],"product_tag":[],"class_list":{"0":"post-32858","1":"product","2":"type-product","3":"status-publish","4":"has-post-thumbnail","6":"product_cat-uncategorized-fi","8":"first","9":"instock","10":"shipping-taxable","11":"purchasable","12":"product-type-simple"},"_links":{"self":[{"href":"https:\/\/nordicmart.andreevmaster.com\/fi\/wp-json\/wp\/v2\/product\/32858","targetHints":{"allow":["GET"]}}],"collection":[{"href":"https:\/\/nordicmart.andreevmaster.com\/fi\/wp-json\/wp\/v2\/product"}],"about":[{"href":"https:\/\/nordicmart.andreevmaster.com\/fi\/wp-json\/wp\/v2\/types\/product"}],"replies":[{"embeddable":true,"href":"https:\/\/nordicmart.andreevmaster.com\/fi\/wp-json\/wp\/v2\/comments?post=32858"}],"wp:featuredmedia":[{"embeddable":true,"href":"https:\/\/nordicmart.andreevmaster.com\/fi\/wp-json\/wp\/v2\/media\/41821"}],"wp:attachment":[{"href":"https:\/\/nordicmart.andreevmaster.com\/fi\/wp-json\/wp\/v2\/media?parent=32858"}],"wp:term":[{"taxonomy":"product_brand","embeddable":true,"href":"https:\/\/nordicmart.andreevmaster.com\/fi\/wp-json\/wp\/v2\/product_brand?post=32858"},{"taxonomy":"product_cat","embeddable":true,"href":"https:\/\/nordicmart.andreevmaster.com\/fi\/wp-json\/wp\/v2\/product_cat?post=32858"},{"taxonomy":"product_tag","embeddable":true,"href":"https:\/\/nordicmart.andreevmaster.com\/fi\/wp-json\/wp\/v2\/product_tag?post=32858"}],"curies":[{"name":"wp","href":"https:\/\/api.w.org\/{rel}","templated":true}]}}