{"id":32856,"date":"2026-02-27T00:19:00","date_gmt":"2026-02-27T00:19:00","guid":{"rendered":"https:\/\/nordicmart.andreevmaster.com\/product\/songmics-pyykkikori-110-l-kannella-musta-liuskekivi\/"},"modified":"2026-02-27T09:40:22","modified_gmt":"2026-02-27T09:40:22","slug":"songmics-pyykkikori-110-l-kannella-musta-liuskekivi","status":"publish","type":"product","link":"https:\/\/nordicmart.andreevmaster.com\/fi\/tuote\/songmics-pyykkikori-110-l-kannella-musta-liuskekivi\/","title":{"rendered":"SONGMICS pyykkikori 110 l kannella musta-liuskekivi"},"content":{"rendered":"<p>SONGMICS pyykkikori 110 l, pyykkikori py\u00f6rill\u00e4, irrotettava pyykkipussi, 2 sis\u00e4kassia, pyykkik\u00e4rry kannella, 57 x 33 x 65 cm, pesutilaan<br \/>\nV\u00e4ri: kultainen-valkoinen<br \/>\nMateriaali: metallirunko<br \/>\nKoko: 18 x 20,5 x 36 cm (S x L x K)<br \/>\nPaino: 0,5 kg<\/p>\n","protected":false},"excerpt":{"rendered":"<p>SONGMICS pyykkikori 110 l, pyykkikori py\u00f6rill\u00e4, irrotettava pyykkipussi, 2 sis\u00e4kassia, pyykkik\u00e4rry kannella, 57 x 33 x 65 cm, pesutilaan<\/p>\n","protected":false},"featured_media":41819,"comment_status":"open","ping_status":"closed","template":"","meta":[],"product_brand":[],"product_cat":[32],"product_tag":[],"class_list":{"0":"post-32856","1":"product","2":"type-product","3":"status-publish","4":"has-post-thumbnail","6":"product_cat-uncategorized-fi","8":"first","9":"instock","10":"shipping-taxable","11":"purchasable","12":"product-type-simple"},"_links":{"self":[{"href":"https:\/\/nordicmart.andreevmaster.com\/fi\/wp-json\/wp\/v2\/product\/32856","targetHints":{"allow":["GET"]}}],"collection":[{"href":"https:\/\/nordicmart.andreevmaster.com\/fi\/wp-json\/wp\/v2\/product"}],"about":[{"href":"https:\/\/nordicmart.andreevmaster.com\/fi\/wp-json\/wp\/v2\/types\/product"}],"replies":[{"embeddable":true,"href":"https:\/\/nordicmart.andreevmaster.com\/fi\/wp-json\/wp\/v2\/comments?post=32856"}],"wp:featuredmedia":[{"embeddable":true,"href":"https:\/\/nordicmart.andreevmaster.com\/fi\/wp-json\/wp\/v2\/media\/41819"}],"wp:attachment":[{"href":"https:\/\/nordicmart.andreevmaster.com\/fi\/wp-json\/wp\/v2\/media?parent=32856"}],"wp:term":[{"taxonomy":"product_brand","embeddable":true,"href":"https:\/\/nordicmart.andreevmaster.com\/fi\/wp-json\/wp\/v2\/product_brand?post=32856"},{"taxonomy":"product_cat","embeddable":true,"href":"https:\/\/nordicmart.andreevmaster.com\/fi\/wp-json\/wp\/v2\/product_cat?post=32856"},{"taxonomy":"product_tag","embeddable":true,"href":"https:\/\/nordicmart.andreevmaster.com\/fi\/wp-json\/wp\/v2\/product_tag?post=32856"}],"curies":[{"name":"wp","href":"https:\/\/api.w.org\/{rel}","templated":true}]}}