{"id":32855,"date":"2026-02-27T00:18:59","date_gmt":"2026-02-27T00:18:59","guid":{"rendered":"https:\/\/nordicmart.andreevmaster.com\/product\/songmics-pyykkikori-2-kpl-110-l-kahvoilla-harmaasavyinen\/"},"modified":"2026-02-27T09:40:22","modified_gmt":"2026-02-27T09:40:22","slug":"songmics-pyykkikori-2-kpl-110-l-kahvoilla-harmaasavyinen","status":"publish","type":"product","link":"https:\/\/nordicmart.andreevmaster.com\/fi\/tuote\/songmics-pyykkikori-2-kpl-110-l-kahvoilla-harmaasavyinen\/","title":{"rendered":"SONGMICS pyykkikori 2 kpl 110 l kahvoilla, harmaas\u00e4vyinen"},"content":{"rendered":"<p>SONGMICS pyykkikori 2 kpl, 75 l taitettava pyykkikori, lyhyill\u00e4 ja pitkill\u00e4 kahvoilla, helppo kantaa ja puhdistaa, vapaasti seisova, makuuhuoneeseen tai kylpyhuoneeseen, liuskekivi harmaa LCB208G01<br \/>\nV\u00e4ri: kyyhkynharmaa<br \/>\nMateriaali: polyester-puuvillakangas, polyeteenipinnoite<br \/>\nKoko per pyykkipussi: 45 x 40 x 65 cm (P x L x K)<br \/>\nPaino: 1,1 kg<br \/>\nPyykkipussin maks. staattinen kantavuus: 25 kg<\/p>\n","protected":false},"excerpt":{"rendered":"<p>SONGMICS pyykkikori 2 kpl, 75 l taitettava pyykkikori, lyhyill\u00e4 ja pitkill\u00e4 kahvoilla, helppo kantaa ja puhdistaa, vapaasti seisova, makuuhuoneeseen tai kylpyhuoneeseen, liuskekivi harmaa LCB208G01<\/p>\n","protected":false},"featured_media":41818,"comment_status":"open","ping_status":"closed","template":"","meta":[],"product_brand":[],"product_cat":[32],"product_tag":[],"class_list":{"0":"post-32855","1":"product","2":"type-product","3":"status-publish","4":"has-post-thumbnail","6":"product_cat-uncategorized-fi","8":"first","9":"instock","10":"shipping-taxable","11":"purchasable","12":"product-type-simple"},"_links":{"self":[{"href":"https:\/\/nordicmart.andreevmaster.com\/fi\/wp-json\/wp\/v2\/product\/32855","targetHints":{"allow":["GET"]}}],"collection":[{"href":"https:\/\/nordicmart.andreevmaster.com\/fi\/wp-json\/wp\/v2\/product"}],"about":[{"href":"https:\/\/nordicmart.andreevmaster.com\/fi\/wp-json\/wp\/v2\/types\/product"}],"replies":[{"embeddable":true,"href":"https:\/\/nordicmart.andreevmaster.com\/fi\/wp-json\/wp\/v2\/comments?post=32855"}],"wp:featuredmedia":[{"embeddable":true,"href":"https:\/\/nordicmart.andreevmaster.com\/fi\/wp-json\/wp\/v2\/media\/41818"}],"wp:attachment":[{"href":"https:\/\/nordicmart.andreevmaster.com\/fi\/wp-json\/wp\/v2\/media?parent=32855"}],"wp:term":[{"taxonomy":"product_brand","embeddable":true,"href":"https:\/\/nordicmart.andreevmaster.com\/fi\/wp-json\/wp\/v2\/product_brand?post=32855"},{"taxonomy":"product_cat","embeddable":true,"href":"https:\/\/nordicmart.andreevmaster.com\/fi\/wp-json\/wp\/v2\/product_cat?post=32855"},{"taxonomy":"product_tag","embeddable":true,"href":"https:\/\/nordicmart.andreevmaster.com\/fi\/wp-json\/wp\/v2\/product_tag?post=32855"}],"curies":[{"name":"wp","href":"https:\/\/api.w.org\/{rel}","templated":true}]}}