{"id":32852,"date":"2026-02-27T00:18:59","date_gmt":"2026-02-27T00:18:59","guid":{"rendered":"https:\/\/nordicmart.andreevmaster.com\/product\/songmics-2-kpl-pyykkikori-2-lokerolla-tummanharmaa\/"},"modified":"2026-02-27T09:40:22","modified_gmt":"2026-02-27T09:40:22","slug":"songmics-2-kpl-pyykkikori-2-lokerolla-tummanharmaa","status":"publish","type":"product","link":"https:\/\/nordicmart.andreevmaster.com\/fi\/tuote\/songmics-2-kpl-pyykkikori-2-lokerolla-tummanharmaa\/","title":{"rendered":"SONGMICS 2 kpl pyykkikori 2 lokerolla, tummanharmaa"},"content":{"rendered":"<p>SONGMICS pyykkikori 2 lokeroa, 90 litraa, suuri pyykkikori, pyykkipussi, seisova, taitettava, pyykkilajittelija, 2 lyhytt\u00e4, 2 pitk\u00e4\u00e4 kahvaa, pesutupa, makuuhuone, kylpyhuone, vaaleanharmaa LCB209G11<br \/>\nV\u00e4ri: tummanharmaa<br \/>\nMateriaali: 200 g\/m\u00b2 polyesterikangas, 170 g\/m\u00b2 PE-pinnoite<br \/>\nKoko per pyykkipussi: 40 x 35 x 65 cm (P x L x K)<br \/>\nPaino per pyykkipussi: 670 g<br \/>\nMaks. staattinen kokonaiskuormitus per pyykkipussi: 30 kg<\/p>\n","protected":false},"excerpt":{"rendered":"<p>SONGMICS pyykkikori 2 lokeroa, 90 litraa, suuri pyykkikori, pyykkipussi, seisova, taitettava, pyykkilajittelija, 2 lyhytt\u00e4, 2 pitk\u00e4\u00e4 kahvaa, pesutupa, makuuhuone, kylpyhuone, vaaleanharmaa LCB209G11<\/p>\n","protected":false},"featured_media":41815,"comment_status":"open","ping_status":"closed","template":"","meta":[],"product_brand":[],"product_cat":[32],"product_tag":[],"class_list":{"0":"post-32852","1":"product","2":"type-product","3":"status-publish","4":"has-post-thumbnail","6":"product_cat-uncategorized-fi","8":"first","9":"instock","10":"shipping-taxable","11":"purchasable","12":"product-type-simple"},"_links":{"self":[{"href":"https:\/\/nordicmart.andreevmaster.com\/fi\/wp-json\/wp\/v2\/product\/32852","targetHints":{"allow":["GET"]}}],"collection":[{"href":"https:\/\/nordicmart.andreevmaster.com\/fi\/wp-json\/wp\/v2\/product"}],"about":[{"href":"https:\/\/nordicmart.andreevmaster.com\/fi\/wp-json\/wp\/v2\/types\/product"}],"replies":[{"embeddable":true,"href":"https:\/\/nordicmart.andreevmaster.com\/fi\/wp-json\/wp\/v2\/comments?post=32852"}],"wp:featuredmedia":[{"embeddable":true,"href":"https:\/\/nordicmart.andreevmaster.com\/fi\/wp-json\/wp\/v2\/media\/41815"}],"wp:attachment":[{"href":"https:\/\/nordicmart.andreevmaster.com\/fi\/wp-json\/wp\/v2\/media?parent=32852"}],"wp:term":[{"taxonomy":"product_brand","embeddable":true,"href":"https:\/\/nordicmart.andreevmaster.com\/fi\/wp-json\/wp\/v2\/product_brand?post=32852"},{"taxonomy":"product_cat","embeddable":true,"href":"https:\/\/nordicmart.andreevmaster.com\/fi\/wp-json\/wp\/v2\/product_cat?post=32852"},{"taxonomy":"product_tag","embeddable":true,"href":"https:\/\/nordicmart.andreevmaster.com\/fi\/wp-json\/wp\/v2\/product_tag?post=32852"}],"curies":[{"name":"wp","href":"https:\/\/api.w.org\/{rel}","templated":true}]}}