{"id":32843,"date":"2026-02-27T00:18:57","date_gmt":"2026-02-27T00:18:57","guid":{"rendered":"https:\/\/nordicmart.andreevmaster.com\/product\/songmics-pyykkikori-pyykkipussilla\/"},"modified":"2026-02-27T09:40:20","modified_gmt":"2026-02-27T09:40:20","slug":"songmics-pyykkikori-pyykkipussilla","status":"publish","type":"product","link":"https:\/\/nordicmart.andreevmaster.com\/fi\/tuote\/songmics-pyykkikori-pyykkipussilla\/","title":{"rendered":"SONGMICS pyykkikori pyykkipussilla"},"content":{"rendered":"<p>Etsitk\u00f6 pyykkikoria, joka helpottaa pyykkip\u00e4iv\u00e4\u00e4si mahdollisimman paljon? T\u00e4m\u00e4 SONGMICS-pyykkikori on oikea valinta, sill\u00e4 siin\u00e4 on kaikki mit\u00e4 tarvitset: &#8211; Kest\u00e4v\u00e4 ja tilava: 90 litran tilavuudella ja 20 kg:n kantavuudella pussille ja 30 kg:n kantavuudella metallikorille se mahtuu paljon likapyykk\u00e4\u00e4. &#8211; Irrotettava ja kannettava: Tarranauhalla ja kahvoilla varustetun pussin voi helposti irrottaa ja laittaa pesukoneeseen. &#8211; Helppo koota ja tilaa s\u00e4\u00e4st\u00e4v\u00e4: Taitettavan rakenteensa ansiosta kori on helppo koota tai s\u00e4ilytt\u00e4\u00e4 nurkassa, kun sit\u00e4 ei tarvita, joten se vie v\u00e4hemm\u00e4n tilaa. &#8211; Pest\u00e4v\u00e4 ja hengitt\u00e4v\u00e4: puuvilla-polyesteriseoksesta valmistettu pussi on konepest\u00e4v\u00e4 ja hengitt\u00e4v\u00e4, jotta likapyykin haju p\u00e4\u00e4see poistumaan. &#8211; Monipuolinen: Sopii my\u00f6s vuodevaatteiden tai pyyhkeiden s\u00e4ilytysastiana. &#8211; Helppo sovittaa: Yksinkertaisen ulkon\u00e4k\u00f6ns\u00e4 ansiosta se sopii helposti makuuhuoneesi, pesutuvan tai kylpyhuoneesi tyyliin. Tuotetiedot: &#8211; V\u00e4ri: musta-harmaa &#8211; Materiaali: ter\u00e4s, puuvilla-polyesteriseos &#8211; Koko: 48 x 33 x 58 cm (P x L x K) &#8211; Tilavuus: 90 litraa &#8211; Paino: 3,5 kg &#8211; Korin suurin staattinen kantavuus: 20 kg &#8211; Korin suurin staattinen kantavuus: 30 kg Toimitus sis\u00e4lt\u00e4\u00e4: &#8211; 1 x pyykkikori &#8211; 1 x ohjeet<\/p>\n","protected":false},"excerpt":{"rendered":"<p>SONGMICS pyykkikori 90 l, taitettava pyykkikori, irrotettava ja pest\u00e4v\u00e4 pyykkipussi, metallirunko, makuuhuoneeseen, kylpyhuoneeseen, pesutilaan, musta-harmaa LCB190G01<\/p>\n","protected":false},"featured_media":41806,"comment_status":"open","ping_status":"closed","template":"","meta":[],"product_brand":[],"product_cat":[32],"product_tag":[],"class_list":{"0":"post-32843","1":"product","2":"type-product","3":"status-publish","4":"has-post-thumbnail","6":"product_cat-uncategorized-fi","8":"first","9":"instock","10":"shipping-taxable","11":"purchasable","12":"product-type-simple"},"_links":{"self":[{"href":"https:\/\/nordicmart.andreevmaster.com\/fi\/wp-json\/wp\/v2\/product\/32843","targetHints":{"allow":["GET"]}}],"collection":[{"href":"https:\/\/nordicmart.andreevmaster.com\/fi\/wp-json\/wp\/v2\/product"}],"about":[{"href":"https:\/\/nordicmart.andreevmaster.com\/fi\/wp-json\/wp\/v2\/types\/product"}],"replies":[{"embeddable":true,"href":"https:\/\/nordicmart.andreevmaster.com\/fi\/wp-json\/wp\/v2\/comments?post=32843"}],"wp:featuredmedia":[{"embeddable":true,"href":"https:\/\/nordicmart.andreevmaster.com\/fi\/wp-json\/wp\/v2\/media\/41806"}],"wp:attachment":[{"href":"https:\/\/nordicmart.andreevmaster.com\/fi\/wp-json\/wp\/v2\/media?parent=32843"}],"wp:term":[{"taxonomy":"product_brand","embeddable":true,"href":"https:\/\/nordicmart.andreevmaster.com\/fi\/wp-json\/wp\/v2\/product_brand?post=32843"},{"taxonomy":"product_cat","embeddable":true,"href":"https:\/\/nordicmart.andreevmaster.com\/fi\/wp-json\/wp\/v2\/product_cat?post=32843"},{"taxonomy":"product_tag","embeddable":true,"href":"https:\/\/nordicmart.andreevmaster.com\/fi\/wp-json\/wp\/v2\/product_tag?post=32843"}],"curies":[{"name":"wp","href":"https:\/\/api.w.org\/{rel}","templated":true}]}}