{"id":32835,"date":"2026-02-27T00:18:55","date_gmt":"2026-02-27T00:18:55","guid":{"rendered":"https:\/\/nordicmart.andreevmaster.com\/product\/songmics-pyykkikori-50-litraa-irrotettava-ja-pestava-pyykkipussi\/"},"modified":"2026-02-27T09:40:19","modified_gmt":"2026-02-27T09:40:19","slug":"songmics-pyykkikori-50-litraa-irrotettava-ja-pestava-pyykkipussi","status":"publish","type":"product","link":"https:\/\/nordicmart.andreevmaster.com\/fi\/tuote\/songmics-pyykkikori-50-litraa-irrotettava-ja-pestava-pyykkipussi\/","title":{"rendered":"SONGMICS pyykkikori 50 litraa, irrotettava ja pest\u00e4v\u00e4 pyykkipussi"},"content":{"rendered":"<p>SONGMICS pyykkikori 50 l, taitettava pyykkikori, irrotettava ja pest\u00e4v\u00e4 pyykkipussi, metallilanka-runko, makuuhuoneeseen, kylpyhuoneeseen, pesutilaan<\/p>\n","protected":false},"excerpt":{"rendered":"<p>SONGMICS pyykkikori 50 l, taitettava pyykkikori, irrotettava ja pest\u00e4v\u00e4 pyykkipussi, metallilanka-runko, makuuhuoneeseen, kylpyhuoneeseen, pesutilaan<\/p>\n","protected":false},"featured_media":41798,"comment_status":"open","ping_status":"closed","template":"","meta":[],"product_brand":[],"product_cat":[32],"product_tag":[],"class_list":{"0":"post-32835","1":"product","2":"type-product","3":"status-publish","4":"has-post-thumbnail","6":"product_cat-uncategorized-fi","8":"first","9":"instock","10":"shipping-taxable","11":"purchasable","12":"product-type-simple"},"_links":{"self":[{"href":"https:\/\/nordicmart.andreevmaster.com\/fi\/wp-json\/wp\/v2\/product\/32835","targetHints":{"allow":["GET"]}}],"collection":[{"href":"https:\/\/nordicmart.andreevmaster.com\/fi\/wp-json\/wp\/v2\/product"}],"about":[{"href":"https:\/\/nordicmart.andreevmaster.com\/fi\/wp-json\/wp\/v2\/types\/product"}],"replies":[{"embeddable":true,"href":"https:\/\/nordicmart.andreevmaster.com\/fi\/wp-json\/wp\/v2\/comments?post=32835"}],"wp:featuredmedia":[{"embeddable":true,"href":"https:\/\/nordicmart.andreevmaster.com\/fi\/wp-json\/wp\/v2\/media\/41798"}],"wp:attachment":[{"href":"https:\/\/nordicmart.andreevmaster.com\/fi\/wp-json\/wp\/v2\/media?parent=32835"}],"wp:term":[{"taxonomy":"product_brand","embeddable":true,"href":"https:\/\/nordicmart.andreevmaster.com\/fi\/wp-json\/wp\/v2\/product_brand?post=32835"},{"taxonomy":"product_cat","embeddable":true,"href":"https:\/\/nordicmart.andreevmaster.com\/fi\/wp-json\/wp\/v2\/product_cat?post=32835"},{"taxonomy":"product_tag","embeddable":true,"href":"https:\/\/nordicmart.andreevmaster.com\/fi\/wp-json\/wp\/v2\/product_tag?post=32835"}],"curies":[{"name":"wp","href":"https:\/\/api.w.org\/{rel}","templated":true}]}}