{"id":32834,"date":"2026-02-27T00:18:55","date_gmt":"2026-02-27T00:18:55","guid":{"rendered":"https:\/\/nordicmart.andreevmaster.com\/product\/songmics-pyykkikori-irrotettavalla-ja-pestavalla-pyykkipussilla\/"},"modified":"2026-02-27T09:40:18","modified_gmt":"2026-02-27T09:40:18","slug":"songmics-pyykkikori-irrotettavalla-ja-pestavalla-pyykkipussilla","status":"publish","type":"product","link":"https:\/\/nordicmart.andreevmaster.com\/fi\/tuote\/songmics-pyykkikori-irrotettavalla-ja-pestavalla-pyykkipussilla\/","title":{"rendered":"SONGMICS pyykkikori irrotettavalla ja pest\u00e4v\u00e4ll\u00e4 pyykkipussilla"},"content":{"rendered":"<p>SONGMICS pyykkikori 50 l, taitettava pyykkikori, irrotettava ja pest\u00e4v\u00e4 pyykkipussi, metallilanka-runko, makuuhuoneeseen, kylpyhuoneeseen, pesutilaan<\/p>\n","protected":false},"excerpt":{"rendered":"<p>SONGMICS pyykkikori 50 l, taitettava pyykkikori, irrotettava ja pest\u00e4v\u00e4 pyykkipussi, metallilanka-runko, makuuhuoneeseen, kylpyhuoneeseen, pesutilaan<\/p>\n","protected":false},"featured_media":41797,"comment_status":"open","ping_status":"closed","template":"","meta":[],"product_brand":[],"product_cat":[32],"product_tag":[],"class_list":{"0":"post-32834","1":"product","2":"type-product","3":"status-publish","4":"has-post-thumbnail","6":"product_cat-uncategorized-fi","8":"first","9":"instock","10":"shipping-taxable","11":"purchasable","12":"product-type-simple"},"_links":{"self":[{"href":"https:\/\/nordicmart.andreevmaster.com\/fi\/wp-json\/wp\/v2\/product\/32834","targetHints":{"allow":["GET"]}}],"collection":[{"href":"https:\/\/nordicmart.andreevmaster.com\/fi\/wp-json\/wp\/v2\/product"}],"about":[{"href":"https:\/\/nordicmart.andreevmaster.com\/fi\/wp-json\/wp\/v2\/types\/product"}],"replies":[{"embeddable":true,"href":"https:\/\/nordicmart.andreevmaster.com\/fi\/wp-json\/wp\/v2\/comments?post=32834"}],"wp:featuredmedia":[{"embeddable":true,"href":"https:\/\/nordicmart.andreevmaster.com\/fi\/wp-json\/wp\/v2\/media\/41797"}],"wp:attachment":[{"href":"https:\/\/nordicmart.andreevmaster.com\/fi\/wp-json\/wp\/v2\/media?parent=32834"}],"wp:term":[{"taxonomy":"product_brand","embeddable":true,"href":"https:\/\/nordicmart.andreevmaster.com\/fi\/wp-json\/wp\/v2\/product_brand?post=32834"},{"taxonomy":"product_cat","embeddable":true,"href":"https:\/\/nordicmart.andreevmaster.com\/fi\/wp-json\/wp\/v2\/product_cat?post=32834"},{"taxonomy":"product_tag","embeddable":true,"href":"https:\/\/nordicmart.andreevmaster.com\/fi\/wp-json\/wp\/v2\/product_tag?post=32834"}],"curies":[{"name":"wp","href":"https:\/\/api.w.org\/{rel}","templated":true}]}}