{"id":32822,"date":"2026-02-27T00:18:52","date_gmt":"2026-02-27T00:18:52","guid":{"rendered":"https:\/\/nordicmart.andreevmaster.com\/product\/songmics-bambus-pyykkikori-72-l-ruskea\/"},"modified":"2026-02-27T09:40:16","modified_gmt":"2026-02-27T09:40:16","slug":"songmics-bambus-pyykkikori-72-l-ruskea","status":"publish","type":"product","link":"https:\/\/nordicmart.andreevmaster.com\/fi\/tuote\/songmics-bambus-pyykkikori-72-l-ruskea\/","title":{"rendered":"SONGMICS Bambus-pyykkikori 72 l, ruskea"},"content":{"rendered":"<p>Etsitk\u00f6 pyykkikoria, joka on kaunis, valmistettu luonnonmateriaaleista, jossa on kansi ja joka ei ole liian kallis? Sitten t\u00e4m\u00e4 Songmics-pyykkikori varmasti vakuuttaa sinut. Se on eritt\u00e4in kest\u00e4v\u00e4 ja vakaa, tarjoaa noin 72 litran s\u00e4ilytystilan ja t\u00e4ytt\u00e4\u00e4 tarkoituksensa erinomaisesti. Bambuinen ulkon\u00e4k\u00f6 sopii hyvin jokaiseen makuuhuoneeseen ja tuo luonnon tunnelmaa kotiin. Kokoaminen on lasten leikki\u00e4! Se on koottu muutamassa minuutissa ja tekee heti hyv\u00e4n vaikutuksen. Kun koria ei k\u00e4ytet\u00e4, se voidaan taittaa kokoon. Songmics-pyykkikori vie v\u00e4h\u00e4n tilaa ja sopii t\u00e4ydellisesti koloihin, kylpyhuoneeseen, parvekkeelle, makuuhuoneeseen jne. Sit\u00e4 voi k\u00e4ytt\u00e4\u00e4 paitsi pyykin s\u00e4ilytykseen my\u00f6s pehmolelujen, lelujen, puhtaiden vaatteiden, peittojen jne. s\u00e4ilytykseen. Songmics-pyykkikori on hankinta, josta saat iloa vuosiksi. Tuotetiedot: &#8211; Mitat: 40 x 60 x 30 cm (L x K x S) &#8211; Materiaali: bambu &#8211; Paino: 2,03 kg &#8211; V\u00e4ri: ruskea Toimitus sis\u00e4lt\u00e4\u00e4: &#8211; 1 x bambumatto &#8211; 1 x kansi &#8211; 1 x metallirengas &#8211; 1 x pohjalevy &#8211; 1 x pyykkipussi Huomautukset:  &#8211; 1. Homeen muodostumisen est\u00e4miseksi on suositeltavaa, ett\u00e4 pyykkikoria ei k\u00e4ytet\u00e4 kosteassa tai m\u00e4r\u00e4ss\u00e4  ymp\u00e4rist\u00f6ss\u00e4!  &#8211; 2. Sopii vain kuiville pyykeille. \u00c4l\u00e4 j\u00e4t\u00e4 m\u00e4rki\u00e4 pyykkej\u00e4 pyykkikoriin!  &#8211; 3. \u00c4l\u00e4 aseta raskaita esineit\u00e4 korin p\u00e4\u00e4lle!<\/p>\n","protected":false},"excerpt":{"rendered":"<p>SONGMICS bambusta valmistettu pyykkikori, taitettava pyykkikori kannella ja irrotettavalla puuvillaisella pyykkipussilla, 72 litran pyykkilaatikko, pyykkikori, 40 x 60 x 30 cm, ruskea, LCB10Z<\/p>\n","protected":false},"featured_media":41785,"comment_status":"open","ping_status":"closed","template":"","meta":[],"product_brand":[],"product_cat":[32],"product_tag":[],"class_list":{"0":"post-32822","1":"product","2":"type-product","3":"status-publish","4":"has-post-thumbnail","6":"product_cat-uncategorized-fi","8":"first","9":"instock","10":"shipping-taxable","11":"purchasable","12":"product-type-simple"},"_links":{"self":[{"href":"https:\/\/nordicmart.andreevmaster.com\/fi\/wp-json\/wp\/v2\/product\/32822","targetHints":{"allow":["GET"]}}],"collection":[{"href":"https:\/\/nordicmart.andreevmaster.com\/fi\/wp-json\/wp\/v2\/product"}],"about":[{"href":"https:\/\/nordicmart.andreevmaster.com\/fi\/wp-json\/wp\/v2\/types\/product"}],"replies":[{"embeddable":true,"href":"https:\/\/nordicmart.andreevmaster.com\/fi\/wp-json\/wp\/v2\/comments?post=32822"}],"wp:featuredmedia":[{"embeddable":true,"href":"https:\/\/nordicmart.andreevmaster.com\/fi\/wp-json\/wp\/v2\/media\/41785"}],"wp:attachment":[{"href":"https:\/\/nordicmart.andreevmaster.com\/fi\/wp-json\/wp\/v2\/media?parent=32822"}],"wp:term":[{"taxonomy":"product_brand","embeddable":true,"href":"https:\/\/nordicmart.andreevmaster.com\/fi\/wp-json\/wp\/v2\/product_brand?post=32822"},{"taxonomy":"product_cat","embeddable":true,"href":"https:\/\/nordicmart.andreevmaster.com\/fi\/wp-json\/wp\/v2\/product_cat?post=32822"},{"taxonomy":"product_tag","embeddable":true,"href":"https:\/\/nordicmart.andreevmaster.com\/fi\/wp-json\/wp\/v2\/product_tag?post=32822"}],"curies":[{"name":"wp","href":"https:\/\/api.w.org\/{rel}","templated":true}]}}