{"id":32821,"date":"2026-02-27T00:18:52","date_gmt":"2026-02-27T00:18:52","guid":{"rendered":"https:\/\/nordicmart.andreevmaster.com\/product\/songmics-pyykkikori-bambu-72-l\/"},"modified":"2026-02-27T09:40:16","modified_gmt":"2026-02-27T09:40:16","slug":"songmics-pyykkikori-bambu-72-l","status":"publish","type":"product","link":"https:\/\/nordicmart.andreevmaster.com\/fi\/tuote\/songmics-pyykkikori-bambu-72-l\/","title":{"rendered":"SONGMICS pyykkikori  bambu 72 l"},"content":{"rendered":"<p>Huomautukset: Homeen muodostumisen est\u00e4miseksi \u00e4l\u00e4 k\u00e4yt\u00e4 pyykkikoria kosteassa ymp\u00e4rist\u00f6ss\u00e4, vaan tuuleta se s\u00e4\u00e4nn\u00f6llisesti. Pyykkikorin muodonmuutosten est\u00e4miseksi \u00e4l\u00e4 laita siihen liikaa pyykki\u00e4. Pyykkikorin k\u00e4ytt\u00f6i\u00e4n pident\u00e4miseksi \u00e4l\u00e4 avaa metallirenkaita liikaa. Puhdista bambukori kostealla liinalla.Pyykkihuopa on pest\u00e4v\u00e4 30 \u00b0C:ssa. Tuotetiedot: Mitat: 40 x 60 x 30 cm (L x K x S) Materiaali: bambu, puuvillainen pyykkihuopa V\u00e4ri: bambunv\u00e4rinen Paino: 2,05 kg Toimitus sis\u00e4lt\u00e4\u00e4: 1 x pyykkikori 1 x ohjeet (DE, EN, FR, IT, ES)<\/p>\n","protected":false},"excerpt":{"rendered":"<p>SONGMICS bambusta valmistettu pyykkikori, taitettava pyykkikori kannella ja irrotettavalla puuvillaisella pyykkipussilla, 72 litran pyykkilaatikko, pyykkikori, 40 x 60 x 30 cm, ruskea, LCB10Z<\/p>\n","protected":false},"featured_media":41784,"comment_status":"open","ping_status":"closed","template":"","meta":[],"product_brand":[],"product_cat":[32],"product_tag":[],"class_list":{"0":"post-32821","1":"product","2":"type-product","3":"status-publish","4":"has-post-thumbnail","6":"product_cat-uncategorized-fi","8":"first","9":"instock","10":"shipping-taxable","11":"purchasable","12":"product-type-simple"},"_links":{"self":[{"href":"https:\/\/nordicmart.andreevmaster.com\/fi\/wp-json\/wp\/v2\/product\/32821","targetHints":{"allow":["GET"]}}],"collection":[{"href":"https:\/\/nordicmart.andreevmaster.com\/fi\/wp-json\/wp\/v2\/product"}],"about":[{"href":"https:\/\/nordicmart.andreevmaster.com\/fi\/wp-json\/wp\/v2\/types\/product"}],"replies":[{"embeddable":true,"href":"https:\/\/nordicmart.andreevmaster.com\/fi\/wp-json\/wp\/v2\/comments?post=32821"}],"wp:featuredmedia":[{"embeddable":true,"href":"https:\/\/nordicmart.andreevmaster.com\/fi\/wp-json\/wp\/v2\/media\/41784"}],"wp:attachment":[{"href":"https:\/\/nordicmart.andreevmaster.com\/fi\/wp-json\/wp\/v2\/media?parent=32821"}],"wp:term":[{"taxonomy":"product_brand","embeddable":true,"href":"https:\/\/nordicmart.andreevmaster.com\/fi\/wp-json\/wp\/v2\/product_brand?post=32821"},{"taxonomy":"product_cat","embeddable":true,"href":"https:\/\/nordicmart.andreevmaster.com\/fi\/wp-json\/wp\/v2\/product_cat?post=32821"},{"taxonomy":"product_tag","embeddable":true,"href":"https:\/\/nordicmart.andreevmaster.com\/fi\/wp-json\/wp\/v2\/product_tag?post=32821"}],"curies":[{"name":"wp","href":"https:\/\/api.w.org\/{rel}","templated":true}]}}