{"id":32819,"date":"2026-02-27T00:18:51","date_gmt":"2026-02-27T00:18:51","guid":{"rendered":"https:\/\/nordicmart.andreevmaster.com\/product\/songmics-pyykkikori-keinokangas-60-l-harmaa\/"},"modified":"2026-02-27T09:40:16","modified_gmt":"2026-02-27T09:40:16","slug":"songmics-pyykkikori-keinokangas-60-l-harmaa","status":"publish","type":"product","link":"https:\/\/nordicmart.andreevmaster.com\/fi\/tuote\/songmics-pyykkikori-keinokangas-60-l-harmaa\/","title":{"rendered":"SONGMICS pyykkikori, keinokangas, 60 l, harmaa"},"content":{"rendered":"<p>Etsitk\u00f6 pyykkikoria, joka on kaunis, jossa on kansi ja joka ei ole liian kallis? Sitten t\u00e4m\u00e4 Songmics-pyykkikori varmasti vakuuttaa sinut. 60 litran tilavuudella koriin mahtuu paljon, ja suljetulla kannella t\u00e4ytetty kori ei h\u00e4iritse edes makuuhuoneessa. Vaikka kori on kevyt, se on vakaa. Se vie my\u00f6s v\u00e4h\u00e4n tilaa ja sopii t\u00e4ydellisesti koloihin, kylpyhuoneeseen, parvekkeelle, makuuhuoneeseen jne. Sit\u00e4 voi k\u00e4ytt\u00e4\u00e4 paitsi pyykin s\u00e4ilytt\u00e4miseen my\u00f6s pehmolelujen, lelujen, puhtaiden vaatteiden, peittojen jne. s\u00e4ilytt\u00e4miseen. Songmics-pyykkikori tuo tyylikk\u00e4\u00e4n designin kotiisi. Tuotetiedot: &#8211; Mitat: 40 x 50 x 30 cm (L x K x S) &#8211; Materiaali: pahvi + keinokangas + fleece-kangas + nauha-reunus + puuvillanauha &#8211; V\u00e4ri: harmaa &#8211; Nettopaino: 2,25 kg Toimitus sis\u00e4lt\u00e4\u00e4: &#8211; 1 x pyykkikori Huomautukset:  &#8211; 1. Homeen muodostumisen est\u00e4miseksi on suositeltavaa, ett\u00e4 pyykkikoria ei k\u00e4ytet\u00e4 kosteassa tai m\u00e4r\u00e4ss\u00e4  ymp\u00e4rist\u00f6ss\u00e4!  &#8211; 2. Sopii vain kuiville pyykeille. \u00c4l\u00e4 j\u00e4t\u00e4 m\u00e4rki\u00e4 pyykkej\u00e4 pyykkikoriin!  &#8211; 3. \u00c4l\u00e4 aseta painavia esineit\u00e4 korin p\u00e4\u00e4lle!<\/p>\n","protected":false},"excerpt":{"rendered":"<p>SONGMICS pyykkikori 60 l, pyykkikori keinolinasta, pyykkilaatikko kannella ja kahvoilla, taitettava, harmaa LCB109<\/p>\n","protected":false},"featured_media":41782,"comment_status":"open","ping_status":"closed","template":"","meta":[],"product_brand":[],"product_cat":[32],"product_tag":[],"class_list":{"0":"post-32819","1":"product","2":"type-product","3":"status-publish","4":"has-post-thumbnail","6":"product_cat-uncategorized-fi","8":"first","9":"instock","10":"shipping-taxable","11":"purchasable","12":"product-type-simple"},"_links":{"self":[{"href":"https:\/\/nordicmart.andreevmaster.com\/fi\/wp-json\/wp\/v2\/product\/32819","targetHints":{"allow":["GET"]}}],"collection":[{"href":"https:\/\/nordicmart.andreevmaster.com\/fi\/wp-json\/wp\/v2\/product"}],"about":[{"href":"https:\/\/nordicmart.andreevmaster.com\/fi\/wp-json\/wp\/v2\/types\/product"}],"replies":[{"embeddable":true,"href":"https:\/\/nordicmart.andreevmaster.com\/fi\/wp-json\/wp\/v2\/comments?post=32819"}],"wp:featuredmedia":[{"embeddable":true,"href":"https:\/\/nordicmart.andreevmaster.com\/fi\/wp-json\/wp\/v2\/media\/41782"}],"wp:attachment":[{"href":"https:\/\/nordicmart.andreevmaster.com\/fi\/wp-json\/wp\/v2\/media?parent=32819"}],"wp:term":[{"taxonomy":"product_brand","embeddable":true,"href":"https:\/\/nordicmart.andreevmaster.com\/fi\/wp-json\/wp\/v2\/product_brand?post=32819"},{"taxonomy":"product_cat","embeddable":true,"href":"https:\/\/nordicmart.andreevmaster.com\/fi\/wp-json\/wp\/v2\/product_cat?post=32819"},{"taxonomy":"product_tag","embeddable":true,"href":"https:\/\/nordicmart.andreevmaster.com\/fi\/wp-json\/wp\/v2\/product_tag?post=32819"}],"curies":[{"name":"wp","href":"https:\/\/api.w.org\/{rel}","templated":true}]}}