{"id":32816,"date":"2026-02-27T00:18:51","date_gmt":"2026-02-27T00:18:51","guid":{"rendered":"https:\/\/nordicmart.andreevmaster.com\/product\/songmics-pyykkikori-3-lokerolla\/"},"modified":"2026-02-27T09:40:15","modified_gmt":"2026-02-27T09:40:15","slug":"songmics-pyykkikori-3-lokerolla","status":"publish","type":"product","link":"https:\/\/nordicmart.andreevmaster.com\/fi\/tuote\/songmics-pyykkikori-3-lokerolla\/","title":{"rendered":"SONGMICS pyykkikori 3 lokerolla"},"content":{"rendered":"<p>Helppo pesup\u00e4iv\u00e4: Onko likainen pyykki hajallaan ymp\u00e4ri huonetta, joten sinun on ker\u00e4tt\u00e4v\u00e4 se vaivalloisesti ennen kuin voit vied\u00e4 sen pesukoneeseen? Tai l\u00f6yd\u00e4tk\u00f6 s\u00e4\u00e4nn\u00f6llisesti lis\u00e4\u00e4 vaatteita, kun pyykki py\u00f6rii jo iloisesti pesukoneen rummussa? Jos n\u00e4in on, t\u00e4m\u00e4 SONGMICS-pyykkikori on juuri sinulle sopiva! Toivota bambu tervetulleeksi kotiisi: bambu on luonnollinen materiaali, joka erottuu my\u00f6s korkeasta vakaudestaan ja kauniista, raikkaasta ulkon\u00e4\u00f6st\u00e4\u00e4n. N\u00e4in sinun ei tarvitse tinki\u00e4 tyylist\u00e4, kun haluat hankkia kest\u00e4v\u00e4n huonekalun. Seuraa sinua monien vuosien ajan: Metallirunko ja pohjalevy antavat korille tukevan pidon. T\u00e4m\u00e4n ansiosta t\u00e4m\u00e4 pyykkikori on muodonmuutoksia kest\u00e4v\u00e4 ja lupaa hyv\u00e4n kantavuuden (jopa 25 kg) sek\u00e4 pitk\u00e4n k\u00e4ytt\u00f6i\u00e4n. Tuotetiedot: &#8211; V\u00e4ri: harmaa &#8211; Materiaali: bambu, puuvilla, vaneri, metallirunko, ABS-klipsi &#8211; Koko: 60 x 40 x 61,5 cm (P x L x K) &#8211; Paino: 3,7 kg &#8211; Maks. staattinen kantavuus: 25 kg Toimitus sis\u00e4lt\u00e4\u00e4: &#8211; 1 x pyykkikori &#8211; 1 x ohjeet SONGMICSin ohjeet: &#8211; \u00c4l\u00e4 s\u00e4ilyt\u00e4 ter\u00e4vi\u00e4 esineit\u00e4 t\u00e4ss\u00e4 tuotteessa vahingoittumisen tai loukkaantumisen v\u00e4ltt\u00e4miseksi.- Maks. staattinen kantavuus on 25 kg. \u00c4l\u00e4 s\u00e4ilyt\u00e4 painavampia esineit\u00e4 t\u00e4ss\u00e4 pyykkikorissa.<\/p>\n","protected":false},"excerpt":{"rendered":"<p>SONGMICS pyykkikori, pyykkikori, bambusta, pyykkilaatikko kahvoilla, 3 lokeroa, kansi klipseill\u00e4, 150 l, taitettava, pesutupa, makuuhuone, kylpyhuone, valkoinen LCB091W01<\/p>\n","protected":false},"featured_media":41780,"comment_status":"open","ping_status":"closed","template":"","meta":[],"product_brand":[],"product_cat":[32],"product_tag":[],"class_list":{"0":"post-32816","1":"product","2":"type-product","3":"status-publish","4":"has-post-thumbnail","6":"product_cat-uncategorized-fi","8":"first","9":"instock","10":"shipping-taxable","11":"purchasable","12":"product-type-simple"},"_links":{"self":[{"href":"https:\/\/nordicmart.andreevmaster.com\/fi\/wp-json\/wp\/v2\/product\/32816","targetHints":{"allow":["GET"]}}],"collection":[{"href":"https:\/\/nordicmart.andreevmaster.com\/fi\/wp-json\/wp\/v2\/product"}],"about":[{"href":"https:\/\/nordicmart.andreevmaster.com\/fi\/wp-json\/wp\/v2\/types\/product"}],"replies":[{"embeddable":true,"href":"https:\/\/nordicmart.andreevmaster.com\/fi\/wp-json\/wp\/v2\/comments?post=32816"}],"wp:featuredmedia":[{"embeddable":true,"href":"https:\/\/nordicmart.andreevmaster.com\/fi\/wp-json\/wp\/v2\/media\/41780"}],"wp:attachment":[{"href":"https:\/\/nordicmart.andreevmaster.com\/fi\/wp-json\/wp\/v2\/media?parent=32816"}],"wp:term":[{"taxonomy":"product_brand","embeddable":true,"href":"https:\/\/nordicmart.andreevmaster.com\/fi\/wp-json\/wp\/v2\/product_brand?post=32816"},{"taxonomy":"product_cat","embeddable":true,"href":"https:\/\/nordicmart.andreevmaster.com\/fi\/wp-json\/wp\/v2\/product_cat?post=32816"},{"taxonomy":"product_tag","embeddable":true,"href":"https:\/\/nordicmart.andreevmaster.com\/fi\/wp-json\/wp\/v2\/product_tag?post=32816"}],"curies":[{"name":"wp","href":"https:\/\/api.w.org\/{rel}","templated":true}]}}