{"id":32813,"date":"2026-02-27T00:18:50","date_gmt":"2026-02-27T00:18:50","guid":{"rendered":"https:\/\/nordicmart.andreevmaster.com\/product\/songmics-kasin-kudottu-pyykkikori-3-lokeroa\/"},"modified":"2026-02-27T09:40:15","modified_gmt":"2026-02-27T09:40:15","slug":"songmics-kasin-kudottu-pyykkikori-3-lokeroa","status":"publish","type":"product","link":"https:\/\/nordicmart.andreevmaster.com\/fi\/tuote\/songmics-kasin-kudottu-pyykkikori-3-lokeroa\/","title":{"rendered":"SONGMICS k\u00e4sin kudottu pyykkikori, 3 lokeroa"},"content":{"rendered":"<p>Siisti koti on onnellinen koti: On tietysti eritt\u00e4in k\u00e4tev\u00e4\u00e4 heitt\u00e4\u00e4 likainen pyykki lattialle riisuuduttuasi. T\u00e4m\u00e4 kuitenkin ei vain tee kodistasi sekavampaa, vaan joudut my\u00f6s ker\u00e4\u00e4m\u00e4\u00e4n likaisen pyykin vaivalloisesti pesup\u00e4iv\u00e4n\u00e4. Miksi et kokeilisi t\u00e4t\u00e4 pyykkikoria? Siin\u00e4 on 3 lokeroa ja kansi. N\u00e4in voit paitsi lajitella likapyykkisi, my\u00f6s pit\u00e4\u00e4 ne piilossa. Voit odottaa seuraavia etuja: K\u00e4sin kudottu pinta antaa t\u00e4lle korille erityisen ilmeen. Tukevan metallirungon ansiosta t\u00e4m\u00e4 pyykkikori kest\u00e4\u00e4 k\u00e4yt\u00f6ss\u00e4 monta vuotta.Kun kori ei ole k\u00e4yt\u00f6ss\u00e4, voit taittaa sen kokoon ja s\u00e4ilytt\u00e4\u00e4 tilaa s\u00e4\u00e4st\u00e4en. Kolme taskua ovat irrotettavia ja varustettu kahvoilla. Voit pest\u00e4 taskut pesukoneessa, kun olet irrottanut kahvat. Korin yksinkertainen rakenne tekee sen kokoamisesta helppoa. T\u00e4m\u00e4 pyykkikori sopii t\u00e4ydellisesti pesutilaan, makuuhuoneeseen, kylpyhuoneeseen tai olohuoneeseen. Tuotetiedot:V\u00e4ri: harmaa Materiaali: PP-muovi (polypropeeni), metallirunko, puuvilla Koko: 66 x 35 x 60,5 cm (P x L x K) Paino: 5,4 kg Maks. staattinen kantavuus: 27 kg Toimitus sis\u00e4lt\u00e4\u00e4: 1 x pyykkikori 1 x ohjeet (DE, EN, FR, ES, IT)<\/p>\n","protected":false},"excerpt":{"rendered":"<p>SONGMICS k\u00e4sin kudottu pyykkikori, polyrottingista valmistettu pyykkikori, 3 lokeroa, kansi ja kahvat, irrotettavat taskut, olohuone, makuuhuone, pesutupa, harmaa LCB083G02<\/p>\n","protected":false},"featured_media":41777,"comment_status":"open","ping_status":"closed","template":"","meta":[],"product_brand":[],"product_cat":[32],"product_tag":[],"class_list":{"0":"post-32813","1":"product","2":"type-product","3":"status-publish","4":"has-post-thumbnail","6":"product_cat-uncategorized-fi","8":"first","9":"instock","10":"shipping-taxable","11":"purchasable","12":"product-type-simple"},"_links":{"self":[{"href":"https:\/\/nordicmart.andreevmaster.com\/fi\/wp-json\/wp\/v2\/product\/32813","targetHints":{"allow":["GET"]}}],"collection":[{"href":"https:\/\/nordicmart.andreevmaster.com\/fi\/wp-json\/wp\/v2\/product"}],"about":[{"href":"https:\/\/nordicmart.andreevmaster.com\/fi\/wp-json\/wp\/v2\/types\/product"}],"replies":[{"embeddable":true,"href":"https:\/\/nordicmart.andreevmaster.com\/fi\/wp-json\/wp\/v2\/comments?post=32813"}],"wp:featuredmedia":[{"embeddable":true,"href":"https:\/\/nordicmart.andreevmaster.com\/fi\/wp-json\/wp\/v2\/media\/41777"}],"wp:attachment":[{"href":"https:\/\/nordicmart.andreevmaster.com\/fi\/wp-json\/wp\/v2\/media?parent=32813"}],"wp:term":[{"taxonomy":"product_brand","embeddable":true,"href":"https:\/\/nordicmart.andreevmaster.com\/fi\/wp-json\/wp\/v2\/product_brand?post=32813"},{"taxonomy":"product_cat","embeddable":true,"href":"https:\/\/nordicmart.andreevmaster.com\/fi\/wp-json\/wp\/v2\/product_cat?post=32813"},{"taxonomy":"product_tag","embeddable":true,"href":"https:\/\/nordicmart.andreevmaster.com\/fi\/wp-json\/wp\/v2\/product_tag?post=32813"}],"curies":[{"name":"wp","href":"https:\/\/api.w.org\/{rel}","templated":true}]}}