{"id":32805,"date":"2026-02-27T00:18:48","date_gmt":"2026-02-27T00:18:48","guid":{"rendered":"https:\/\/nordicmart.andreevmaster.com\/product\/songmics-pyykkikori-90-litraa-bambusta-kansi-luonnonvari\/"},"modified":"2026-02-27T09:40:13","modified_gmt":"2026-02-27T09:40:13","slug":"songmics-pyykkikori-90-litraa-bambusta-kansi-luonnonvari","status":"publish","type":"product","link":"https:\/\/nordicmart.andreevmaster.com\/fi\/tuote\/songmics-pyykkikori-90-litraa-bambusta-kansi-luonnonvari\/","title":{"rendered":"SONGMICS pyykkikori 90 litraa bambusta, kansi, luonnonv\u00e4ri"},"content":{"rendered":"<p>SONGMICS pyykkikori, pyykkikori bambusta, 90 litraa, irrotettava ja konepest\u00e4v\u00e4 pyykkipussi, kansi, kahvat, pesutupa, makuuhuone, olohuone, luonnonv\u00e4ri LCB067Y01<br \/>\nV\u00e4ri: luonnonv\u00e4ri<br \/>\nMateriaali: bambu, polyester-puuvillaseos, ter\u00e4s, polyamidi (nailon), PU-keinonahka, MDF (keskitihe\u00e4 kuitulevy), muovi, puuvilla<br \/>\nKoko: 49 x 33 x 61 cm (P x L x K)<br \/>\nPaino: 2,3 kg<br \/>\nMaks. staattinen kantavuus: 10 kg<\/p>\n","protected":false},"excerpt":{"rendered":"<p>SONGMICS pyykkikori, pyykkikori bambusta, 90 litraa, irrotettava ja konepest\u00e4v\u00e4 pyykkipussi, kansi, kahvat, pesutupa, makuuhuone, olohuone, luonnonv\u00e4ri LCB067Y01<\/p>\n","protected":false},"featured_media":41770,"comment_status":"open","ping_status":"closed","template":"","meta":[],"product_brand":[],"product_cat":[32],"product_tag":[],"class_list":{"0":"post-32805","1":"product","2":"type-product","3":"status-publish","4":"has-post-thumbnail","6":"product_cat-uncategorized-fi","8":"first","9":"instock","10":"shipping-taxable","11":"purchasable","12":"product-type-simple"},"_links":{"self":[{"href":"https:\/\/nordicmart.andreevmaster.com\/fi\/wp-json\/wp\/v2\/product\/32805","targetHints":{"allow":["GET"]}}],"collection":[{"href":"https:\/\/nordicmart.andreevmaster.com\/fi\/wp-json\/wp\/v2\/product"}],"about":[{"href":"https:\/\/nordicmart.andreevmaster.com\/fi\/wp-json\/wp\/v2\/types\/product"}],"replies":[{"embeddable":true,"href":"https:\/\/nordicmart.andreevmaster.com\/fi\/wp-json\/wp\/v2\/comments?post=32805"}],"wp:featuredmedia":[{"embeddable":true,"href":"https:\/\/nordicmart.andreevmaster.com\/fi\/wp-json\/wp\/v2\/media\/41770"}],"wp:attachment":[{"href":"https:\/\/nordicmart.andreevmaster.com\/fi\/wp-json\/wp\/v2\/media?parent=32805"}],"wp:term":[{"taxonomy":"product_brand","embeddable":true,"href":"https:\/\/nordicmart.andreevmaster.com\/fi\/wp-json\/wp\/v2\/product_brand?post=32805"},{"taxonomy":"product_cat","embeddable":true,"href":"https:\/\/nordicmart.andreevmaster.com\/fi\/wp-json\/wp\/v2\/product_cat?post=32805"},{"taxonomy":"product_tag","embeddable":true,"href":"https:\/\/nordicmart.andreevmaster.com\/fi\/wp-json\/wp\/v2\/product_tag?post=32805"}],"curies":[{"name":"wp","href":"https:\/\/api.w.org\/{rel}","templated":true}]}}