{"id":32801,"date":"2026-02-27T00:18:47","date_gmt":"2026-02-27T00:18:47","guid":{"rendered":"https:\/\/nordicmart.andreevmaster.com\/product\/songmics-100-litran-bambusta-valmistettu-pyykkikori-kansi-ja-kahvat-harmaa\/"},"modified":"2026-02-27T09:40:12","modified_gmt":"2026-02-27T09:40:12","slug":"songmics-100-litran-bambusta-valmistettu-pyykkikori-kansi-ja-kahvat-harmaa","status":"publish","type":"product","link":"https:\/\/nordicmart.andreevmaster.com\/fi\/tuote\/songmics-100-litran-bambusta-valmistettu-pyykkikori-kansi-ja-kahvat-harmaa\/","title":{"rendered":"SONGMICS 100 litran bambusta valmistettu pyykkikori, kansi ja kahvat, harmaa"},"content":{"rendered":"<p>SONGMICS pyykkikori kannella, 100 litraa, pyykkikori bambusta, irrotettava ja konepest\u00e4v\u00e4 pyykkipussi, kahvoilla, pesutilaan, makuuhuoneeseen, olohuoneeseen, luonnonv\u00e4ri LCB063N01<br \/>\nV\u00e4ri: harmaa<br \/>\nMateriaali: bambu, polyester-puuvillaseos, metallirunko<br \/>\nKoko: 54,5 x 34,5 x 61 cm (P x L x K)<br \/>\nPaino: 2,6 kg<br \/>\nMaks. staattinen kantavuus: 25 kg<\/p>\n","protected":false},"excerpt":{"rendered":"<p>SONGMICS pyykkikori kannella, 100 litraa, pyykkikori bambusta, irrotettava ja konepest\u00e4v\u00e4 pyykkipussi, kahvoilla, pesutilaan, makuuhuoneeseen, olohuoneeseen, luonnonv\u00e4ri LCB063N01<\/p>\n","protected":false},"featured_media":41767,"comment_status":"open","ping_status":"closed","template":"","meta":[],"product_brand":[],"product_cat":[32],"product_tag":[],"class_list":{"0":"post-32801","1":"product","2":"type-product","3":"status-publish","4":"has-post-thumbnail","6":"product_cat-uncategorized-fi","8":"first","9":"instock","10":"shipping-taxable","11":"purchasable","12":"product-type-simple"},"_links":{"self":[{"href":"https:\/\/nordicmart.andreevmaster.com\/fi\/wp-json\/wp\/v2\/product\/32801","targetHints":{"allow":["GET"]}}],"collection":[{"href":"https:\/\/nordicmart.andreevmaster.com\/fi\/wp-json\/wp\/v2\/product"}],"about":[{"href":"https:\/\/nordicmart.andreevmaster.com\/fi\/wp-json\/wp\/v2\/types\/product"}],"replies":[{"embeddable":true,"href":"https:\/\/nordicmart.andreevmaster.com\/fi\/wp-json\/wp\/v2\/comments?post=32801"}],"wp:featuredmedia":[{"embeddable":true,"href":"https:\/\/nordicmart.andreevmaster.com\/fi\/wp-json\/wp\/v2\/media\/41767"}],"wp:attachment":[{"href":"https:\/\/nordicmart.andreevmaster.com\/fi\/wp-json\/wp\/v2\/media?parent=32801"}],"wp:term":[{"taxonomy":"product_brand","embeddable":true,"href":"https:\/\/nordicmart.andreevmaster.com\/fi\/wp-json\/wp\/v2\/product_brand?post=32801"},{"taxonomy":"product_cat","embeddable":true,"href":"https:\/\/nordicmart.andreevmaster.com\/fi\/wp-json\/wp\/v2\/product_cat?post=32801"},{"taxonomy":"product_tag","embeddable":true,"href":"https:\/\/nordicmart.andreevmaster.com\/fi\/wp-json\/wp\/v2\/product_tag?post=32801"}],"curies":[{"name":"wp","href":"https:\/\/api.w.org\/{rel}","templated":true}]}}