{"id":32792,"date":"2026-02-27T00:18:45","date_gmt":"2026-02-27T00:18:45","guid":{"rendered":"https:\/\/nordicmart.andreevmaster.com\/product\/songmics-kasin-kudottu-ruskea-pyykkikori\/"},"modified":"2026-02-27T09:40:11","modified_gmt":"2026-02-27T09:40:11","slug":"songmics-kasin-kudottu-ruskea-pyykkikori","status":"publish","type":"product","link":"https:\/\/nordicmart.andreevmaster.com\/fi\/tuote\/songmics-kasin-kudottu-ruskea-pyykkikori\/","title":{"rendered":"SONGMICS k\u00e4sin kudottu ruskea pyykkikori"},"content":{"rendered":"<p>Siisti koti on onnellinen koti: On tietysti eritt\u00e4in k\u00e4tev\u00e4\u00e4 heitt\u00e4\u00e4 likainen pyykki lattialle riisuuduttuasi. T\u00e4m\u00e4 kuitenkin ei vain tee kodistasi sekavampaa, vaan joudut my\u00f6s ker\u00e4\u00e4m\u00e4\u00e4n likaisen pyykin vaivalloisesti pesup\u00e4iv\u00e4n\u00e4.T\u00e4m\u00e4n 46 x 33 x 60 cm (P x L x K) kokoisen pyykkikorin (90 litraa) avulla voit s\u00e4ilytt\u00e4\u00e4 likapyykkisi helposti yhdess\u00e4 paikassa. Pyykkipussi kiinnitet\u00e4\u00e4n koriin, jotta se ei voi liukua alas. Lis\u00e4ksi se on helppo ottaa pois ja kantaa pesukoneeseen. K\u00e4sin kudotut huonekalut, joissa on charmia: K\u00e4sin kudottu kori tuo kotiisi ripauksen tyylikkyytt\u00e4. Korkealaatuisen synteettisen rottingin ja metallirungon ansiosta sinun ei tarvitse huolehtia ruosteesta tai vedest\u00e4, jotka voivat vahingoittaa pyykkikoria tai sen sis\u00e4ll\u00e4 s\u00e4ilytettyj\u00e4 vaatteita \u2013 edes kosteassa tilassa, kuten kylpyhuoneessa.Kori sopii erinomaisesti my\u00f6s lelujen s\u00e4ilytykseen lastenhuoneessa tai ty\u00f6v\u00e4lineiden s\u00e4ilytykseen ty\u00f6pajassa, ja sen kantavuus on jopa 25 kg. Tuotetiedot: V\u00e4ri: ruskea Materiaali: PP-muovirotu, metallirunko, puuvilla Koko: 46 x 33 x 60 cm (P x L x K) Paino: 4 kg Maks. staattinen kantavuus: 25 kg Toimitus sis\u00e4lt\u00e4\u00e4: 1 x pyykkikori 1 x s\u00e4ilytysastia lis\u00e4varusteineen 1 x ohjeet (DE, EN, FR, ES, IT) SONGMICS-huomautukset: Tuote ei saa joutua kosketuksiin ter\u00e4vien esineiden kanssa, jotta se ei vahingoitu.Tuotteen maks. staattinen kantavuus on 25 kg. \u00c4l\u00e4 s\u00e4ilyt\u00e4 raskaampia esineit\u00e4 korissa. T\u00e4m\u00e4 on k\u00e4sin kudottu tuote. Siksi yksitt\u00e4isiss\u00e4 punosnauhoissa ja niiden liitoskohdissa voi esiinty\u00e4 ep\u00e4s\u00e4\u00e4nn\u00f6llisyyksi\u00e4, jotka eiv\u00e4t kuitenkaan vaikuta tuotteen k\u00e4ytt\u00f6\u00f6n.<\/p>\n","protected":false},"excerpt":{"rendered":"<p>SONGMICS k\u00e4sin kudottu pyykkikori, 90 l, synteettisest\u00e4 rottingista valmistettu pyykkikori, kansi ja kahvat, taitettava, irrotettava pyykkipussi, ruskea LCB051K02<\/p>\n","protected":false},"featured_media":41758,"comment_status":"open","ping_status":"closed","template":"","meta":[],"product_brand":[],"product_cat":[32],"product_tag":[],"class_list":{"0":"post-32792","1":"product","2":"type-product","3":"status-publish","4":"has-post-thumbnail","6":"product_cat-uncategorized-fi","8":"first","9":"instock","10":"shipping-taxable","11":"purchasable","12":"product-type-simple"},"_links":{"self":[{"href":"https:\/\/nordicmart.andreevmaster.com\/fi\/wp-json\/wp\/v2\/product\/32792","targetHints":{"allow":["GET"]}}],"collection":[{"href":"https:\/\/nordicmart.andreevmaster.com\/fi\/wp-json\/wp\/v2\/product"}],"about":[{"href":"https:\/\/nordicmart.andreevmaster.com\/fi\/wp-json\/wp\/v2\/types\/product"}],"replies":[{"embeddable":true,"href":"https:\/\/nordicmart.andreevmaster.com\/fi\/wp-json\/wp\/v2\/comments?post=32792"}],"wp:featuredmedia":[{"embeddable":true,"href":"https:\/\/nordicmart.andreevmaster.com\/fi\/wp-json\/wp\/v2\/media\/41758"}],"wp:attachment":[{"href":"https:\/\/nordicmart.andreevmaster.com\/fi\/wp-json\/wp\/v2\/media?parent=32792"}],"wp:term":[{"taxonomy":"product_brand","embeddable":true,"href":"https:\/\/nordicmart.andreevmaster.com\/fi\/wp-json\/wp\/v2\/product_brand?post=32792"},{"taxonomy":"product_cat","embeddable":true,"href":"https:\/\/nordicmart.andreevmaster.com\/fi\/wp-json\/wp\/v2\/product_cat?post=32792"},{"taxonomy":"product_tag","embeddable":true,"href":"https:\/\/nordicmart.andreevmaster.com\/fi\/wp-json\/wp\/v2\/product_tag?post=32792"}],"curies":[{"name":"wp","href":"https:\/\/api.w.org\/{rel}","templated":true}]}}