{"id":32789,"date":"2026-02-27T00:18:45","date_gmt":"2026-02-27T00:18:45","guid":{"rendered":"https:\/\/nordicmart.andreevmaster.com\/product\/songmics-pyykkikori-keinotekoinen-pellava-85-l-harmaa\/"},"modified":"2026-02-27T09:40:10","modified_gmt":"2026-02-27T09:40:10","slug":"songmics-pyykkikori-keinotekoinen-pellava-85-l-harmaa","status":"publish","type":"product","link":"https:\/\/nordicmart.andreevmaster.com\/fi\/tuote\/songmics-pyykkikori-keinotekoinen-pellava-85-l-harmaa\/","title":{"rendered":"SONGMICS pyykkikori, keinotekoinen pellava, 85 l, harmaa"},"content":{"rendered":"<p>Helppo pesup\u00e4iv\u00e4: Onko likainen pyykki hajallaan ymp\u00e4ri huonetta, joten sinun on ker\u00e4tt\u00e4v\u00e4 se vaivalloisesti ennen kuin voit vied\u00e4 sen pesukoneeseen? Tai l\u00f6yd\u00e4tk\u00f6 s\u00e4\u00e4nn\u00f6llisesti lis\u00e4\u00e4 vaatteita, kun pyykki py\u00f6rii jo iloisesti pesukoneen rummussa? Jos n\u00e4in on, t\u00e4m\u00e4 SONGMICS-pyykkikori on juuri sinulle sopiva!Ihoyst\u00e4v\u00e4llinen keinokangas: T\u00e4m\u00e4 pyykkikori on verhoiltu hengitt\u00e4v\u00e4ll\u00e4 keinokankaalla tyylikk\u00e4\u00e4ss\u00e4 harmaassa v\u00e4riss\u00e4. T\u00e4m\u00e4 materiaali takaa hyv\u00e4n ilmanvaihdon ja sopii lis\u00e4ksi l\u00e4hes kaikkiin sisustustyyleihin. Hanki t\u00e4m\u00e4 pyykkikori jo t\u00e4n\u00e4\u00e4n, jotta se voi auttaa sinua pyykkip\u00e4iv\u00e4n\u00e4! Tuotetiedot: V\u00e4ri: musta Materiaali: Kangaskangas, MDF (keskitihe\u00e4 kuitulevy), puuvilla, kuitukangas Koko: 36 x 36 x 66 cm (P x L x K) Paino: 3,1 kg Maks. staattinen kantavuus: 20 kg Toimitus sis\u00e4lt\u00e4\u00e4: 1 x pyykkikori 1 x ohjeet (DE, EN, FR, ES, IT) SONGMICS-ohjeet:Tuote ei saa joutua kosketuksiin ter\u00e4vien esineiden kanssa, jotta se ei vahingoitu. Maksimista staattinen kantavuus on 20 kg. \u00c4l\u00e4 s\u00e4ilyt\u00e4 liian painavia esineit\u00e4 t\u00e4ss\u00e4 pyykkikorissa.<\/p>\n","protected":false},"excerpt":{"rendered":"<p>SONGMICS pyykkikori 85 l, pyykkikori keinokangasta, pyykkilaatikko magneettisella kannella ja kahvoilla, taitettava, irrotettava pyykkipussi, harmaa LCB01G<\/p>\n","protected":false},"featured_media":41755,"comment_status":"open","ping_status":"closed","template":"","meta":[],"product_brand":[],"product_cat":[32],"product_tag":[],"class_list":{"0":"post-32789","1":"product","2":"type-product","3":"status-publish","4":"has-post-thumbnail","6":"product_cat-uncategorized-fi","8":"first","9":"instock","10":"shipping-taxable","11":"purchasable","12":"product-type-simple"},"_links":{"self":[{"href":"https:\/\/nordicmart.andreevmaster.com\/fi\/wp-json\/wp\/v2\/product\/32789","targetHints":{"allow":["GET"]}}],"collection":[{"href":"https:\/\/nordicmart.andreevmaster.com\/fi\/wp-json\/wp\/v2\/product"}],"about":[{"href":"https:\/\/nordicmart.andreevmaster.com\/fi\/wp-json\/wp\/v2\/types\/product"}],"replies":[{"embeddable":true,"href":"https:\/\/nordicmart.andreevmaster.com\/fi\/wp-json\/wp\/v2\/comments?post=32789"}],"wp:featuredmedia":[{"embeddable":true,"href":"https:\/\/nordicmart.andreevmaster.com\/fi\/wp-json\/wp\/v2\/media\/41755"}],"wp:attachment":[{"href":"https:\/\/nordicmart.andreevmaster.com\/fi\/wp-json\/wp\/v2\/media?parent=32789"}],"wp:term":[{"taxonomy":"product_brand","embeddable":true,"href":"https:\/\/nordicmart.andreevmaster.com\/fi\/wp-json\/wp\/v2\/product_brand?post=32789"},{"taxonomy":"product_cat","embeddable":true,"href":"https:\/\/nordicmart.andreevmaster.com\/fi\/wp-json\/wp\/v2\/product_cat?post=32789"},{"taxonomy":"product_tag","embeddable":true,"href":"https:\/\/nordicmart.andreevmaster.com\/fi\/wp-json\/wp\/v2\/product_tag?post=32789"}],"curies":[{"name":"wp","href":"https:\/\/api.w.org\/{rel}","templated":true}]}}