{"id":32783,"date":"2026-02-27T00:18:43","date_gmt":"2026-02-27T00:18:43","guid":{"rendered":"https:\/\/nordicmart.andreevmaster.com\/product\/songmics-pyykkikori-irrotettavalla-pyykkipussilla-valkoinen\/"},"modified":"2026-02-27T09:40:09","modified_gmt":"2026-02-27T09:40:09","slug":"songmics-pyykkikori-irrotettavalla-pyykkipussilla-valkoinen","status":"publish","type":"product","link":"https:\/\/nordicmart.andreevmaster.com\/fi\/tuote\/songmics-pyykkikori-irrotettavalla-pyykkipussilla-valkoinen\/","title":{"rendered":"SONGMICS pyykkikori irrotettavalla pyykkipussilla, valkoinen"},"content":{"rendered":"<p>Tuotetiedot: V\u00e4ri: valkoinen Materiaali: bambu, puuvillainen pyykkipussi Koko: 40 x 30 x 60 cm (P x L x K) Paino: 2,2 kg Toimitus sis\u00e4lt\u00e4\u00e4: 1 x pyykkikori 1 x ohjeet SONGMICS Huomautukset: \u00c4l\u00e4 k\u00e4yt\u00e4 tuotetta kosteassa ymp\u00e4rist\u00f6ss\u00e4. Se tulee sijoittaa hyvin ilmastoituun tilaan. \u00c4l\u00e4 s\u00e4ilyt\u00e4 painavia esineit\u00e4 t\u00e4ss\u00e4 pyykkikorissa. \u00c4l\u00e4 avaa metallirenkaita useita kertoja, jotta tuote kest\u00e4\u00e4 pitk\u00e4\u00e4n. Puhdista tuote kostealla liinalla. Pyykkipussi on pest\u00e4v\u00e4 30 \u00b0C:ssa.<\/p>\n","protected":false},"excerpt":{"rendered":"<p>SONGMICS bambusta valmistettu pyykkikori, taitettava pyykkikori kannella ja irrotettavalla puuvillaisella pyykkipussilla, 72 litran pyykkilaatikko, pyykkikori, 40 x 30 x 60 cm, valkoinen LCB010W01<\/p>\n","protected":false},"featured_media":41751,"comment_status":"open","ping_status":"closed","template":"","meta":[],"product_brand":[],"product_cat":[32],"product_tag":[],"class_list":{"0":"post-32783","1":"product","2":"type-product","3":"status-publish","4":"has-post-thumbnail","6":"product_cat-uncategorized-fi","8":"first","9":"instock","10":"shipping-taxable","11":"purchasable","12":"product-type-simple"},"_links":{"self":[{"href":"https:\/\/nordicmart.andreevmaster.com\/fi\/wp-json\/wp\/v2\/product\/32783","targetHints":{"allow":["GET"]}}],"collection":[{"href":"https:\/\/nordicmart.andreevmaster.com\/fi\/wp-json\/wp\/v2\/product"}],"about":[{"href":"https:\/\/nordicmart.andreevmaster.com\/fi\/wp-json\/wp\/v2\/types\/product"}],"replies":[{"embeddable":true,"href":"https:\/\/nordicmart.andreevmaster.com\/fi\/wp-json\/wp\/v2\/comments?post=32783"}],"wp:featuredmedia":[{"embeddable":true,"href":"https:\/\/nordicmart.andreevmaster.com\/fi\/wp-json\/wp\/v2\/media\/41751"}],"wp:attachment":[{"href":"https:\/\/nordicmart.andreevmaster.com\/fi\/wp-json\/wp\/v2\/media?parent=32783"}],"wp:term":[{"taxonomy":"product_brand","embeddable":true,"href":"https:\/\/nordicmart.andreevmaster.com\/fi\/wp-json\/wp\/v2\/product_brand?post=32783"},{"taxonomy":"product_cat","embeddable":true,"href":"https:\/\/nordicmart.andreevmaster.com\/fi\/wp-json\/wp\/v2\/product_cat?post=32783"},{"taxonomy":"product_tag","embeddable":true,"href":"https:\/\/nordicmart.andreevmaster.com\/fi\/wp-json\/wp\/v2\/product_tag?post=32783"}],"curies":[{"name":"wp","href":"https:\/\/api.w.org\/{rel}","templated":true}]}}