{"id":32781,"date":"2026-02-27T00:18:43","date_gmt":"2026-02-27T00:18:43","guid":{"rendered":"https:\/\/nordicmart.andreevmaster.com\/product\/songmics-pyykkikori-2-lokerolla\/"},"modified":"2026-02-27T09:40:09","modified_gmt":"2026-02-27T09:40:09","slug":"songmics-pyykkikori-2-lokerolla","status":"publish","type":"product","link":"https:\/\/nordicmart.andreevmaster.com\/fi\/tuote\/songmics-pyykkikori-2-lokerolla\/","title":{"rendered":"SONGMICS pyykkikori 2 lokerolla"},"content":{"rendered":"<p>Helppo pesup\u00e4iv\u00e4 Onko likainen pyykki hajallaan ymp\u00e4ri huonetta, joten sinun on ker\u00e4tt\u00e4v\u00e4 se vaivalloisesti pesup\u00e4iv\u00e4n\u00e4 ennen kuin voit vied\u00e4 sen pesukoneeseen? Tai l\u00f6yd\u00e4tk\u00f6 s\u00e4\u00e4nn\u00f6llisesti lis\u00e4\u00e4 vaatteita, kun pyykki jo py\u00f6rii iloisesti pesukoneen rummussa? Jos n\u00e4in on, t\u00e4m\u00e4 SONGMICS:n 2-osastoinen pyykkikori on juuri sinulle sopiva! Ihoyst\u00e4v\u00e4llinen keinolinanehde T\u00e4m\u00e4 pyykkikori on verhoiltu hengitt\u00e4v\u00e4ll\u00e4 keinolinanehdeell\u00e4 tyylikk\u00e4\u00e4ss\u00e4 tummanharmaassa v\u00e4riss\u00e4. T\u00e4m\u00e4 materiaali takaa hyv\u00e4n ilmanvaihdon ja sopii lis\u00e4ksi l\u00e4hes kaikkiin sisustustyyleihin. Hanki t\u00e4m\u00e4 kansiollinen kori jo t\u00e4n\u00e4\u00e4n, jotta se voi auttaa sinua pesup\u00e4iv\u00e4n aikana! Tuotetiedot: &#8211; V\u00e4ri: tummanharmaa &#8211; Materiaali: keinolinja, MDF (keskitihe\u00e4 kuitulevy), puuvilla, kuitukangas &#8211; Koko: 60 x 36 x 66 cm (P x L x K) &#8211; Paino: 4,9 kg &#8211; Maks. staattinen kantavuus: 20 kg Toimitus sis\u00e4lt\u00e4\u00e4: &#8211; 1 x pyykkikori &#8211; 1 x ohjeet SONGMICSin huomautukset: &#8211; Tuote ei saa joutua kosketuksiin ter\u00e4vien esineiden kanssa, jotta se ei vahingoitu.- Maks. staattinen kantavuus on 20 kg. \u00c4l\u00e4 s\u00e4ilyt\u00e4 liian painavia esineit\u00e4 t\u00e4ss\u00e4 pyykkikorissa.<\/p>\n","protected":false},"excerpt":{"rendered":"<p>SONGMICS pyykkikori 142 l, pyykkikori keinolinasta, pyykkis\u00e4ilytys, pyykkilaatikko 2 lokerolla, magneettikansi ja kahvat, taitettava, irrotettava pyykkipussi, tummanharmaa LCB002G02<\/p>\n","protected":false},"featured_media":41749,"comment_status":"open","ping_status":"closed","template":"","meta":[],"product_brand":[],"product_cat":[32],"product_tag":[],"class_list":{"0":"post-32781","1":"product","2":"type-product","3":"status-publish","4":"has-post-thumbnail","6":"product_cat-uncategorized-fi","8":"first","9":"instock","10":"shipping-taxable","11":"purchasable","12":"product-type-simple"},"_links":{"self":[{"href":"https:\/\/nordicmart.andreevmaster.com\/fi\/wp-json\/wp\/v2\/product\/32781","targetHints":{"allow":["GET"]}}],"collection":[{"href":"https:\/\/nordicmart.andreevmaster.com\/fi\/wp-json\/wp\/v2\/product"}],"about":[{"href":"https:\/\/nordicmart.andreevmaster.com\/fi\/wp-json\/wp\/v2\/types\/product"}],"replies":[{"embeddable":true,"href":"https:\/\/nordicmart.andreevmaster.com\/fi\/wp-json\/wp\/v2\/comments?post=32781"}],"wp:featuredmedia":[{"embeddable":true,"href":"https:\/\/nordicmart.andreevmaster.com\/fi\/wp-json\/wp\/v2\/media\/41749"}],"wp:attachment":[{"href":"https:\/\/nordicmart.andreevmaster.com\/fi\/wp-json\/wp\/v2\/media?parent=32781"}],"wp:term":[{"taxonomy":"product_brand","embeddable":true,"href":"https:\/\/nordicmart.andreevmaster.com\/fi\/wp-json\/wp\/v2\/product_brand?post=32781"},{"taxonomy":"product_cat","embeddable":true,"href":"https:\/\/nordicmart.andreevmaster.com\/fi\/wp-json\/wp\/v2\/product_cat?post=32781"},{"taxonomy":"product_tag","embeddable":true,"href":"https:\/\/nordicmart.andreevmaster.com\/fi\/wp-json\/wp\/v2\/product_tag?post=32781"}],"curies":[{"name":"wp","href":"https:\/\/api.w.org\/{rel}","templated":true}]}}