{"id":32780,"date":"2026-02-27T00:18:43","date_gmt":"2026-02-27T00:18:43","guid":{"rendered":"https:\/\/nordicmart.andreevmaster.com\/product\/songmics-pyykkikori-kannella\/"},"modified":"2026-02-27T09:40:08","modified_gmt":"2026-02-27T09:40:08","slug":"songmics-pyykkikori-kannella","status":"publish","type":"product","link":"https:\/\/nordicmart.andreevmaster.com\/fi\/tuote\/songmics-pyykkikori-kannella\/","title":{"rendered":"SONGMICS pyykkikori kannella"},"content":{"rendered":"<p>Vaivaton pyykkip\u00e4iv\u00e4 Onko likainen pyykki hajallaan ymp\u00e4ri huonetta, joten sinun on ker\u00e4tt\u00e4v\u00e4 se vaivalloisesti pyykkip\u00e4iv\u00e4n\u00e4 ennen kuin voit vied\u00e4 sen pesukoneeseen? Tai l\u00f6yd\u00e4tk\u00f6 s\u00e4\u00e4nn\u00f6llisesti lis\u00e4\u00e4 vaatteita, kun pyykki py\u00f6rii jo iloisesti pesukoneen rummussa? Jos n\u00e4in on, t\u00e4m\u00e4 SONGMICS-pyykkikori on juuri sinulle sopiva!Ihoyst\u00e4v\u00e4llinen keinokangas T\u00e4m\u00e4 pyykkikori on verhoiltu hengitt\u00e4v\u00e4ll\u00e4 keinokankaalla, joka on tyylik\u00e4s tummanharmaa. T\u00e4m\u00e4 materiaali takaa hyv\u00e4n ilmanvaihdon ja sopii lis\u00e4ksi l\u00e4hes kaikkiin sisustustyyleihin. Hanki t\u00e4m\u00e4 kori kannella jo t\u00e4n\u00e4\u00e4n, jotta se voi auttaa sinua pyykkip\u00e4iv\u00e4n\u00e4! Tuotetiedot: &#8211; V\u00e4ri: Tummanharmaa &#8211; Materiaali: Lakanimitaatti, MDF (keskitihe\u00e4 kuitulevy), puuvilla, kuitukangas &#8211; Koko: 36 x 36 x 66 cm (P x L x K) &#8211; Paino: 3,1 kg &#8211; Maks. staattinen kantavuus: 20 kg Toimitus sis\u00e4lt\u00e4\u00e4: &#8211; 1 x pyykkikori &#8211; 1 x ohjeet SONGMICS Huomautukset:- Tuote ei saa joutua kosketuksiin ter\u00e4vien esineiden kanssa, jotta se ei vahingoitu. &#8211; Maksimi staattinen kantavuus on 20 kg. \u00c4l\u00e4 s\u00e4ilyt\u00e4 liian painavia esineit\u00e4 t\u00e4ss\u00e4 pyykkikorissa.<\/p>\n","protected":false},"excerpt":{"rendered":"<p>SONGMICS pyykkikori 85 l, pyykkikori keinokangasta, pyykkilaatikko magneettisella kannella ja kahvoilla, taitettava, irrotettava pyykkipussi, tummanharmaa LCB001G02<\/p>\n","protected":false},"featured_media":41748,"comment_status":"open","ping_status":"closed","template":"","meta":[],"product_brand":[],"product_cat":[32],"product_tag":[],"class_list":{"0":"post-32780","1":"product","2":"type-product","3":"status-publish","4":"has-post-thumbnail","6":"product_cat-uncategorized-fi","8":"first","9":"instock","10":"shipping-taxable","11":"purchasable","12":"product-type-simple"},"_links":{"self":[{"href":"https:\/\/nordicmart.andreevmaster.com\/fi\/wp-json\/wp\/v2\/product\/32780","targetHints":{"allow":["GET"]}}],"collection":[{"href":"https:\/\/nordicmart.andreevmaster.com\/fi\/wp-json\/wp\/v2\/product"}],"about":[{"href":"https:\/\/nordicmart.andreevmaster.com\/fi\/wp-json\/wp\/v2\/types\/product"}],"replies":[{"embeddable":true,"href":"https:\/\/nordicmart.andreevmaster.com\/fi\/wp-json\/wp\/v2\/comments?post=32780"}],"wp:featuredmedia":[{"embeddable":true,"href":"https:\/\/nordicmart.andreevmaster.com\/fi\/wp-json\/wp\/v2\/media\/41748"}],"wp:attachment":[{"href":"https:\/\/nordicmart.andreevmaster.com\/fi\/wp-json\/wp\/v2\/media?parent=32780"}],"wp:term":[{"taxonomy":"product_brand","embeddable":true,"href":"https:\/\/nordicmart.andreevmaster.com\/fi\/wp-json\/wp\/v2\/product_brand?post=32780"},{"taxonomy":"product_cat","embeddable":true,"href":"https:\/\/nordicmart.andreevmaster.com\/fi\/wp-json\/wp\/v2\/product_cat?post=32780"},{"taxonomy":"product_tag","embeddable":true,"href":"https:\/\/nordicmart.andreevmaster.com\/fi\/wp-json\/wp\/v2\/product_tag?post=32780"}],"curies":[{"name":"wp","href":"https:\/\/api.w.org\/{rel}","templated":true}]}}