{"id":32776,"date":"2026-02-27T00:18:42","date_gmt":"2026-02-27T00:18:42","guid":{"rendered":"https:\/\/nordicmart.andreevmaster.com\/product\/vasagle-baaripoyta-2-tuolilla-baaripoyta-baarituolien-kanssa-ruokailuryhma\/"},"modified":"2026-02-27T09:40:08","modified_gmt":"2026-02-27T09:40:08","slug":"vasagle-baaripoyta-2-tuolilla-baaripoyta-baarituolien-kanssa-ruokailuryhma","status":"publish","type":"product","link":"https:\/\/nordicmart.andreevmaster.com\/fi\/tuote\/vasagle-baaripoyta-2-tuolilla-baaripoyta-baarituolien-kanssa-ruokailuryhma\/","title":{"rendered":"VASAGLE baarip\u00f6yt\u00e4 2 tuolilla, baarip\u00f6yt\u00e4 baarituolien kanssa, ruokailuryhm\u00e4"},"content":{"rendered":"<p>VASAGLE ruokailuryhm\u00e4, baarip\u00f6yt\u00e4setti, seisomap\u00f6yt\u00e4 (100 x 40 x 90 cm) ja 2 baarituolia (kukin 30 x 40 x 65 cm), metallirunko, teollinen muotoilu, ruokasaliin, olohuoneeseen, vintage-ruskea-musta LBT218B01<br \/>\nTekniset tiedot:<\/p>\n<p>&#8211; P\u00f6yd\u00e4n mitat: 100 x 40 x 90 cm (P x L x K)<br \/>\n&#8211; Jakkaran mitat: 40 x 30 x 65 cm (P x L x K)<br \/>\n&#8211; Kokonaispaino: 20,2 kg<br \/>\n&#8211; Tuolin suurin staattinen kantavuus: 100 kg<br \/>\n&#8211; Materiaali: lastulevy, ter\u00e4s<br \/>\n&#8211; V\u00e4ri: greige-musta<\/p>\n","protected":false},"excerpt":{"rendered":"<p>VASAGLE ruokailuryhm\u00e4, baarip\u00f6yt\u00e4setti, seisomap\u00f6yt\u00e4 (100 x 40 x 90 cm) ja 2 baarituolia (kukin 30 x 40 x 65 cm), metallirunko, teollinen muotoilu, ruokasaliin, olohuoneeseen, vintage-ruskea-musta LBT218B01<\/p>\n","protected":false},"featured_media":41744,"comment_status":"open","ping_status":"closed","template":"","meta":[],"product_brand":[],"product_cat":[32],"product_tag":[],"class_list":{"0":"post-32776","1":"product","2":"type-product","3":"status-publish","4":"has-post-thumbnail","6":"product_cat-uncategorized-fi","8":"first","9":"instock","10":"shipping-taxable","11":"purchasable","12":"product-type-simple"},"_links":{"self":[{"href":"https:\/\/nordicmart.andreevmaster.com\/fi\/wp-json\/wp\/v2\/product\/32776","targetHints":{"allow":["GET"]}}],"collection":[{"href":"https:\/\/nordicmart.andreevmaster.com\/fi\/wp-json\/wp\/v2\/product"}],"about":[{"href":"https:\/\/nordicmart.andreevmaster.com\/fi\/wp-json\/wp\/v2\/types\/product"}],"replies":[{"embeddable":true,"href":"https:\/\/nordicmart.andreevmaster.com\/fi\/wp-json\/wp\/v2\/comments?post=32776"}],"wp:featuredmedia":[{"embeddable":true,"href":"https:\/\/nordicmart.andreevmaster.com\/fi\/wp-json\/wp\/v2\/media\/41744"}],"wp:attachment":[{"href":"https:\/\/nordicmart.andreevmaster.com\/fi\/wp-json\/wp\/v2\/media?parent=32776"}],"wp:term":[{"taxonomy":"product_brand","embeddable":true,"href":"https:\/\/nordicmart.andreevmaster.com\/fi\/wp-json\/wp\/v2\/product_brand?post=32776"},{"taxonomy":"product_cat","embeddable":true,"href":"https:\/\/nordicmart.andreevmaster.com\/fi\/wp-json\/wp\/v2\/product_cat?post=32776"},{"taxonomy":"product_tag","embeddable":true,"href":"https:\/\/nordicmart.andreevmaster.com\/fi\/wp-json\/wp\/v2\/product_tag?post=32776"}],"curies":[{"name":"wp","href":"https:\/\/api.w.org\/{rel}","templated":true}]}}