{"id":32775,"date":"2026-02-27T00:18:42","date_gmt":"2026-02-27T00:18:42","guid":{"rendered":"https:\/\/nordicmart.andreevmaster.com\/product\/vasagle-ruokailuryhma-baaripoyta-2-baarituolilla-seisomapoyta-tuolilla\/"},"modified":"2026-02-27T09:40:07","modified_gmt":"2026-02-27T09:40:07","slug":"vasagle-ruokailuryhma-baaripoyta-2-baarituolilla-seisomapoyta-tuolilla","status":"publish","type":"product","link":"https:\/\/nordicmart.andreevmaster.com\/fi\/tuote\/vasagle-ruokailuryhma-baaripoyta-2-baarituolilla-seisomapoyta-tuolilla\/","title":{"rendered":"VASAGLE ruokailuryhm\u00e4, baarip\u00f6yt\u00e4 2 baarituolilla, seisomap\u00f6yt\u00e4 tuolilla"},"content":{"rendered":"<p>Tuotetiedot: &#8211; V\u00e4ri: vintage-ruskea-musta  &#8211; Materiaali: lastulevy, ter\u00e4s &#8211; P\u00f6yd\u00e4n koko: 100 x 40 x 90 cm (P x L x K) &#8211; Jakkaran koko: 30 x 40 x 65 cm (P x L x K) &#8211; Kokonaispaino: 20,2 kg &#8211; P\u00f6yd\u00e4n maks. staattinen kantavuus: 100 kg &#8211; Jakkaran maks. staattinen kantavuus: 100 kg  Toimitus sis\u00e4lt\u00e4\u00e4: &#8211; 1 x baarip\u00f6yt\u00e4 &#8211; 2 x baarijakkara &#8211; 1 x lis\u00e4varustepaketti &#8211; 1 x kaatumissuoja &#8211; 1 x ohjeet VASAGLE Huomautukset:- Lapset eiv\u00e4t saa kiivet\u00e4 tuotteelle tai leikki\u00e4 sill\u00e4. &#8211; P\u00f6yd\u00e4n pinnan suurin kantavuus on 100 kg. \u00c4l\u00e4 aseta p\u00f6yd\u00e4lle painavampia esineit\u00e4. \u00c4l\u00e4 my\u00f6sk\u00e4\u00e4n ylit\u00e4 suurinta kantavuutta. &#8211; Baarip\u00f6yt\u00e4 on kiinnitett\u00e4v\u00e4 sein\u00e4\u00e4n kaatumissuojan avulla kaatumisen est\u00e4miseksi.<\/p>\n","protected":false},"excerpt":{"rendered":"<p>VASAGLE ruokailuryhm\u00e4, baarip\u00f6yt\u00e4setti, seisomap\u00f6yt\u00e4 (100 x 40 x 90 cm) ja 2 baarituolia (kukin 30 x 40 x 65 cm), metallirunko, teollinen muotoilu, ruokasaliin, olohuoneeseen, vintage-ruskea-musta LBT218B01<\/p>\n","protected":false},"featured_media":41743,"comment_status":"open","ping_status":"closed","template":"","meta":[],"product_brand":[],"product_cat":[32],"product_tag":[],"class_list":{"0":"post-32775","1":"product","2":"type-product","3":"status-publish","4":"has-post-thumbnail","6":"product_cat-uncategorized-fi","8":"first","9":"instock","10":"shipping-taxable","11":"purchasable","12":"product-type-simple"},"_links":{"self":[{"href":"https:\/\/nordicmart.andreevmaster.com\/fi\/wp-json\/wp\/v2\/product\/32775","targetHints":{"allow":["GET"]}}],"collection":[{"href":"https:\/\/nordicmart.andreevmaster.com\/fi\/wp-json\/wp\/v2\/product"}],"about":[{"href":"https:\/\/nordicmart.andreevmaster.com\/fi\/wp-json\/wp\/v2\/types\/product"}],"replies":[{"embeddable":true,"href":"https:\/\/nordicmart.andreevmaster.com\/fi\/wp-json\/wp\/v2\/comments?post=32775"}],"wp:featuredmedia":[{"embeddable":true,"href":"https:\/\/nordicmart.andreevmaster.com\/fi\/wp-json\/wp\/v2\/media\/41743"}],"wp:attachment":[{"href":"https:\/\/nordicmart.andreevmaster.com\/fi\/wp-json\/wp\/v2\/media?parent=32775"}],"wp:term":[{"taxonomy":"product_brand","embeddable":true,"href":"https:\/\/nordicmart.andreevmaster.com\/fi\/wp-json\/wp\/v2\/product_brand?post=32775"},{"taxonomy":"product_cat","embeddable":true,"href":"https:\/\/nordicmart.andreevmaster.com\/fi\/wp-json\/wp\/v2\/product_cat?post=32775"},{"taxonomy":"product_tag","embeddable":true,"href":"https:\/\/nordicmart.andreevmaster.com\/fi\/wp-json\/wp\/v2\/product_tag?post=32775"}],"curies":[{"name":"wp","href":"https:\/\/api.w.org\/{rel}","templated":true}]}}