{"id":32767,"date":"2026-02-27T00:18:40","date_gmt":"2026-02-27T00:18:40","guid":{"rendered":"https:\/\/nordicmart.andreevmaster.com\/product\/vasagle-ruokapoyta-2-tuolilla-baaripoyta-baarituolilla-ruokasaliin\/"},"modified":"2026-02-27T09:40:06","modified_gmt":"2026-02-27T09:40:06","slug":"vasagle-ruokapoyta-2-tuolilla-baaripoyta-baarituolilla-ruokasaliin","status":"publish","type":"product","link":"https:\/\/nordicmart.andreevmaster.com\/fi\/tuote\/vasagle-ruokapoyta-2-tuolilla-baaripoyta-baarituolilla-ruokasaliin\/","title":{"rendered":"VASAGLE ruokap\u00f6yt\u00e4 2 tuolilla, baarip\u00f6yt\u00e4 baarituolilla, ruokasaliin"},"content":{"rendered":"<p>VASAGLE baarip\u00f6yt\u00e4 ja baarituolisetti, ruokap\u00f6yt\u00e4 ja 2 tuolia, pieni keitti\u00f6p\u00f6yt\u00e4 60 x 60 x 90 cm, baarituolit 30 x 40 x 65 cm, ruokasaliin, keitti\u00f6\u00f6n, teollinen muotoilu, vintage-ruskea-musta LBT017B01<br \/>\nTekniset tiedot:<\/p>\n<p>&#8211; P\u00f6yd\u00e4n mitat: 60 x 60 x 90 cm (S x L x K)<br \/>\n&#8211; Tuolin mitat: 30 x 40 x 65 cm (S x L x K)<br \/>\n&#8211; Kokonaispaino: 19,1 kg<br \/>\n&#8211; P\u00f6yd\u00e4n maks. staattinen kantavuus: 100 kg<br \/>\n&#8211; Tuolin maks. staattinen kantavuus: 120 kg<br \/>\n&#8211; Materiaali: lastulevy, ter\u00e4s<br \/>\n&#8211; V\u00e4ri: ruskea-musta<\/p>\n","protected":false},"excerpt":{"rendered":"<p>VASAGLE baarip\u00f6yt\u00e4 ja baarituolisetti, ruokap\u00f6yt\u00e4 ja 2 tuolia, pieni keitti\u00f6p\u00f6yt\u00e4 60 x 60 x 90 cm, baarituolit 30 x 40 x 65 cm, ruokasaliin, keitti\u00f6\u00f6n, teollinen muotoilu, vintage-ruskea-musta LBT017B01<\/p>\n","protected":false},"featured_media":41735,"comment_status":"open","ping_status":"closed","template":"","meta":[],"product_brand":[],"product_cat":[32],"product_tag":[],"class_list":{"0":"post-32767","1":"product","2":"type-product","3":"status-publish","4":"has-post-thumbnail","6":"product_cat-uncategorized-fi","8":"first","9":"instock","10":"shipping-taxable","11":"purchasable","12":"product-type-simple"},"_links":{"self":[{"href":"https:\/\/nordicmart.andreevmaster.com\/fi\/wp-json\/wp\/v2\/product\/32767","targetHints":{"allow":["GET"]}}],"collection":[{"href":"https:\/\/nordicmart.andreevmaster.com\/fi\/wp-json\/wp\/v2\/product"}],"about":[{"href":"https:\/\/nordicmart.andreevmaster.com\/fi\/wp-json\/wp\/v2\/types\/product"}],"replies":[{"embeddable":true,"href":"https:\/\/nordicmart.andreevmaster.com\/fi\/wp-json\/wp\/v2\/comments?post=32767"}],"wp:featuredmedia":[{"embeddable":true,"href":"https:\/\/nordicmart.andreevmaster.com\/fi\/wp-json\/wp\/v2\/media\/41735"}],"wp:attachment":[{"href":"https:\/\/nordicmart.andreevmaster.com\/fi\/wp-json\/wp\/v2\/media?parent=32767"}],"wp:term":[{"taxonomy":"product_brand","embeddable":true,"href":"https:\/\/nordicmart.andreevmaster.com\/fi\/wp-json\/wp\/v2\/product_brand?post=32767"},{"taxonomy":"product_cat","embeddable":true,"href":"https:\/\/nordicmart.andreevmaster.com\/fi\/wp-json\/wp\/v2\/product_cat?post=32767"},{"taxonomy":"product_tag","embeddable":true,"href":"https:\/\/nordicmart.andreevmaster.com\/fi\/wp-json\/wp\/v2\/product_tag?post=32767"}],"curies":[{"name":"wp","href":"https:\/\/api.w.org\/{rel}","templated":true}]}}