{"id":32766,"date":"2026-02-27T00:18:40","date_gmt":"2026-02-27T00:18:40","guid":{"rendered":"https:\/\/nordicmart.andreevmaster.com\/product\/vasagle-teollinen-design-baaripoyta\/"},"modified":"2026-02-27T09:40:06","modified_gmt":"2026-02-27T09:40:06","slug":"vasagle-teollinen-design-baaripoyta","status":"publish","type":"product","link":"https:\/\/nordicmart.andreevmaster.com\/fi\/tuote\/vasagle-teollinen-design-baaripoyta\/","title":{"rendered":"VASAGLE teollinen design baarip\u00f6yt\u00e4"},"content":{"rendered":"<p>Uuden VASAGLE-br\u00e4ndimme trendikk\u00e4\u00e4n vintage-tyylisen baarip\u00f6yd\u00e4n avulla voit luoda juuri sen, mit\u00e4 suunnittelijat ovat ajatelleet: v\u00e4limerellisen tunnelman omassa kodissasi. K\u00e4tev\u00e4 ravintoloille, baareille ja harrastelijacocktailien sekoittajille. T\u00e4m\u00e4n huonekalun klassinen, tyylik\u00e4s ulkon\u00e4k\u00f6 saattaa h\u00e4m\u00e4t\u00e4 sen kest\u00e4vyyden, sill\u00e4 se kest\u00e4\u00e4 yhteens\u00e4 100 kg:n painon. Suurelle 120 x 60 cm:n ty\u00f6tasolle mahtuu kaikenlaisia juomia, cocktail-aineksia, hedelmi\u00e4, lautasia ja monia muita esineit\u00e4. Baarip\u00f6yt\u00e4 sopii siis sek\u00e4 yksityisk\u00e4ytt\u00f6\u00f6n ett\u00e4 ravintoloihin tai baareihin. Cocktaileja, kahvia vai olutta? K\u00e4yt\u00e4 t\u00e4t\u00e4 baarip\u00f6yt\u00e4\u00e4 ravintolassasi tai kahvilassasi, lis\u00e4\u00e4 sopivat baarituolit ja tarjoile asiakkaillesi hedelm\u00e4isi\u00e4 cocktaileja tai aromaattista kahvia. Kotona voit k\u00e4ytt\u00e4\u00e4 p\u00f6yt\u00e4\u00e4 samalla tavalla tai sijoittaa sen sohvan viereen, jotta kylm\u00e4 olut ja rapeat v\u00e4lipalat ovat aina k\u00e4den ulottuvilla. Tuotetiedot: &#8211; V\u00e4ri: tummanruskea\/vintage  &#8211; Materiaali: lastulevy, rauta &#8211; Koko: 120 x 60 x 90 cm (P x L x K) &#8211; Paino: 17 kg &#8211; Kokonaiskantavuus: 100 kg Toimitus sis\u00e4lt\u00e4\u00e4: &#8211; 1 x baarip\u00f6yt\u00e4 &#8211; 1 x lis\u00e4varustepussi &#8211; 1 x ohjeet (DE, EN, FR, ES, IT)<\/p>\n","protected":false},"excerpt":{"rendered":"<p>VASAGLE baarip\u00f6yt\u00e4, tukeva seisomap\u00f6yt\u00e4, keitti\u00f6p\u00f6yt\u00e4, ruokap\u00f6yt\u00e4, 120 x 60 x 90 cm, helppo asentaa, puun n\u00e4k\u00f6inen, vintage, tummanruskea LBT91X<\/p>\n","protected":false},"featured_media":41734,"comment_status":"open","ping_status":"closed","template":"","meta":[],"product_brand":[],"product_cat":[32],"product_tag":[],"class_list":{"0":"post-32766","1":"product","2":"type-product","3":"status-publish","4":"has-post-thumbnail","6":"product_cat-uncategorized-fi","8":"first","9":"instock","10":"shipping-taxable","11":"purchasable","12":"product-type-simple"},"_links":{"self":[{"href":"https:\/\/nordicmart.andreevmaster.com\/fi\/wp-json\/wp\/v2\/product\/32766","targetHints":{"allow":["GET"]}}],"collection":[{"href":"https:\/\/nordicmart.andreevmaster.com\/fi\/wp-json\/wp\/v2\/product"}],"about":[{"href":"https:\/\/nordicmart.andreevmaster.com\/fi\/wp-json\/wp\/v2\/types\/product"}],"replies":[{"embeddable":true,"href":"https:\/\/nordicmart.andreevmaster.com\/fi\/wp-json\/wp\/v2\/comments?post=32766"}],"wp:featuredmedia":[{"embeddable":true,"href":"https:\/\/nordicmart.andreevmaster.com\/fi\/wp-json\/wp\/v2\/media\/41734"}],"wp:attachment":[{"href":"https:\/\/nordicmart.andreevmaster.com\/fi\/wp-json\/wp\/v2\/media?parent=32766"}],"wp:term":[{"taxonomy":"product_brand","embeddable":true,"href":"https:\/\/nordicmart.andreevmaster.com\/fi\/wp-json\/wp\/v2\/product_brand?post=32766"},{"taxonomy":"product_cat","embeddable":true,"href":"https:\/\/nordicmart.andreevmaster.com\/fi\/wp-json\/wp\/v2\/product_cat?post=32766"},{"taxonomy":"product_tag","embeddable":true,"href":"https:\/\/nordicmart.andreevmaster.com\/fi\/wp-json\/wp\/v2\/product_tag?post=32766"}],"curies":[{"name":"wp","href":"https:\/\/api.w.org\/{rel}","templated":true}]}}