{"id":32765,"date":"2026-02-27T00:18:40","date_gmt":"2026-02-27T00:18:40","guid":{"rendered":"https:\/\/nordicmart.andreevmaster.com\/product\/vasagle-ruokapoyta-teollinen-muotoilu-musta\/"},"modified":"2026-02-27T09:40:05","modified_gmt":"2026-02-27T09:40:05","slug":"vasagle-ruokapoyta-teollinen-muotoilu-musta","status":"publish","type":"product","link":"https:\/\/nordicmart.andreevmaster.com\/fi\/tuote\/vasagle-ruokapoyta-teollinen-muotoilu-musta\/","title":{"rendered":"VASAGLE Ruokap\u00f6yt\u00e4 Teollinen muotoilu Musta"},"content":{"rendered":"<p>Etene rohkeasti ja tyylikk\u00e4\u00e4sti. N\u00e4yt\u00e4 perheellesi t\u00e4ll\u00e4 baarip\u00f6yd\u00e4ll\u00e4, ett\u00e4 olet vihdoin oppinut tekem\u00e4\u00e4n positiivisia p\u00e4\u00e4t\u00f6ksi\u00e4. T\u00e4m\u00e4 rohkea huonekalu huutaa: &#8221;Minulla on el\u00e4m\u00e4ni hallinnassa&#8221;. Tuotetiedot:- V\u00e4ri: musta &#8211; Materiaali: lastulevy, rauta &#8211; Koko: 120 x 60 x 90 cm (P x L x K) &#8211; Paino: 16,5 kg &#8211; Maks. staattinen kokonaiskuormitus: 100 kg Toimitus sis\u00e4lt\u00e4\u00e4: &#8211; 1 x baarip\u00f6yt\u00e4 &#8211; 1 x lis\u00e4varustepussi &#8211; 1 x ohjeet (DE, EN, FR, ES, IT)<\/p>\n","protected":false},"excerpt":{"rendered":"<p>VASAGLE baarip\u00f6yt\u00e4, tukeva seisomap\u00f6yt\u00e4, keitti\u00f6p\u00f6yt\u00e4, ruokap\u00f6yt\u00e4, 120 x 60 x 90 cm, helppo asentaa, puun n\u00e4k\u00f6inen, vintage, tummanruskea LBT91X<\/p>\n","protected":false},"featured_media":41733,"comment_status":"open","ping_status":"closed","template":"","meta":[],"product_brand":[],"product_cat":[32],"product_tag":[],"class_list":{"0":"post-32765","1":"product","2":"type-product","3":"status-publish","4":"has-post-thumbnail","6":"product_cat-uncategorized-fi","8":"first","9":"instock","10":"shipping-taxable","11":"purchasable","12":"product-type-simple"},"_links":{"self":[{"href":"https:\/\/nordicmart.andreevmaster.com\/fi\/wp-json\/wp\/v2\/product\/32765","targetHints":{"allow":["GET"]}}],"collection":[{"href":"https:\/\/nordicmart.andreevmaster.com\/fi\/wp-json\/wp\/v2\/product"}],"about":[{"href":"https:\/\/nordicmart.andreevmaster.com\/fi\/wp-json\/wp\/v2\/types\/product"}],"replies":[{"embeddable":true,"href":"https:\/\/nordicmart.andreevmaster.com\/fi\/wp-json\/wp\/v2\/comments?post=32765"}],"wp:featuredmedia":[{"embeddable":true,"href":"https:\/\/nordicmart.andreevmaster.com\/fi\/wp-json\/wp\/v2\/media\/41733"}],"wp:attachment":[{"href":"https:\/\/nordicmart.andreevmaster.com\/fi\/wp-json\/wp\/v2\/media?parent=32765"}],"wp:term":[{"taxonomy":"product_brand","embeddable":true,"href":"https:\/\/nordicmart.andreevmaster.com\/fi\/wp-json\/wp\/v2\/product_brand?post=32765"},{"taxonomy":"product_cat","embeddable":true,"href":"https:\/\/nordicmart.andreevmaster.com\/fi\/wp-json\/wp\/v2\/product_cat?post=32765"},{"taxonomy":"product_tag","embeddable":true,"href":"https:\/\/nordicmart.andreevmaster.com\/fi\/wp-json\/wp\/v2\/product_tag?post=32765"}],"curies":[{"name":"wp","href":"https:\/\/api.w.org\/{rel}","templated":true}]}}