{"id":32763,"date":"2026-02-27T00:18:39","date_gmt":"2026-02-27T00:18:39","guid":{"rendered":"https:\/\/nordicmart.andreevmaster.com\/product\/vasagle-baaripoyta-pyorea-60-x-60-x-1045-cm-lumivalkoinen\/"},"modified":"2026-02-27T09:40:05","modified_gmt":"2026-02-27T09:40:05","slug":"vasagle-baaripoyta-pyorea-60-x-60-x-1045-cm-lumivalkoinen","status":"publish","type":"product","link":"https:\/\/nordicmart.andreevmaster.com\/fi\/tuote\/vasagle-baaripoyta-pyorea-60-x-60-x-1045-cm-lumivalkoinen\/","title":{"rendered":"VASAGLE baarip\u00f6yt\u00e4, py\u00f6re\u00e4, 60 x 60 x 104,5 cm, lumivalkoinen"},"content":{"rendered":"<p>VASAGLE baarip\u00f6yt\u00e4, seisomap\u00f6yt\u00e4, py\u00f6re\u00e4 bistrop\u00f6yt\u00e4, parvekep\u00f6yt\u00e4 sis\u00e4k\u00e4ytt\u00f6\u00f6n, pieni korkea p\u00f6yt\u00e4 kotibaarille, olohuoneeseen ja ruokailuhuoneeseen, 60 x 60 x 104,5 cm, helppo koota, eebenpuunmusta LBT361B01<br \/>\nV\u00e4ri: lumivalkoinen<br \/>\nMateriaali: lastulevy, ter\u00e4s<br \/>\nKoko: 60 x 60 x 104,5 cm (S x L x K)<br \/>\nPaino: 8,5 kg<br \/>\nP\u00f6yt\u00e4levyn maks. staattinen kantavuus: 100 kg<\/p>\n","protected":false},"excerpt":{"rendered":"<p>VASAGLE baarip\u00f6yt\u00e4, seisomap\u00f6yt\u00e4, py\u00f6re\u00e4 bistrop\u00f6yt\u00e4, parvekep\u00f6yt\u00e4 sis\u00e4k\u00e4ytt\u00f6\u00f6n, pieni korkea p\u00f6yt\u00e4 kotibaarille, olohuoneeseen ja ruokailuhuoneeseen, 60 x 60 x 104,5 cm, helppo koota, eebenpuunmusta LBT361B01<\/p>\n","protected":false},"featured_media":41731,"comment_status":"open","ping_status":"closed","template":"","meta":[],"product_brand":[],"product_cat":[32],"product_tag":[],"class_list":{"0":"post-32763","1":"product","2":"type-product","3":"status-publish","4":"has-post-thumbnail","6":"product_cat-uncategorized-fi","8":"first","9":"instock","10":"shipping-taxable","11":"purchasable","12":"product-type-simple"},"_links":{"self":[{"href":"https:\/\/nordicmart.andreevmaster.com\/fi\/wp-json\/wp\/v2\/product\/32763","targetHints":{"allow":["GET"]}}],"collection":[{"href":"https:\/\/nordicmart.andreevmaster.com\/fi\/wp-json\/wp\/v2\/product"}],"about":[{"href":"https:\/\/nordicmart.andreevmaster.com\/fi\/wp-json\/wp\/v2\/types\/product"}],"replies":[{"embeddable":true,"href":"https:\/\/nordicmart.andreevmaster.com\/fi\/wp-json\/wp\/v2\/comments?post=32763"}],"wp:featuredmedia":[{"embeddable":true,"href":"https:\/\/nordicmart.andreevmaster.com\/fi\/wp-json\/wp\/v2\/media\/41731"}],"wp:attachment":[{"href":"https:\/\/nordicmart.andreevmaster.com\/fi\/wp-json\/wp\/v2\/media?parent=32763"}],"wp:term":[{"taxonomy":"product_brand","embeddable":true,"href":"https:\/\/nordicmart.andreevmaster.com\/fi\/wp-json\/wp\/v2\/product_brand?post=32763"},{"taxonomy":"product_cat","embeddable":true,"href":"https:\/\/nordicmart.andreevmaster.com\/fi\/wp-json\/wp\/v2\/product_cat?post=32763"},{"taxonomy":"product_tag","embeddable":true,"href":"https:\/\/nordicmart.andreevmaster.com\/fi\/wp-json\/wp\/v2\/product_tag?post=32763"}],"curies":[{"name":"wp","href":"https:\/\/api.w.org\/{rel}","templated":true}]}}