{"id":32759,"date":"2026-02-27T00:18:38","date_gmt":"2026-02-27T00:18:38","guid":{"rendered":"https:\/\/nordicmart.andreevmaster.com\/product\/vasagle-baaripoyta-ja-baarituolisetti-vintage-ruskea-mustanmusta\/"},"modified":"2026-02-27T09:40:04","modified_gmt":"2026-02-27T09:40:04","slug":"vasagle-baaripoyta-ja-baarituolisetti-vintage-ruskea-mustanmusta","status":"publish","type":"product","link":"https:\/\/nordicmart.andreevmaster.com\/fi\/tuote\/vasagle-baaripoyta-ja-baarituolisetti-vintage-ruskea-mustanmusta\/","title":{"rendered":"VASAGLE baarip\u00f6yt\u00e4 ja baarituolisetti vintage-ruskea-mustanmusta"},"content":{"rendered":"<p>VASAGLE ruokailuryhm\u00e4, baarip\u00f6yt\u00e4setti, seisomap\u00f6yt\u00e4 (100 x 40 x 90 cm) ja 2 baarituolia (kukin 30 x 40 x 65 cm), metallirunko, teollinen muotoilu, ruokasaliin, olohuoneeseen, vintage-ruskea-musta LBT218B01<br \/>\nV\u00e4ri: eebenpuunmusta-mustesuihkumusta<br \/>\nMateriaali: lastulevy, ter\u00e4s<br \/>\nP\u00f6yd\u00e4n koko: 100 x 40 x 90 cm (P x L x K)<br \/>\nJokaisen jakkaran koko: 40 x 30 x 65 cm (P x L x K)<br \/>\nKokonaispaino: 20,2 kg<br \/>\nJokaisen jakkaran maks. staattinen kantavuus: 100 kg<\/p>\n","protected":false},"excerpt":{"rendered":"<p>VASAGLE ruokailuryhm\u00e4, baarip\u00f6yt\u00e4setti, seisomap\u00f6yt\u00e4 (100 x 40 x 90 cm) ja 2 baarituolia (kukin 30 x 40 x 65 cm), metallirunko, teollinen muotoilu, ruokasaliin, olohuoneeseen, vintage-ruskea-musta LBT218B01<\/p>\n","protected":false},"featured_media":41727,"comment_status":"open","ping_status":"closed","template":"","meta":[],"product_brand":[],"product_cat":[32],"product_tag":[],"class_list":{"0":"post-32759","1":"product","2":"type-product","3":"status-publish","4":"has-post-thumbnail","6":"product_cat-uncategorized-fi","8":"first","9":"instock","10":"shipping-taxable","11":"purchasable","12":"product-type-simple"},"_links":{"self":[{"href":"https:\/\/nordicmart.andreevmaster.com\/fi\/wp-json\/wp\/v2\/product\/32759","targetHints":{"allow":["GET"]}}],"collection":[{"href":"https:\/\/nordicmart.andreevmaster.com\/fi\/wp-json\/wp\/v2\/product"}],"about":[{"href":"https:\/\/nordicmart.andreevmaster.com\/fi\/wp-json\/wp\/v2\/types\/product"}],"replies":[{"embeddable":true,"href":"https:\/\/nordicmart.andreevmaster.com\/fi\/wp-json\/wp\/v2\/comments?post=32759"}],"wp:featuredmedia":[{"embeddable":true,"href":"https:\/\/nordicmart.andreevmaster.com\/fi\/wp-json\/wp\/v2\/media\/41727"}],"wp:attachment":[{"href":"https:\/\/nordicmart.andreevmaster.com\/fi\/wp-json\/wp\/v2\/media?parent=32759"}],"wp:term":[{"taxonomy":"product_brand","embeddable":true,"href":"https:\/\/nordicmart.andreevmaster.com\/fi\/wp-json\/wp\/v2\/product_brand?post=32759"},{"taxonomy":"product_cat","embeddable":true,"href":"https:\/\/nordicmart.andreevmaster.com\/fi\/wp-json\/wp\/v2\/product_cat?post=32759"},{"taxonomy":"product_tag","embeddable":true,"href":"https:\/\/nordicmart.andreevmaster.com\/fi\/wp-json\/wp\/v2\/product_tag?post=32759"}],"curies":[{"name":"wp","href":"https:\/\/api.w.org\/{rel}","templated":true}]}}