{"id":32756,"date":"2026-02-27T00:18:37","date_gmt":"2026-02-27T00:18:37","guid":{"rendered":"https:\/\/nordicmart.andreevmaster.com\/product\/vasagle-industrial-look-baaripoyta-ja-2-baarituolia\/"},"modified":"2026-02-27T09:40:04","modified_gmt":"2026-02-27T09:40:04","slug":"vasagle-industrial-look-baaripoyta-ja-2-baarituolia","status":"publish","type":"product","link":"https:\/\/nordicmart.andreevmaster.com\/fi\/tuote\/vasagle-industrial-look-baaripoyta-ja-2-baarituolia\/","title":{"rendered":"VASAGLE Industrial Look -baarip\u00f6yt\u00e4 ja 2 baarituolia"},"content":{"rendered":"<p>Tuotetiedot: &#8211; V\u00e4ri: tummanruskea\/vintage  &#8211; Materiaali: lastulevy, rauta &#8211; P\u00f6yd\u00e4n koko: 120 x 60 x 90 cm (P x L x K) &#8211; Tuolin koko: 40 x 30 x 65 cm (P x L x K) &#8211; Paino: 24,5 kg &#8211; P\u00f6yt\u00e4levyn maks. staattinen kantavuus: 100 kg &#8211; Jakkaran maks. staattinen kantavuus: 120 kg Toimitus sis\u00e4lt\u00e4\u00e4: &#8211; 1 x baarip\u00f6yt\u00e4 &#8211; 2 x baarituoli &#8211; 1 x lis\u00e4varustepussi &#8211; 1 x ohjeet (DE, EN, ES, FR, IT) VASAGLE Huomautukset: &#8211; Lapset eiv\u00e4t saa kiivet\u00e4 tuotteelle tai leikki\u00e4 sill\u00e4. &#8211; P\u00f6yt\u00e4levyn suurin kantavuus on 100 kg. \u00c4l\u00e4 aseta sit\u00e4 raskaampia esineit\u00e4 p\u00f6yd\u00e4lle. \u00c4l\u00e4 my\u00f6sk\u00e4\u00e4n ylit\u00e4 tuolien suurinta kantavuutta (120 kg per tuoli). &#8211; Baarip\u00f6yt\u00e4 on kiinnitett\u00e4v\u00e4 sein\u00e4\u00e4n kaatumisen est\u00e4miseksi kaatumisenestolaitteen avulla. &#8211; \u00c4l\u00e4 nojaa taaksep\u00e4in tai keinuta edestakaisin istuessasi jakkaralla.<\/p>\n","protected":false},"excerpt":{"rendered":"<p>VASAGLE baarip\u00f6yt\u00e4setti, seisomap\u00f6yt\u00e4 2 baarituolilla, keitti\u00f6tiski baarituoleilla, keitti\u00f6p\u00f6yt\u00e4 ja keitti\u00f6tuolit teollisessa designissa, keitti\u00f6\u00f6n, 120 x 60 x 90 cm, vintage-ruskea-musta LBT15X<\/p>\n","protected":false},"featured_media":41724,"comment_status":"open","ping_status":"closed","template":"","meta":[],"product_brand":[],"product_cat":[32],"product_tag":[],"class_list":{"0":"post-32756","1":"product","2":"type-product","3":"status-publish","4":"has-post-thumbnail","6":"product_cat-uncategorized-fi","8":"first","9":"instock","10":"shipping-taxable","11":"purchasable","12":"product-type-simple"},"_links":{"self":[{"href":"https:\/\/nordicmart.andreevmaster.com\/fi\/wp-json\/wp\/v2\/product\/32756","targetHints":{"allow":["GET"]}}],"collection":[{"href":"https:\/\/nordicmart.andreevmaster.com\/fi\/wp-json\/wp\/v2\/product"}],"about":[{"href":"https:\/\/nordicmart.andreevmaster.com\/fi\/wp-json\/wp\/v2\/types\/product"}],"replies":[{"embeddable":true,"href":"https:\/\/nordicmart.andreevmaster.com\/fi\/wp-json\/wp\/v2\/comments?post=32756"}],"wp:featuredmedia":[{"embeddable":true,"href":"https:\/\/nordicmart.andreevmaster.com\/fi\/wp-json\/wp\/v2\/media\/41724"}],"wp:attachment":[{"href":"https:\/\/nordicmart.andreevmaster.com\/fi\/wp-json\/wp\/v2\/media?parent=32756"}],"wp:term":[{"taxonomy":"product_brand","embeddable":true,"href":"https:\/\/nordicmart.andreevmaster.com\/fi\/wp-json\/wp\/v2\/product_brand?post=32756"},{"taxonomy":"product_cat","embeddable":true,"href":"https:\/\/nordicmart.andreevmaster.com\/fi\/wp-json\/wp\/v2\/product_cat?post=32756"},{"taxonomy":"product_tag","embeddable":true,"href":"https:\/\/nordicmart.andreevmaster.com\/fi\/wp-json\/wp\/v2\/product_tag?post=32756"}],"curies":[{"name":"wp","href":"https:\/\/api.w.org\/{rel}","templated":true}]}}