{"id":32755,"date":"2026-02-27T00:18:37","date_gmt":"2026-02-27T00:18:37","guid":{"rendered":"https:\/\/nordicmart.andreevmaster.com\/product\/vasagle-baaripoyta-140-x-40-x-90-cm-valkoinen\/"},"modified":"2026-02-27T09:40:04","modified_gmt":"2026-02-27T09:40:04","slug":"vasagle-baaripoyta-140-x-40-x-90-cm-valkoinen","status":"publish","type":"product","link":"https:\/\/nordicmart.andreevmaster.com\/fi\/tuote\/vasagle-baaripoyta-140-x-40-x-90-cm-valkoinen\/","title":{"rendered":"VASAGLE baarip\u00f6yt\u00e4 140 x 40 x 90 cm, valkoinen"},"content":{"rendered":"<p>VASAGLE baarip\u00f6yt\u00e4 140x40x90cm<\/p>\n","protected":false},"excerpt":{"rendered":"<p>VASAGLE baarip\u00f6yt\u00e4 140x40x90cm<\/p>\n","protected":false},"featured_media":41723,"comment_status":"open","ping_status":"closed","template":"","meta":[],"product_brand":[],"product_cat":[32],"product_tag":[],"class_list":{"0":"post-32755","1":"product","2":"type-product","3":"status-publish","4":"has-post-thumbnail","6":"product_cat-uncategorized-fi","8":"first","9":"instock","10":"shipping-taxable","11":"purchasable","12":"product-type-simple"},"_links":{"self":[{"href":"https:\/\/nordicmart.andreevmaster.com\/fi\/wp-json\/wp\/v2\/product\/32755","targetHints":{"allow":["GET"]}}],"collection":[{"href":"https:\/\/nordicmart.andreevmaster.com\/fi\/wp-json\/wp\/v2\/product"}],"about":[{"href":"https:\/\/nordicmart.andreevmaster.com\/fi\/wp-json\/wp\/v2\/types\/product"}],"replies":[{"embeddable":true,"href":"https:\/\/nordicmart.andreevmaster.com\/fi\/wp-json\/wp\/v2\/comments?post=32755"}],"wp:featuredmedia":[{"embeddable":true,"href":"https:\/\/nordicmart.andreevmaster.com\/fi\/wp-json\/wp\/v2\/media\/41723"}],"wp:attachment":[{"href":"https:\/\/nordicmart.andreevmaster.com\/fi\/wp-json\/wp\/v2\/media?parent=32755"}],"wp:term":[{"taxonomy":"product_brand","embeddable":true,"href":"https:\/\/nordicmart.andreevmaster.com\/fi\/wp-json\/wp\/v2\/product_brand?post=32755"},{"taxonomy":"product_cat","embeddable":true,"href":"https:\/\/nordicmart.andreevmaster.com\/fi\/wp-json\/wp\/v2\/product_cat?post=32755"},{"taxonomy":"product_tag","embeddable":true,"href":"https:\/\/nordicmart.andreevmaster.com\/fi\/wp-json\/wp\/v2\/product_tag?post=32755"}],"curies":[{"name":"wp","href":"https:\/\/api.w.org\/{rel}","templated":true}]}}