{"id":32748,"date":"2026-02-27T00:18:36","date_gmt":"2026-02-27T00:18:36","guid":{"rendered":"https:\/\/nordicmart.andreevmaster.com\/product\/vasagle-baaripoyta-3-hyllya-teollinen-tyyli\/"},"modified":"2026-02-27T09:40:03","modified_gmt":"2026-02-27T09:40:03","slug":"vasagle-baaripoyta-3-hyllya-teollinen-tyyli","status":"publish","type":"product","link":"https:\/\/nordicmart.andreevmaster.com\/fi\/tuote\/vasagle-baaripoyta-3-hyllya-teollinen-tyyli\/","title":{"rendered":"VASAGLE baarip\u00f6yt\u00e4 3 hylly\u00e4 teollinen tyyli"},"content":{"rendered":"<p>Tuotetiedot: &#8211; V\u00e4ri: vintage\/tummanruskea &#8211; Materiaali: puulevy, rauta &#8211; Kokonaismitat: 109 x 60 x 100 (P x L x K) &#8211; P\u00f6yt\u00e4levyn mitat: 109 x 60 x 1,5 (P x L x K) &#8211; Paino: 17 kg &#8211; P\u00f6yt\u00e4levyn maks. staattinen kantavuus: 100 kg &#8211; Hyllytasojen maks. staattinen kantavuus: 20 kg Toimitus sis\u00e4lt\u00e4\u00e4: &#8211; 1 x baarip\u00f6yt\u00e4 &#8211; 1 x lis\u00e4varustepussi &#8211; 1 x ohjeet (DE, EN, ES, FR, IT) VASAGLE-ohjeet: &#8211; Pid\u00e4 lapset poissa ty\u00f6alueelta asennuksen aikana. Toimitukseen sis\u00e4ltyy monia pieni\u00e4 osia, jotka voivat olla hengenvaarallisia, jos ne nielaistaan tai hengitet\u00e4\u00e4n. &#8211; \u00c4l\u00e4 anna lasten kiivet\u00e4 tuotteen p\u00e4\u00e4lle. Kaatumisvaara! &#8211; Pid\u00e4 tuote poissa ter\u00e4vien ja ter\u00e4vien esineiden sek\u00e4 sy\u00f6vytt\u00e4vien kemikaalien l\u00e4heisyydest\u00e4, jotta sen pinta ei vahingoitu.- P\u00f6yd\u00e4n pinnan suurin staattinen kantavuus on 100 kg, yksitt\u00e4isten hyllytasojen 20 kg. \u00c4l\u00e4 aseta tuotteen p\u00e4\u00e4lle painavampia esineit\u00e4.<\/p>\n","protected":false},"excerpt":{"rendered":"<p>VASAGLE suorakulmainen baarip\u00f6yt\u00e4, seisomap\u00f6yt\u00e4 3 hyllyll\u00e4, keitti\u00f6p\u00f6yt\u00e4, keitti\u00f6tiski, tukeva metallirunko, 109 x 60 x 100 cm, helppo koota, teollinen muotoilu, vintage, tummanruskea LBT11X<\/p>\n","protected":false},"featured_media":41716,"comment_status":"open","ping_status":"closed","template":"","meta":[],"product_brand":[],"product_cat":[32],"product_tag":[],"class_list":{"0":"post-32748","1":"product","2":"type-product","3":"status-publish","4":"has-post-thumbnail","6":"product_cat-uncategorized-fi","8":"first","9":"instock","10":"shipping-taxable","11":"purchasable","12":"product-type-simple"},"_links":{"self":[{"href":"https:\/\/nordicmart.andreevmaster.com\/fi\/wp-json\/wp\/v2\/product\/32748","targetHints":{"allow":["GET"]}}],"collection":[{"href":"https:\/\/nordicmart.andreevmaster.com\/fi\/wp-json\/wp\/v2\/product"}],"about":[{"href":"https:\/\/nordicmart.andreevmaster.com\/fi\/wp-json\/wp\/v2\/types\/product"}],"replies":[{"embeddable":true,"href":"https:\/\/nordicmart.andreevmaster.com\/fi\/wp-json\/wp\/v2\/comments?post=32748"}],"wp:featuredmedia":[{"embeddable":true,"href":"https:\/\/nordicmart.andreevmaster.com\/fi\/wp-json\/wp\/v2\/media\/41716"}],"wp:attachment":[{"href":"https:\/\/nordicmart.andreevmaster.com\/fi\/wp-json\/wp\/v2\/media?parent=32748"}],"wp:term":[{"taxonomy":"product_brand","embeddable":true,"href":"https:\/\/nordicmart.andreevmaster.com\/fi\/wp-json\/wp\/v2\/product_brand?post=32748"},{"taxonomy":"product_cat","embeddable":true,"href":"https:\/\/nordicmart.andreevmaster.com\/fi\/wp-json\/wp\/v2\/product_cat?post=32748"},{"taxonomy":"product_tag","embeddable":true,"href":"https:\/\/nordicmart.andreevmaster.com\/fi\/wp-json\/wp\/v2\/product_tag?post=32748"}],"curies":[{"name":"wp","href":"https:\/\/api.w.org\/{rel}","templated":true}]}}