{"id":32744,"date":"2026-02-27T00:18:35","date_gmt":"2026-02-27T00:18:35","guid":{"rendered":"https:\/\/nordicmart.andreevmaster.com\/product\/vasagle-baaripoyta-terasrungolla-60-x-60-x-92-cm-tammibeige-valkoinen\/"},"modified":"2026-02-27T09:40:02","modified_gmt":"2026-02-27T09:40:02","slug":"vasagle-baaripoyta-terasrungolla-60-x-60-x-92-cm-tammibeige-valkoinen","status":"publish","type":"product","link":"https:\/\/nordicmart.andreevmaster.com\/fi\/tuote\/vasagle-baaripoyta-terasrungolla-60-x-60-x-92-cm-tammibeige-valkoinen\/","title":{"rendered":"VASAGLE baarip\u00f6yt\u00e4 ter\u00e4srungolla 60 x 60 x 92 cm tammibeige-valkoinen"},"content":{"rendered":"<p>VASAGLE baarip\u00f6yt\u00e4, seisomap\u00f6yt\u00e4, keitti\u00f6p\u00f6yt\u00e4, korkea, ter\u00e4srunko, 60 x 60 x 92 cm, helppo asentaa, keitti\u00f6\u00f6n, olohuoneeseen, teollinen muotoilu, greige-musta LBT025B02<br \/>\nV\u00e4ri: tammi-beige-valkoinen<br \/>\nMateriaali: lastulevy, ter\u00e4s<br \/>\nKoko: 60 x 60 x 92 cm (S x L x K)<br \/>\nPaino: 10 kg<br \/>\nMaks. staattinen kantavuus: 100 kg<\/p>\n","protected":false},"excerpt":{"rendered":"<p>VASAGLE baarip\u00f6yt\u00e4, seisomap\u00f6yt\u00e4, keitti\u00f6p\u00f6yt\u00e4, korkea, ter\u00e4srunko, 60 x 60 x 92 cm, helppo asentaa, keitti\u00f6\u00f6n, olohuoneeseen, teollinen muotoilu, greige-musta LBT025B02<\/p>\n","protected":false},"featured_media":41712,"comment_status":"open","ping_status":"closed","template":"","meta":[],"product_brand":[],"product_cat":[32],"product_tag":[],"class_list":{"0":"post-32744","1":"product","2":"type-product","3":"status-publish","4":"has-post-thumbnail","6":"product_cat-uncategorized-fi","8":"first","9":"instock","10":"shipping-taxable","11":"purchasable","12":"product-type-simple"},"_links":{"self":[{"href":"https:\/\/nordicmart.andreevmaster.com\/fi\/wp-json\/wp\/v2\/product\/32744","targetHints":{"allow":["GET"]}}],"collection":[{"href":"https:\/\/nordicmart.andreevmaster.com\/fi\/wp-json\/wp\/v2\/product"}],"about":[{"href":"https:\/\/nordicmart.andreevmaster.com\/fi\/wp-json\/wp\/v2\/types\/product"}],"replies":[{"embeddable":true,"href":"https:\/\/nordicmart.andreevmaster.com\/fi\/wp-json\/wp\/v2\/comments?post=32744"}],"wp:featuredmedia":[{"embeddable":true,"href":"https:\/\/nordicmart.andreevmaster.com\/fi\/wp-json\/wp\/v2\/media\/41712"}],"wp:attachment":[{"href":"https:\/\/nordicmart.andreevmaster.com\/fi\/wp-json\/wp\/v2\/media?parent=32744"}],"wp:term":[{"taxonomy":"product_brand","embeddable":true,"href":"https:\/\/nordicmart.andreevmaster.com\/fi\/wp-json\/wp\/v2\/product_brand?post=32744"},{"taxonomy":"product_cat","embeddable":true,"href":"https:\/\/nordicmart.andreevmaster.com\/fi\/wp-json\/wp\/v2\/product_cat?post=32744"},{"taxonomy":"product_tag","embeddable":true,"href":"https:\/\/nordicmart.andreevmaster.com\/fi\/wp-json\/wp\/v2\/product_tag?post=32744"}],"curies":[{"name":"wp","href":"https:\/\/api.w.org\/{rel}","templated":true}]}}