{"id":32740,"date":"2026-02-27T00:18:33","date_gmt":"2026-02-27T00:18:33","guid":{"rendered":"https:\/\/nordicmart.andreevmaster.com\/product\/vasagle-baaripoyta-metallijalustalla-60-x-60-x-105-cm-pilvinen-valkoinen-matta-valkoinen\/"},"modified":"2026-02-27T09:40:01","modified_gmt":"2026-02-27T09:40:01","slug":"vasagle-baaripoyta-metallijalustalla-60-x-60-x-105-cm-pilvinen-valkoinen-matta-valkoinen","status":"publish","type":"product","link":"https:\/\/nordicmart.andreevmaster.com\/fi\/tuote\/vasagle-baaripoyta-metallijalustalla-60-x-60-x-105-cm-pilvinen-valkoinen-matta-valkoinen\/","title":{"rendered":"VASAGLE baarip\u00f6yt\u00e4 metallijalustalla 60 x 60 x 105 cm pilvinen valkoinen-matta valkoinen"},"content":{"rendered":"<p>VASAGLE baarip\u00f6yt\u00e4, sohvap\u00f6yt\u00e4, keitti\u00f6p\u00f6yt\u00e4, korkea py\u00f6re\u00e4 p\u00f6yt\u00e4, metallirunko, 60 x 60 x 105 cm, keitti\u00f6, kotibaari, olohuone, moderni tyyli, helppo asentaa, musta-matta musta LBT024B01<br \/>\nV\u00e4ri: pilvinen valkoinen-matta valkoinen<br \/>\nMateriaali: ter\u00e4s, MDF (keskitihe\u00e4 kuitulevy)<br \/>\nKoko: 60 x 60 x 105 cm (S x L x K)<br \/>\nPaino: 7,7 kg<br \/>\nMaks. staattinen kokonaiskuormitus: 50 kg<br \/>\nP\u00f6yd\u00e4n jalkojen v\u00e4linen diagonaalinen et\u00e4isyys: 59 cm<\/p>\n","protected":false},"excerpt":{"rendered":"<p>VASAGLE baarip\u00f6yt\u00e4, sohvap\u00f6yt\u00e4, keitti\u00f6p\u00f6yt\u00e4, korkea py\u00f6re\u00e4 p\u00f6yt\u00e4, metallirunko, 60 x 60 x 105 cm, keitti\u00f6, kotibaari, olohuone, moderni tyyli, helppo asentaa, musta-matta musta LBT024B01<\/p>\n","protected":false},"featured_media":41708,"comment_status":"open","ping_status":"closed","template":"","meta":[],"product_brand":[],"product_cat":[32],"product_tag":[],"class_list":{"0":"post-32740","1":"product","2":"type-product","3":"status-publish","4":"has-post-thumbnail","6":"product_cat-uncategorized-fi","8":"first","9":"instock","10":"shipping-taxable","11":"purchasable","12":"product-type-simple"},"_links":{"self":[{"href":"https:\/\/nordicmart.andreevmaster.com\/fi\/wp-json\/wp\/v2\/product\/32740","targetHints":{"allow":["GET"]}}],"collection":[{"href":"https:\/\/nordicmart.andreevmaster.com\/fi\/wp-json\/wp\/v2\/product"}],"about":[{"href":"https:\/\/nordicmart.andreevmaster.com\/fi\/wp-json\/wp\/v2\/types\/product"}],"replies":[{"embeddable":true,"href":"https:\/\/nordicmart.andreevmaster.com\/fi\/wp-json\/wp\/v2\/comments?post=32740"}],"wp:featuredmedia":[{"embeddable":true,"href":"https:\/\/nordicmart.andreevmaster.com\/fi\/wp-json\/wp\/v2\/media\/41708"}],"wp:attachment":[{"href":"https:\/\/nordicmart.andreevmaster.com\/fi\/wp-json\/wp\/v2\/media?parent=32740"}],"wp:term":[{"taxonomy":"product_brand","embeddable":true,"href":"https:\/\/nordicmart.andreevmaster.com\/fi\/wp-json\/wp\/v2\/product_brand?post=32740"},{"taxonomy":"product_cat","embeddable":true,"href":"https:\/\/nordicmart.andreevmaster.com\/fi\/wp-json\/wp\/v2\/product_cat?post=32740"},{"taxonomy":"product_tag","embeddable":true,"href":"https:\/\/nordicmart.andreevmaster.com\/fi\/wp-json\/wp\/v2\/product_tag?post=32740"}],"curies":[{"name":"wp","href":"https:\/\/api.w.org\/{rel}","templated":true}]}}