{"id":32736,"date":"2026-02-27T00:18:32","date_gmt":"2026-02-27T00:18:32","guid":{"rendered":"https:\/\/nordicmart.andreevmaster.com\/product\/vasagle-ekho-kokoelma-korkeussaadettava-baaripoyta-tuhkanruskea-karamellinruskea\/"},"modified":"2026-02-27T09:40:01","modified_gmt":"2026-02-27T09:40:01","slug":"vasagle-ekho-kokoelma-korkeussaadettava-baaripoyta-tuhkanruskea-karamellinruskea","status":"publish","type":"product","link":"https:\/\/nordicmart.andreevmaster.com\/fi\/tuote\/vasagle-ekho-kokoelma-korkeussaadettava-baaripoyta-tuhkanruskea-karamellinruskea\/","title":{"rendered":"VASAGLE EKHO-kokoelma \u2013 korkeuss\u00e4\u00e4dett\u00e4v\u00e4 baarip\u00f6yt\u00e4, tuhkanruskea-karamellinruskea"},"content":{"rendered":"<p>VASAGLE EKHO -kokoelma \u2013 korkeuss\u00e4\u00e4dett\u00e4v\u00e4 baarip\u00f6yt\u00e4, pieni p\u00f6yt\u00e4 s\u00e4ilytystilalla, keinonahka, ompeleet, mid-century-modern-tyyli, keitti\u00f6, kotibaari, olohuone, eebenpuunmusta-mustes\u00e4vyinen musta<br \/>\nV\u00e4ri: tuhkanruskea-karamellinruskea<br \/>\nMateriaali: ter\u00e4s, PU-keinonahka (polyuretaani), lastulevy<br \/>\nKoko: 58,7 x 58,7 x (83-105) cm (S x L x K)<br \/>\nPaino: 13,1 kg<br \/>\nMaks. staattinen kokonaiskuormitus: 25 kg<\/p>\n","protected":false},"excerpt":{"rendered":"<p>VASAGLE EKHO -kokoelma \u2013 korkeuss\u00e4\u00e4dett\u00e4v\u00e4 baarip\u00f6yt\u00e4, pieni p\u00f6yt\u00e4 s\u00e4ilytystilalla, keinonahka, ompeleet, mid-century-modern-tyyli, keitti\u00f6, kotibaari, olohuone, eebenpuunmusta-mustes\u00e4vyinen musta<\/p>\n","protected":false},"featured_media":0,"comment_status":"open","ping_status":"closed","template":"","meta":[],"product_brand":[],"product_cat":[32],"product_tag":[],"class_list":{"0":"post-32736","1":"product","2":"type-product","3":"status-publish","5":"product_cat-uncategorized-fi","7":"first","8":"instock","9":"shipping-taxable","10":"purchasable","11":"product-type-simple"},"_links":{"self":[{"href":"https:\/\/nordicmart.andreevmaster.com\/fi\/wp-json\/wp\/v2\/product\/32736","targetHints":{"allow":["GET"]}}],"collection":[{"href":"https:\/\/nordicmart.andreevmaster.com\/fi\/wp-json\/wp\/v2\/product"}],"about":[{"href":"https:\/\/nordicmart.andreevmaster.com\/fi\/wp-json\/wp\/v2\/types\/product"}],"replies":[{"embeddable":true,"href":"https:\/\/nordicmart.andreevmaster.com\/fi\/wp-json\/wp\/v2\/comments?post=32736"}],"wp:attachment":[{"href":"https:\/\/nordicmart.andreevmaster.com\/fi\/wp-json\/wp\/v2\/media?parent=32736"}],"wp:term":[{"taxonomy":"product_brand","embeddable":true,"href":"https:\/\/nordicmart.andreevmaster.com\/fi\/wp-json\/wp\/v2\/product_brand?post=32736"},{"taxonomy":"product_cat","embeddable":true,"href":"https:\/\/nordicmart.andreevmaster.com\/fi\/wp-json\/wp\/v2\/product_cat?post=32736"},{"taxonomy":"product_tag","embeddable":true,"href":"https:\/\/nordicmart.andreevmaster.com\/fi\/wp-json\/wp\/v2\/product_tag?post=32736"}],"curies":[{"name":"wp","href":"https:\/\/api.w.org\/{rel}","templated":true}]}}