{"id":32733,"date":"2026-02-27T00:18:32","date_gmt":"2026-02-27T00:18:32","guid":{"rendered":"https:\/\/nordicmart.andreevmaster.com\/product\/vasagle-baaripoyta-latausasemalla-ja-laatikolla-eebenpuunmusta\/"},"modified":"2026-02-27T09:40:00","modified_gmt":"2026-02-27T09:40:00","slug":"vasagle-baaripoyta-latausasemalla-ja-laatikolla-eebenpuunmusta","status":"publish","type":"product","link":"https:\/\/nordicmart.andreevmaster.com\/fi\/tuote\/vasagle-baaripoyta-latausasemalla-ja-laatikolla-eebenpuunmusta\/","title":{"rendered":"VASAGLE baarip\u00f6yt\u00e4 latausasemalla ja laatikolla, eebenpuunmusta"},"content":{"rendered":"<p>VASAGLE baarip\u00f6yt\u00e4, seisomap\u00f6yt\u00e4 latausasemalla ja joustavalla kuitukankaalla p\u00e4\u00e4llystetyll\u00e4 laatikolla, koukut, 40 x 99,8 x 104,6 cm, tuhkanruskea LBT019K02<br \/>\nV\u00e4ri: eebenpuunmusta<br \/>\nMateriaali: lastulevy, ter\u00e4s<br \/>\nKoko: 40 x 99,8 x 104,6 cm<br \/>\nPaino: 19,6 kg<br \/>\nMaks. staattinen kantavuus: 100 kg<\/p>\n","protected":false},"excerpt":{"rendered":"<p>VASAGLE baarip\u00f6yt\u00e4, seisomap\u00f6yt\u00e4 latausasemalla ja joustavalla kuitukankaalla p\u00e4\u00e4llystetyll\u00e4 laatikolla, koukut, 40 x 99,8 x 104,6 cm, tuhkanruskea LBT019K02<\/p>\n","protected":false},"featured_media":41705,"comment_status":"open","ping_status":"closed","template":"","meta":[],"product_brand":[],"product_cat":[32],"product_tag":[],"class_list":{"0":"post-32733","1":"product","2":"type-product","3":"status-publish","4":"has-post-thumbnail","6":"product_cat-uncategorized-fi","8":"first","9":"instock","10":"shipping-taxable","11":"purchasable","12":"product-type-simple"},"_links":{"self":[{"href":"https:\/\/nordicmart.andreevmaster.com\/fi\/wp-json\/wp\/v2\/product\/32733","targetHints":{"allow":["GET"]}}],"collection":[{"href":"https:\/\/nordicmart.andreevmaster.com\/fi\/wp-json\/wp\/v2\/product"}],"about":[{"href":"https:\/\/nordicmart.andreevmaster.com\/fi\/wp-json\/wp\/v2\/types\/product"}],"replies":[{"embeddable":true,"href":"https:\/\/nordicmart.andreevmaster.com\/fi\/wp-json\/wp\/v2\/comments?post=32733"}],"wp:featuredmedia":[{"embeddable":true,"href":"https:\/\/nordicmart.andreevmaster.com\/fi\/wp-json\/wp\/v2\/media\/41705"}],"wp:attachment":[{"href":"https:\/\/nordicmart.andreevmaster.com\/fi\/wp-json\/wp\/v2\/media?parent=32733"}],"wp:term":[{"taxonomy":"product_brand","embeddable":true,"href":"https:\/\/nordicmart.andreevmaster.com\/fi\/wp-json\/wp\/v2\/product_brand?post=32733"},{"taxonomy":"product_cat","embeddable":true,"href":"https:\/\/nordicmart.andreevmaster.com\/fi\/wp-json\/wp\/v2\/product_cat?post=32733"},{"taxonomy":"product_tag","embeddable":true,"href":"https:\/\/nordicmart.andreevmaster.com\/fi\/wp-json\/wp\/v2\/product_tag?post=32733"}],"curies":[{"name":"wp","href":"https:\/\/api.w.org\/{rel}","templated":true}]}}