{"id":32726,"date":"2026-02-27T00:18:30","date_gmt":"2026-02-27T00:18:30","guid":{"rendered":"https:\/\/nordicmart.andreevmaster.com\/product\/vasagle-teollinen-muotoilu-suorakulmainen-seisomapoyta-valkoinen\/"},"modified":"2026-02-27T09:39:59","modified_gmt":"2026-02-27T09:39:59","slug":"vasagle-teollinen-muotoilu-suorakulmainen-seisomapoyta-valkoinen","status":"publish","type":"product","link":"https:\/\/nordicmart.andreevmaster.com\/fi\/tuote\/vasagle-teollinen-muotoilu-suorakulmainen-seisomapoyta-valkoinen\/","title":{"rendered":"VASAGLE Teollinen muotoilu, suorakulmainen seisomap\u00f6yt\u00e4, valkoinen"},"content":{"rendered":"<p>VASAGLE baarip\u00f6yt\u00e4, keitti\u00f6p\u00f6yt\u00e4, keitti\u00f6tiski, suorakulmainen seisomap\u00f6yt\u00e4, tukeva metallirunko, 100 x 40 x 90 cm, helppo koota, kapea, teollinen muotoilu, greige-musta LBT010B02<\/p>\n","protected":false},"excerpt":{"rendered":"<p>VASAGLE baarip\u00f6yt\u00e4, keitti\u00f6p\u00f6yt\u00e4, keitti\u00f6tiski, suorakulmainen seisomap\u00f6yt\u00e4, tukeva metallirunko, 100 x 40 x 90 cm, helppo koota, kapea, teollinen muotoilu, greige-musta LBT010B02<\/p>\n","protected":false},"featured_media":41698,"comment_status":"open","ping_status":"closed","template":"","meta":[],"product_brand":[],"product_cat":[32],"product_tag":[],"class_list":{"0":"post-32726","1":"product","2":"type-product","3":"status-publish","4":"has-post-thumbnail","6":"product_cat-uncategorized-fi","8":"first","9":"instock","10":"shipping-taxable","11":"purchasable","12":"product-type-simple"},"_links":{"self":[{"href":"https:\/\/nordicmart.andreevmaster.com\/fi\/wp-json\/wp\/v2\/product\/32726","targetHints":{"allow":["GET"]}}],"collection":[{"href":"https:\/\/nordicmart.andreevmaster.com\/fi\/wp-json\/wp\/v2\/product"}],"about":[{"href":"https:\/\/nordicmart.andreevmaster.com\/fi\/wp-json\/wp\/v2\/types\/product"}],"replies":[{"embeddable":true,"href":"https:\/\/nordicmart.andreevmaster.com\/fi\/wp-json\/wp\/v2\/comments?post=32726"}],"wp:featuredmedia":[{"embeddable":true,"href":"https:\/\/nordicmart.andreevmaster.com\/fi\/wp-json\/wp\/v2\/media\/41698"}],"wp:attachment":[{"href":"https:\/\/nordicmart.andreevmaster.com\/fi\/wp-json\/wp\/v2\/media?parent=32726"}],"wp:term":[{"taxonomy":"product_brand","embeddable":true,"href":"https:\/\/nordicmart.andreevmaster.com\/fi\/wp-json\/wp\/v2\/product_brand?post=32726"},{"taxonomy":"product_cat","embeddable":true,"href":"https:\/\/nordicmart.andreevmaster.com\/fi\/wp-json\/wp\/v2\/product_cat?post=32726"},{"taxonomy":"product_tag","embeddable":true,"href":"https:\/\/nordicmart.andreevmaster.com\/fi\/wp-json\/wp\/v2\/product_tag?post=32726"}],"curies":[{"name":"wp","href":"https:\/\/api.w.org\/{rel}","templated":true}]}}