{"id":32720,"date":"2026-02-27T00:18:29","date_gmt":"2026-02-27T00:18:29","guid":{"rendered":"https:\/\/nordicmart.andreevmaster.com\/product\/vasagle-kapea-kenkahylly-tilaa-saastava-lattialla-seisova-hylly-7-tasoa\/"},"modified":"2026-02-27T09:39:58","modified_gmt":"2026-02-27T09:39:58","slug":"vasagle-kapea-kenkahylly-tilaa-saastava-lattialla-seisova-hylly-7-tasoa","status":"publish","type":"product","link":"https:\/\/nordicmart.andreevmaster.com\/fi\/tuote\/vasagle-kapea-kenkahylly-tilaa-saastava-lattialla-seisova-hylly-7-tasoa\/","title":{"rendered":"VASAGLE kapea kenk\u00e4hylly, tilaa s\u00e4\u00e4st\u00e4v\u00e4 lattialla seisova hylly, 7 tasoa"},"content":{"rendered":"<p>Kapea kenk\u00e4hylly, tilaa s\u00e4\u00e4st\u00e4v\u00e4 lattialla seisova hylly, 7 tasoa, eteiseen, nurkkaan, kenkien s\u00e4ilytykseen, valkoinen<br \/>\n&#8211; V\u00e4ri: valkoinen<br \/>\n&#8211; Materiaali: lastulevy<br \/>\n&#8211; Koko: 30 x 26,4 x 110,4 cm (S x L x K)<br \/>\n&#8211; Paino: 7,7 kg<br \/>\n&#8211; Maks. staattinen kantavuus per hylly: 10 kg<br \/>\n&#8211; Maks. staattinen kantavuus koukkua kohti: 5 kg<\/p>\n","protected":false},"excerpt":{"rendered":"<p>Kapea kenk\u00e4hylly, tilaa s\u00e4\u00e4st\u00e4v\u00e4 lattialla seisova hylly, 7 tasoa, eteiseen, nurkkaan, kenkien s\u00e4ilytykseen, valkoinen<\/p>\n","protected":false},"featured_media":41692,"comment_status":"open","ping_status":"closed","template":"","meta":[],"product_brand":[],"product_cat":[32],"product_tag":[],"class_list":{"0":"post-32720","1":"product","2":"type-product","3":"status-publish","4":"has-post-thumbnail","6":"product_cat-uncategorized-fi","8":"first","9":"instock","10":"shipping-taxable","11":"purchasable","12":"product-type-simple"},"_links":{"self":[{"href":"https:\/\/nordicmart.andreevmaster.com\/fi\/wp-json\/wp\/v2\/product\/32720","targetHints":{"allow":["GET"]}}],"collection":[{"href":"https:\/\/nordicmart.andreevmaster.com\/fi\/wp-json\/wp\/v2\/product"}],"about":[{"href":"https:\/\/nordicmart.andreevmaster.com\/fi\/wp-json\/wp\/v2\/types\/product"}],"replies":[{"embeddable":true,"href":"https:\/\/nordicmart.andreevmaster.com\/fi\/wp-json\/wp\/v2\/comments?post=32720"}],"wp:featuredmedia":[{"embeddable":true,"href":"https:\/\/nordicmart.andreevmaster.com\/fi\/wp-json\/wp\/v2\/media\/41692"}],"wp:attachment":[{"href":"https:\/\/nordicmart.andreevmaster.com\/fi\/wp-json\/wp\/v2\/media?parent=32720"}],"wp:term":[{"taxonomy":"product_brand","embeddable":true,"href":"https:\/\/nordicmart.andreevmaster.com\/fi\/wp-json\/wp\/v2\/product_brand?post=32720"},{"taxonomy":"product_cat","embeddable":true,"href":"https:\/\/nordicmart.andreevmaster.com\/fi\/wp-json\/wp\/v2\/product_cat?post=32720"},{"taxonomy":"product_tag","embeddable":true,"href":"https:\/\/nordicmart.andreevmaster.com\/fi\/wp-json\/wp\/v2\/product_tag?post=32720"}],"curies":[{"name":"wp","href":"https:\/\/api.w.org\/{rel}","templated":true}]}}